{"id":20533,"date":"2025-01-07T09:10:34","date_gmt":"2025-01-07T08:10:34","guid":{"rendered":"https:\/\/fimacf.com\/chi-siamo\/"},"modified":"2025-02-04T14:59:35","modified_gmt":"2025-02-04T13:59:35","slug":"ueber-uns","status":"publish","type":"page","link":"https:\/\/fimacf.com\/de\/ueber-uns\/","title":{"rendered":"About"},"content":{"rendered":"\n<div class=\"wp-block-themepunch-revslider revslider\" data-modal=\"false\" data-slidertitle=\"Video Vimeo ABOUT\">\n\t\t\t\t<p class=\"rs-p-wp-fix\"><\/p>\n\t\t\t\t<sr7-module data-alias=\"video-vimeo-pagina-xxxxx-1\" data-id=\"5\" id=\"SR7_5_1\" class=\"rs-ov-hidden\" data-version=\"6.7.52\">\n\t\t\t\t\t<sr7-adjuster><\/sr7-adjuster>\n\t\t\t\t\t<sr7-content>\n\t\t\t\t\t\t<sr7-slide id=\"SR7_5_1-15\" data-key=\"15\">\n\t\t\t\t\t\t<\/sr7-slide>\n\t\t\t\t\t\t<sr7-slide id=\"SR7_5_1-16\" data-key=\"16\">\n\t\t\t\t\t\t<\/sr7-slide>\n\t\t\t\t\t<\/sr7-content>\n\t\t\t\t<\/sr7-module>\n\t\t\t\t<script>\n\t\t\t\t\twindow.SR7 ??={};SR7.PMH ??={}; SR7.PMH[\"SR7_5_1\"] = {cn:100,state:false,fn: function() { if (window._tpt!==undefined && window._tpt.prepareModuleHeight !== undefined) {  _tpt.prepareModuleHeight({id:\"SR7_5_1\",el:[900,900,768,960,720],type:'standard',shdw:'0',gh:[900,900,743,565,349],gw:[1240,1240,1024,778,480],vpt:['-100px'],size:{fullWidth:true, fullHeight:false},mh:'0',onh:0,onw:0,bg:{color:'{\"orig\":\"transparent\",\"type\":\"solid\",\"string\":\"transparent\"}'}});   SR7.PMH[\"SR7_5_1\"].state=true;} else if(SR7.PMH[\"SR7_5_1\"].cn-->0)\tsetTimeout( SR7.PMH[\"SR7_5_1\"].fn,19);}};SR7.PMH[\"SR7_5_1\" ].fn();\n\t\t\t\t<\/script>\n<\/div>\n\n\n\n<div class=\"wp-block-group alignfull hp-box has-background has-global-padding is-layout-constrained wp-block-group-is-layout-constrained\" style=\"background-color:#eeecec;padding-top:var(--wp--preset--spacing--60);padding-bottom:var(--wp--preset--spacing--90)\">\n<div class=\"wp-block-group has-global-padding is-layout-constrained wp-container-core-group-is-layout-01bca0af wp-block-group-is-layout-constrained\">\n<p class=\"has-text-align-center has-text-color has-link-color has-large-font-size wp-elements-a98cb70af2cd1a861d25ee3f3b650893\" style=\"color:#4d4d4d\"><em>\u201c Unser Unternehmen ist ein Familienbetrieb.<br>Dies ist ein wichtiger Wert, der erhalten bleibt.<br>Heute f\u00fchren meine Kinder und meine Familie das Unternehmen.<br>Der Wasserhahn war unser Zielpunkt, durch den wir unser Image, die Marke, den Stil vermitteln konnten. Und obwohl wir zu den letzten geh\u00f6rten, die sich dieser Produktion widmeten, sind wir innerhalb von f\u00fcnfzehn Jahren gewachsen und haben uns so spezialisiert, dass wir heute zu den ersten Herstellern von Armaturen in Italien geh\u00f6ren.\u201d<br><\/em><br>Carlo Frattini, Gr\u00fcnder von FIMA Carlo Frattini spa<\/p>\n<\/div>\n<\/div>\n\n\n\n<div style=\"height:100px\" aria-hidden=\"true\" class=\"wp-block-spacer\"><\/div>\n\n\n<section class=\"landing-blocco-4\">\n            <div class=\"landing-gallery\">\n            <div class=\"swiper dark\">\n                <div class=\"swiper-wrapper\">\n                    \n                            <div class=\"swiper-slide\">\n                                <div class=\"image\">\n                                    <img loading=\"lazy\" decoding=\"async\" width=\"2048\" height=\"1365\" src=\"https:\/\/fimacf.com\/wp-content\/uploads\/2025\/01\/SFN_6958.jpg\" class=\"attachment-full size-full\" alt=\"\" \/>                                <\/div>\n                            <\/div>\n                                            <\/div>\n                <div class=\"swiper-pagination\"><\/div>\n                <div class=\"swiper-button-next\"><i class=\"icon-arrow\"><\/i><\/div>\n                <div class=\"swiper-button-prev\"><i class=\"icon-arrow\"><\/i><\/div>\n            <\/div>\n        <\/div>\n    <\/section>\n\n\n<div class=\"wp-block-group has-global-padding is-layout-constrained wp-container-core-group-is-layout-0bce5b99 wp-block-group-is-layout-constrained\" style=\"padding-top:var(--wp--preset--spacing--30);padding-bottom:var(--wp--preset--spacing--60)\">\n<p class=\"has-text-align-center has-text-color has-link-color has-large-font-size wp-elements-6e2443b8a6f39ca38c3e21ce8f912fe7\" style=\"color:#4d4d4d;letter-spacing:0em\">Die Geschichte von FIMA Carlo Frattini ist eine Geschichte der Familie, der Leidenschaft und der Werte, die von Generation zu Generation weitergegeben werden.<br><br><strong>Sorgfalt, Eleganz, Innovation<\/strong>: Diese Prinzipien definierten nicht nur die Arbeit unseres Gr\u00fcnders, sondern bildeten auch die Grundlage f\u00fcr den Aufbau einer soliden und dauerhaften Unternehmenskultur, die als wertvolles Erbe an nachfolgende Generationen weitergegeben wurde.<br><\/p>\n\n\n\n<p class=\"has-text-align-center has-text-color has-link-color has-large-font-size wp-elements-e7fb38bbf946c2bc979304621fe76670\" style=\"color:#4d4d4d;letter-spacing:0em\">Heute w\u00e4chst und entwickelt sich unser Unternehmen weiter.<br>Jedes Produkt, das wir herstellen, ist eine Hommage an die Vision von Carlo<br>und ein Beweis f\u00fcr unser Engagement, seine Werte in die Zukunft zu tragen.<\/p>\n<\/div>\n\n\n\n<div class=\"wp-block-group alignfull hp-box has-background has-global-padding is-layout-constrained wp-block-group-is-layout-constrained\" style=\"background-color:#eeecec;padding-top:var(--wp--preset--spacing--60);padding-bottom:var(--wp--preset--spacing--60)\">\n<h2 class=\"wp-block-heading has-text-align-center has-text-color has-link-color wp-elements-8112f5dc63cafb72ec1aaf33a501da3b\" style=\"color:#4d4d4d;padding-top:var(--wp--preset--spacing--120);padding-bottom:var(--wp--preset--spacing--120);font-style:normal;font-weight:300\"><strong>Eleganz<\/strong> in Details<\/h2>\n<\/div>\n\n\n\n<div style=\"height:100px\" aria-hidden=\"true\" class=\"wp-block-spacer\"><\/div>\n\n\n<section class=\"landing-blocco-4\">\n            <div class=\"landing-gallery\">\n            <div class=\"swiper dark\">\n                <div class=\"swiper-wrapper\">\n                    \n                            <div class=\"swiper-slide\">\n                                <div class=\"image\">\n                                    <img loading=\"lazy\" decoding=\"async\" width=\"1920\" height=\"1263\" src=\"https:\/\/fimacf.com\/wp-content\/uploads\/2025\/01\/Fima_Carlo_Frattini_About_Dettaglio_Detail_Cura_Care.webp\" class=\"attachment-full size-full\" alt=\"\" \/>                                <\/div>\n                            <\/div>\n                                            <\/div>\n                <div class=\"swiper-pagination\"><\/div>\n                <div class=\"swiper-button-next\"><i class=\"icon-arrow\"><\/i><\/div>\n                <div class=\"swiper-button-prev\"><i class=\"icon-arrow\"><\/i><\/div>\n            <\/div>\n        <\/div>\n    <\/section>\n\n\n<div class=\"wp-block-group has-global-padding is-layout-constrained wp-block-group-is-layout-constrained\">\n<h2 class=\"wp-block-heading is-style-border-side-top has-text-color has-link-color has-h-1-font-size wp-elements-c1d6f3daeddcc6d8b618b2b4ef3f2f74\" style=\"color:#4d4d4d;margin-bottom:var(--wp--preset--spacing--60);font-style:normal;font-weight:300;text-transform:uppercase\">WIR LEGEN WERT<br>AUF JEDES DETAIL<\/h2>\n\n\n\n<div class=\"wp-block-group column-overlap has-global-padding is-layout-constrained wp-container-core-group-is-layout-2dfb090f wp-block-group-is-layout-constrained\" style=\"padding-top:0;padding-bottom:0\">\n<div class=\"wp-block-columns is-layout-flex wp-container-core-columns-is-layout-8eb77903 wp-block-columns-is-layout-flex\" style=\"margin-top:0;margin-bottom:0\">\n<div class=\"wp-block-column is-vertically-aligned-bottom is-layout-flow wp-block-column-is-layout-flow\">\n<div class=\"wp-block-group has-background has-global-padding is-layout-constrained wp-container-core-group-is-layout-f4089bf8 wp-block-group-is-layout-constrained\" style=\"background-color:#eeecec;padding-top:174px;padding-right:18px;padding-bottom:28px;padding-left:18px\">\n<p class=\"has-text-color has-link-color has-h-3-font-size wp-elements-ef9962d73384c74c9a8ad1e6ec856cfc\" style=\"color:#4d4d4d;font-style:normal;font-weight:400;line-height:1.26\">Aufmerksamkeit, Zuh\u00f6ren, Schutz<\/p>\n<\/div>\n<\/div>\n\n\n\n<div class=\"wp-block-column is-layout-flow wp-block-column-is-layout-flow\" style=\"padding-bottom:170px\">\n<p class=\"has-text-color has-link-color has-large-font-size wp-elements-a3627485c671156c2315c833ab44490d\" style=\"color:#4d4d4d\">der Begriff der Sorgfalt hat f\u00fcr uns unterschiedliche Bedeutungen.<br><br>Sie bedeutet Aufmerksamkeit auf Details, denn sie erm\u00f6glichen es uns, qualitative Spitzenleistungen zu erzielen.<br>Sie bedeutet, dem Kunden zuzuh\u00f6ren, um seine Bed\u00fcrfnisse zu verstehen und sie mit Produkten zu erf\u00fcllen, die sein Erlebnis verbessern, und mit Dienstleistungen, die ihm den Einkauf erleichtern.<br><br>Sie bedeutet Schutz von Land und Umwelt durch den Einsatz sinnvoller und nachhaltiger Praktiken.<\/p>\n<\/div>\n<\/div>\n\n\n\n<div style=\"height:40px\" aria-hidden=\"true\" class=\"wp-block-spacer\"><\/div>\n<\/div>\n<\/div>\n\n\n<section class=\"landing-blocco-4\">\n            <div class=\"landing-gallery\">\n            <div class=\"swiper dark\">\n                <div class=\"swiper-wrapper\">\n                    \n                            <div class=\"swiper-slide\">\n                                <div class=\"image\">\n                                    <img loading=\"lazy\" decoding=\"async\" width=\"1920\" height=\"1263\" src=\"https:\/\/fimacf.com\/wp-content\/uploads\/2025\/01\/Fima_Carlo_Frattini_About_Dettaglio_Slide_.webp\" class=\"attachment-full size-full\" alt=\"\" \/>                                <\/div>\n                            <\/div>\n                                            <\/div>\n                <div class=\"swiper-pagination\"><\/div>\n                <div class=\"swiper-button-next\"><i class=\"icon-arrow\"><\/i><\/div>\n                <div class=\"swiper-button-prev\"><i class=\"icon-arrow\"><\/i><\/div>\n            <\/div>\n        <\/div>\n    <\/section>\n\n\n<div class=\"wp-block-group has-global-padding is-layout-constrained wp-block-group-is-layout-constrained\">\n<h2 class=\"wp-block-heading is-style-border-side-top has-text-color has-link-color has-h-1-font-size wp-elements-962f1d5d868ed1fbca81403483bf06f3\" style=\"color:#4d4d4d;margin-bottom:var(--wp--preset--spacing--60);font-style:normal;font-weight:300;text-transform:uppercase\">WIR PREISEN DIE SCH\u00d6NHEIT DER SCHLICHTHEIT<\/h2>\n\n\n\n<div class=\"wp-block-group column-overlap has-global-padding is-layout-constrained wp-container-core-group-is-layout-2dfb090f wp-block-group-is-layout-constrained\" style=\"padding-top:0;padding-bottom:0\">\n<div class=\"wp-block-columns is-layout-flex wp-container-core-columns-is-layout-8eb77903 wp-block-columns-is-layout-flex\" style=\"margin-top:0;margin-bottom:0\">\n<div class=\"wp-block-column is-layout-flow wp-block-column-is-layout-flow\" style=\"padding-bottom:170px\">\n<p class=\"has-text-color has-link-color has-large-font-size wp-elements-b3c4f60ee547872a6d2fc9ef26b1222a\" style=\"color:#4d4d4d\"><strong>Eleganz<\/strong> ist f\u00fcr uns keine Frage der \u00c4sthetik, sondern eine Philosophie. Sie durchdringt jeden Aspekt des Prozesses der Gestaltung und Produktion von Waren und der Interaktion mit den Kunden und schafft ein Gesamterlebnis, das von Raffinesse und Respekt gepr\u00e4gt ist.<br><br>Eleganz ist f\u00fcr uns kein einzelnes Detail, sondern die Suche nach Schlichtheit, verstanden als geometrische Ausgewogenheit, formale Klarheit und Leichtigkeit.<br><br>Es ist eine diskrete und keinesfalls aufdringliche \u00c4sthetik, die durch eine geschickte Mischung aus Materialien, Texturen, Farben und Texturen zum Ausdruck kommt.<\/p>\n<\/div>\n\n\n\n<div class=\"wp-block-column is-vertically-aligned-bottom is-layout-flow wp-block-column-is-layout-flow\">\n<div class=\"wp-block-group has-background has-global-padding is-layout-constrained wp-container-core-group-is-layout-d14d1360 wp-block-group-is-layout-constrained\" style=\"background-color:#eeecec;padding-top:174px;padding-right:35px;padding-bottom:28px;padding-left:35px\">\n<p class=\"has-text-color has-link-color has-h-3-font-size wp-elements-1b506424dea22e8b3dbe566255b39a7e\" style=\"color:#4d4d4d;font-style:normal;font-weight:400;line-height:1.26\">Eleganz ist<br>keine Frage der \u00c4sthetik,<br>sondern eine Philosophie<\/p>\n<\/div>\n<\/div>\n<\/div>\n\n\n\n<div style=\"height:40px\" aria-hidden=\"true\" class=\"wp-block-spacer\"><\/div>\n<\/div>\n<\/div>\n\n\n\n<div style=\"height:35px\" aria-hidden=\"true\" class=\"wp-block-spacer\"><\/div>\n\n\n\n<div class=\"wp-block-group container has-global-padding is-layout-constrained wp-container-core-group-is-layout-19e250f3 wp-block-group-is-layout-constrained\" style=\"min-height:600px\">\n<div class=\"wp-block-themepunch-revslider revslider\" data-modal=\"false\" data-slidertitle=\"Video Vimeo - ABOUT_PVD\">\n\t\t\t\t<p class=\"rs-p-wp-fix\"><\/p>\n\t\t\t\t<sr7-module data-alias=\"video-vimeo-interno-1\" data-id=\"7\" id=\"SR7_7_2\" class=\"rs-ov-hidden\" data-version=\"6.7.52\">\n\t\t\t\t\t<sr7-adjuster><\/sr7-adjuster>\n\t\t\t\t\t<sr7-content>\n\t\t\t\t\t\t<sr7-slide id=\"SR7_7_2-19\" data-key=\"19\">\n\t\t\t\t\t\t<\/sr7-slide>\n\t\t\t\t\t\t<sr7-slide id=\"SR7_7_2-20\" data-key=\"20\">\n\t\t\t\t\t\t<\/sr7-slide>\n\t\t\t\t\t<\/sr7-content>\n\t\t\t\t<\/sr7-module>\n\t\t\t\t<script>\n\t\t\t\t\twindow.SR7 ??={};SR7.PMH ??={}; SR7.PMH[\"SR7_7_2\"] = {cn:100,state:false,fn: function() { if (window._tpt!==undefined && window._tpt.prepareModuleHeight !== undefined) {  _tpt.prepareModuleHeight({id:\"SR7_7_2\",el:[1080,1080,768,960,720],type:'standard',shdw:'0',gh:[1080,1080,576,438,270],gw:[1920,1920,1024,778,480],vpt:['-100px'],size:{fullWidth:false, fullHeight:false},mh:'0',onh:0,onw:0,bg:{color:'{\"orig\":\"transparent\",\"type\":\"solid\",\"string\":\"transparent\"}'}});   SR7.PMH[\"SR7_7_2\"].state=true;} else if(SR7.PMH[\"SR7_7_2\"].cn-->0)\tsetTimeout( SR7.PMH[\"SR7_7_2\"].fn,19);}};SR7.PMH[\"SR7_7_2\" ].fn();\n\t\t\t\t<\/script>\n<\/div>\n<\/div>\n\n\n\n<div style=\"height:35px\" aria-hidden=\"true\" class=\"wp-block-spacer\"><\/div>\n\n\n\n<div class=\"wp-block-group has-global-padding is-layout-constrained wp-block-group-is-layout-constrained\">\n<div class=\"wp-block-group has-global-padding is-content-justification-right is-layout-constrained wp-container-core-group-is-layout-d1c53aae wp-block-group-is-layout-constrained\">\n<h2 class=\"wp-block-heading is-style-border-side-top has-text-color has-link-color has-h-1-font-size wp-elements-654a3f115bd707419b22802945ecab39\" style=\"color:#4d4d4d;margin-bottom:var(--wp--preset--spacing--60);font-style:normal;font-weight:300;text-transform:uppercase\">WIR STREBEN DANACH, DIE ERWARTUNGEN ZU \u00dcBERTREFFEN<\/h2>\n<\/div>\n\n\n\n<div class=\"wp-block-group column-overlap has-global-padding is-layout-constrained wp-container-core-group-is-layout-2dfb090f wp-block-group-is-layout-constrained\" style=\"padding-top:0;padding-bottom:0\">\n<div class=\"wp-block-columns is-layout-flex wp-container-core-columns-is-layout-8eb77903 wp-block-columns-is-layout-flex\" style=\"margin-top:0;margin-bottom:0\">\n<div class=\"wp-block-column is-vertically-aligned-bottom is-layout-flow wp-block-column-is-layout-flow\">\n<div class=\"wp-block-group has-background has-global-padding is-layout-constrained wp-container-core-group-is-layout-f4089bf8 wp-block-group-is-layout-constrained\" style=\"background-color:#eeecec;padding-top:174px;padding-right:18px;padding-bottom:28px;padding-left:18px\">\n<p class=\"has-text-color has-link-color has-h-3-font-size wp-elements-4c71aea11b78ce30416f06571bfacad7\" style=\"color:#4d4d4d;font-style:normal;font-weight:400;line-height:1.26\">Bestrebungen<br>und W\u00fcnsche in L\u00f6sungen umsetzen<\/p>\n<\/div>\n<\/div>\n\n\n\n<div class=\"wp-block-column is-layout-flow wp-block-column-is-layout-flow\" style=\"padding-bottom:170px\">\n<p class=\"has-text-color has-link-color has-large-font-size wp-elements-7909a7fce1e323a98abcd4b6160423b5\" style=\"color:#4d4d4d\"><strong>Innovation<\/strong> bedeutet, Bestrebungen und W\u00fcnsche in L\u00f6sungen umzusetzen, die darauf abzielen, das t\u00e4gliche Erlebnis unserer Kunden zu verbessern. Jedes Produkt ist das Ergebnis einer sorgf\u00e4ltigen Studie der Gesten, der Kenntnis von Technologien und Materialien mit dem Ziel, L\u00f6sungen zu schaffen, die langlebig und elegant sind und die Umwelt sch\u00fctzen und respektieren.<\/p>\n<\/div>\n<\/div>\n\n\n\n<div style=\"height:40px\" aria-hidden=\"true\" class=\"wp-block-spacer\"><\/div>\n<\/div>\n<\/div>\n\n\n<section class=\"landing-blocco-4\">\n            <div class=\"landing-gallery\">\n            <div class=\"swiper dark\">\n                <div class=\"swiper-wrapper\">\n                    \n                            <div class=\"swiper-slide\">\n                                <div class=\"image\">\n                                    <img loading=\"lazy\" decoding=\"async\" width=\"1920\" height=\"1263\" src=\"https:\/\/fimacf.com\/wp-content\/uploads\/2025\/01\/Fima_Carlo_Frattini_About_Salone_2024.webp\" class=\"attachment-full size-full\" alt=\"\" \/>                                <\/div>\n                            <\/div>\n                                            <\/div>\n                <div class=\"swiper-pagination\"><\/div>\n                <div class=\"swiper-button-next\"><i class=\"icon-arrow\"><\/i><\/div>\n                <div class=\"swiper-button-prev\"><i class=\"icon-arrow\"><\/i><\/div>\n            <\/div>\n        <\/div>\n    <\/section>\n\n\n<div style=\"height:240px\" aria-hidden=\"true\" class=\"wp-block-spacer\"><\/div>\n","protected":false},"excerpt":{"rendered":"<p>\u201c Unser Unternehmen ist ein Familienbetrieb.Dies ist ein wichtiger Wert, der erhalten bleibt.Heute f\u00fchren meine Kinder und meine Familie das&#8230;<\/p>\n","protected":false},"author":2,"featured_media":0,"parent":0,"menu_order":0,"comment_status":"closed","ping_status":"closed","template":"","meta":{"_acf_changed":true,"inline_featured_image":false,"_lmt_disableupdate":"no","_lmt_disable":"","footnotes":""},"class_list":["post-20533","page","type-page","status-publish","hentry"],"acf":[],"yoast_head":"<!-- This site is optimized with the Yoast SEO plugin v27.3 - https:\/\/yoast.com\/product\/yoast-seo-wordpress\/ -->\n<title>About - Fima - Carlo Frattini - Taps and Accessories made in Italy<\/title>\n<meta name=\"description\" content=\"About - Fima - Carlo Frattini - Taps and Accessories made in Italy\" \/>\n<meta name=\"robots\" content=\"index, follow, max-snippet:-1, max-image-preview:large, max-video-preview:-1\" \/>\n<link rel=\"canonical\" href=\"https:\/\/fimacf.com\/de\/ueber-uns\/\" \/>\n<meta property=\"og:locale\" content=\"de_DE\" \/>\n<meta property=\"og:type\" content=\"article\" \/>\n<meta property=\"og:title\" content=\"About - Fima - Carlo Frattini - Taps and Accessories made in Italy\" \/>\n<meta property=\"og:description\" content=\"About - Fima - Carlo Frattini - Taps and Accessories made in Italy\" \/>\n<meta property=\"og:url\" content=\"https:\/\/fimacf.com\/de\/ueber-uns\/\" \/>\n<meta property=\"og:site_name\" content=\"Fima - Carlo Frattini - Taps and Accessories made in Italy\" \/>\n<meta property=\"article:publisher\" content=\"https:\/\/www.facebook.com\/fimacarlofrattini\/\" \/>\n<meta property=\"article:modified_time\" content=\"2025-02-04T13:59:35+00:00\" \/>\n<script type=\"application\/ld+json\" class=\"yoast-schema-graph\">{\"@context\":\"https:\\\/\\\/schema.org\",\"@graph\":[{\"@type\":\"WebPage\",\"@id\":\"https:\\\/\\\/fimacf.com\\\/de\\\/ueber-uns\\\/\",\"url\":\"https:\\\/\\\/fimacf.com\\\/de\\\/ueber-uns\\\/\",\"name\":\"About - Fima - Carlo Frattini - Taps and Accessories made in Italy\",\"isPartOf\":{\"@id\":\"https:\\\/\\\/fimacf.com\\\/de\\\/#website\"},\"datePublished\":\"2025-01-07T08:10:34+00:00\",\"dateModified\":\"2025-02-04T13:59:35+00:00\",\"description\":\"About - Fima - Carlo Frattini - Taps and Accessories made in Italy\",\"breadcrumb\":{\"@id\":\"https:\\\/\\\/fimacf.com\\\/de\\\/ueber-uns\\\/#breadcrumb\"},\"inLanguage\":\"de\",\"potentialAction\":[{\"@type\":\"ReadAction\",\"target\":[\"https:\\\/\\\/fimacf.com\\\/de\\\/ueber-uns\\\/\"]}]},{\"@type\":\"BreadcrumbList\",\"@id\":\"https:\\\/\\\/fimacf.com\\\/de\\\/ueber-uns\\\/#breadcrumb\",\"itemListElement\":[{\"@type\":\"ListItem\",\"position\":1,\"name\":\"Home\",\"item\":\"https:\\\/\\\/fimacf.com\\\/de\\\/\"},{\"@type\":\"ListItem\",\"position\":2,\"name\":\"About\"}]},{\"@type\":\"WebSite\",\"@id\":\"https:\\\/\\\/fimacf.com\\\/de\\\/#website\",\"url\":\"https:\\\/\\\/fimacf.com\\\/de\\\/\",\"name\":\"Fima - Carlo Frattini - Taps and Accessories made in Italy\",\"description\":\"\",\"publisher\":{\"@id\":\"https:\\\/\\\/fimacf.com\\\/de\\\/#organization\"},\"potentialAction\":[{\"@type\":\"SearchAction\",\"target\":{\"@type\":\"EntryPoint\",\"urlTemplate\":\"https:\\\/\\\/fimacf.com\\\/de\\\/?s={search_term_string}\"},\"query-input\":{\"@type\":\"PropertyValueSpecification\",\"valueRequired\":true,\"valueName\":\"search_term_string\"}}],\"inLanguage\":\"de\"},{\"@type\":\"Organization\",\"@id\":\"https:\\\/\\\/fimacf.com\\\/de\\\/#organization\",\"name\":\"FIMA CARLO FRATTINI S.P.A.\",\"url\":\"https:\\\/\\\/fimacf.com\\\/de\\\/\",\"logo\":{\"@type\":\"ImageObject\",\"inLanguage\":\"de\",\"@id\":\"https:\\\/\\\/fimacf.com\\\/de\\\/#\\\/schema\\\/logo\\\/image\\\/\",\"url\":\"https:\\\/\\\/fimacf.com\\\/wp-content\\\/uploads\\\/2024\\\/12\\\/fimacf-yost.png\",\"contentUrl\":\"https:\\\/\\\/fimacf.com\\\/wp-content\\\/uploads\\\/2024\\\/12\\\/fimacf-yost.png\",\"width\":696,\"height\":696,\"caption\":\"FIMA CARLO FRATTINI S.P.A.\"},\"image\":{\"@id\":\"https:\\\/\\\/fimacf.com\\\/de\\\/#\\\/schema\\\/logo\\\/image\\\/\"},\"sameAs\":[\"https:\\\/\\\/www.facebook.com\\\/fimacarlofrattini\\\/\"]}]}<\/script>\n<!-- \/ Yoast SEO plugin. -->","yoast_head_json":{"title":"About - Fima - Carlo Frattini - Taps and Accessories made in Italy","description":"About - Fima - Carlo Frattini - Taps and Accessories made in Italy","robots":{"index":"index","follow":"follow","max-snippet":"max-snippet:-1","max-image-preview":"max-image-preview:large","max-video-preview":"max-video-preview:-1"},"canonical":"https:\/\/fimacf.com\/de\/ueber-uns\/","og_locale":"de_DE","og_type":"article","og_title":"About - Fima - Carlo Frattini - Taps and Accessories made in Italy","og_description":"About - Fima - Carlo Frattini - Taps and Accessories made in Italy","og_url":"https:\/\/fimacf.com\/de\/ueber-uns\/","og_site_name":"Fima - Carlo Frattini - Taps and Accessories made in Italy","article_publisher":"https:\/\/www.facebook.com\/fimacarlofrattini\/","article_modified_time":"2025-02-04T13:59:35+00:00","schema":{"@context":"https:\/\/schema.org","@graph":[{"@type":"WebPage","@id":"https:\/\/fimacf.com\/de\/ueber-uns\/","url":"https:\/\/fimacf.com\/de\/ueber-uns\/","name":"About - Fima - Carlo Frattini - Taps and Accessories made in Italy","isPartOf":{"@id":"https:\/\/fimacf.com\/de\/#website"},"datePublished":"2025-01-07T08:10:34+00:00","dateModified":"2025-02-04T13:59:35+00:00","description":"About - Fima - Carlo Frattini - Taps and Accessories made in Italy","breadcrumb":{"@id":"https:\/\/fimacf.com\/de\/ueber-uns\/#breadcrumb"},"inLanguage":"de","potentialAction":[{"@type":"ReadAction","target":["https:\/\/fimacf.com\/de\/ueber-uns\/"]}]},{"@type":"BreadcrumbList","@id":"https:\/\/fimacf.com\/de\/ueber-uns\/#breadcrumb","itemListElement":[{"@type":"ListItem","position":1,"name":"Home","item":"https:\/\/fimacf.com\/de\/"},{"@type":"ListItem","position":2,"name":"About"}]},{"@type":"WebSite","@id":"https:\/\/fimacf.com\/de\/#website","url":"https:\/\/fimacf.com\/de\/","name":"Fima - Carlo Frattini - Taps and Accessories made in Italy","description":"","publisher":{"@id":"https:\/\/fimacf.com\/de\/#organization"},"potentialAction":[{"@type":"SearchAction","target":{"@type":"EntryPoint","urlTemplate":"https:\/\/fimacf.com\/de\/?s={search_term_string}"},"query-input":{"@type":"PropertyValueSpecification","valueRequired":true,"valueName":"search_term_string"}}],"inLanguage":"de"},{"@type":"Organization","@id":"https:\/\/fimacf.com\/de\/#organization","name":"FIMA CARLO FRATTINI S.P.A.","url":"https:\/\/fimacf.com\/de\/","logo":{"@type":"ImageObject","inLanguage":"de","@id":"https:\/\/fimacf.com\/de\/#\/schema\/logo\/image\/","url":"https:\/\/fimacf.com\/wp-content\/uploads\/2024\/12\/fimacf-yost.png","contentUrl":"https:\/\/fimacf.com\/wp-content\/uploads\/2024\/12\/fimacf-yost.png","width":696,"height":696,"caption":"FIMA CARLO FRATTINI S.P.A."},"image":{"@id":"https:\/\/fimacf.com\/de\/#\/schema\/logo\/image\/"},"sameAs":["https:\/\/www.facebook.com\/fimacarlofrattini\/"]}]}},"_links":{"self":[{"href":"https:\/\/fimacf.com\/de\/wp-json\/wp\/v2\/pages\/20533","targetHints":{"allow":["GET"]}}],"collection":[{"href":"https:\/\/fimacf.com\/de\/wp-json\/wp\/v2\/pages"}],"about":[{"href":"https:\/\/fimacf.com\/de\/wp-json\/wp\/v2\/types\/page"}],"author":[{"embeddable":true,"href":"https:\/\/fimacf.com\/de\/wp-json\/wp\/v2\/users\/2"}],"replies":[{"embeddable":true,"href":"https:\/\/fimacf.com\/de\/wp-json\/wp\/v2\/comments?post=20533"}],"version-history":[{"count":0,"href":"https:\/\/fimacf.com\/de\/wp-json\/wp\/v2\/pages\/20533\/revisions"}],"wp:attachment":[{"href":"https:\/\/fimacf.com\/de\/wp-json\/wp\/v2\/media?parent=20533"}],"curies":[{"name":"wp","href":"https:\/\/api.w.org\/{rel}","templated":true}]}}