{"id":22614,"date":"2024-10-31T00:50:22","date_gmt":"2024-10-30T23:50:22","guid":{"rendered":"https:\/\/fimacf.com\/condizioni-generali-di-vendita\/"},"modified":"2025-02-24T16:23:27","modified_gmt":"2025-02-24T15:23:27","slug":"condizioni-generali-di-vendita","status":"publish","type":"page","link":"https:\/\/fimacf.com\/de\/condizioni-generali-di-vendita\/","title":{"rendered":"Verkaufsbedingungen"},"content":{"rendered":"\n<div style=\"height:100px\" aria-hidden=\"true\" class=\"wp-block-spacer\"><\/div>\n\n\n\n<h2 class=\"wp-block-heading\">VERKAUFSBEDINGUNGEN<\/h2>\n\n\n\n<div style=\"height:45px\" aria-hidden=\"true\" class=\"wp-block-spacer\"><\/div>\n\n\n\n<p>Diese Preisliste storniert und ersetzt fru\u0308here Versionen. Mit der \u00dcbermittlung der Bestellung akzeptiert der Kunde die nachstehend aufgefu\u0308hrten Bedingungen vollst\u00e4ndig und ihre Annahme bildet die Grundlage fu\u0308r Handelsverhandlungen. Verk\u00e4ufe gelten erst nach ausdru\u0308cklicher Zustimmung von Fima Carlo Frattini (im Folgenden auch \u201cVerk\u00e4ufer\u201d genannt) als abgeschlossen.<\/p>\n\n\n\n<p><strong>PREISE<\/strong><br>Die Preise in dieser Preisliste verstehen sich zuzu\u0308glich der gesetzlichen Mehrwertsteuer und sind in Euro angegeben. Diese Preisliste storniert und ersetzt alle fru\u0308heren Versionen mit Ausnahme von Fehlern oder Auslassungen. Fehler in dieser Preisliste k\u00f6nnen keinen Streitgrund darstellen. Mit dem Absenden der Bestellung akzeptiert der K\u00e4ufer diese Verkaufsbedingungen vollst\u00e4ndig. Das verkaufende Unternehmen beh\u00e4lt sich das Recht vor, die Preise, die allgemeinen Verkaufsbedingungen und die Produkte jederzeit nach eigenem Ermessen und ohne vorherige Anku\u0308ndigung zu \u00e4ndern. Unsere direkten und indirekten Angebote sind unverbindlich und der Verkauf nur nach ausdru\u0308cklicher Genehmigung.<\/p>\n\n\n\n<p><strong>PREISLISTEN UND PRODUKTE<\/strong><br>Alle Informationen und Preise in Katalogen, Preislisten und m\u00f6glichen Drucksachen dienen nur zur Information und stellen keine Verpflichtung zur treuen Ausfu\u0308hrung durch das verkaufende Unternehmen dar. FIMA Carlo Frattini beh\u00e4lt sich die einseitige M\u00f6glichkeit vor, ohne vorherige Anku\u0308ndigung die Eigenschaften der verkauften Produkte zu \u00e4ndern, ohne verpflichtet zu sein, die zuvor gelieferten Produkte oder w\u00e4hrend der Bestellung zu \u00e4ndern oder zu ersetzen. Die Bilder unserer Produkte, die in unseren Katalogen, Broschu\u0308ren oder anderen Werbemitteln enthalten sind, stellen lediglich eine indikative Darstellung der einzelnen Artikel dar und stellen keine Verpflichtung zur getreuen Verwirklichung derselben dar. Die genannten Details, Ma\u00dfe und Gewichte mu\u0308ssen als Richtwerte angesehen werden.<br><br><strong>AUFTR\u00c4GE<\/strong><br>Bestellungen unterliegen der Annahme durch FIMA Carlo Frattini und gelten stillschweigend als vorbehaltlich dieser Verkaufsbedingungen. Bestellungen oder \u00c4nderungen mu\u0308ssen vom Kunden immer schriftlich best\u00e4tigt werden, auch wenn dies per Sprache oder Telefon antizipiert worden sind. Eine einseitige Stornierung durch den K\u00e4ufer ist ohne vorherige schriftliche Zustimmung von FIMA Carlo Frattini, die sich das Recht vorbeh\u00e4lt, die vollst\u00e4ndige oder teilweise Stornierung laufender Bestellungen abzulehnen, niemals zul\u00e4ssig.<br><br><strong>VERSAND- UND LIEFERBEDINGUNGEN<\/strong><br>Die in der Bestellannahmephase angegebenen Lieferbedingungen sind fu\u0308r den Verk\u00e4ufer nicht zwingend und unverbindlich und k\u00f6nnen keinen Antrag auf Erstattung und \/ oder Schadensersatz durch den K\u00e4ufer darstellen. Die Nichteinhaltung der angegebenen Lieferbedingungen begru\u0308ndet kein Recht auf Aussetzung und \/ oderVerz\u00f6gerung der fu\u0308r die Zahlung vereinbarten Bedingungen. Sofern nicht anders angegeben, schriftlich best\u00e4tigt, erfolgt der Versand immer an die in der Bestellung angegebene Adresse. Unabh\u00e4ngig von den Vereinbarungen u\u0308ber die Versandarten gehen die Risiken und Gefahren ab dem Zeitpunkt der Lieferung der Ware an den ersten Spediteur auf den Kunden u\u0308ber, auch wenn die Sendung frachtfrei ausgefu\u0308hrt wird. Diese Bedingungen gelten auch im Falle einer Katastrophe oder h\u00f6herer Gewalt. Der Kunde ist verpflichtet, das Material nach Erhalt zu pru\u0308fen und den Spediteur unverzu\u0308glich per Einschreiben mit Ru\u0308ckschein zu benachrichtigen im Falle von Manipulationen oder Besch\u00e4digungen der Verpackung. Transportkosten werden, sofern nicht schriftlich anders vereinbart, stets vom K\u00e4ufer getragen.<br><br><strong>KUNDENIDENTIFIKATIONSDATEN<br><\/strong>Der Kunde ist fu\u0308r alle zum Zeitpunkt der Bestellung angegebenen Identifikationsdaten verantwortlich: Firmenname, Sitz, Steuernummer, Umsatzsteuer-Identifikationsnummer und alles andere, was diesbezu\u0308glich nach geltendem Recht ausdru\u0308cklich erforderlich ist. Die Daten des Kunden werden gem\u00e4\u00df dem Gesetzesdekret 196\/2003 zur Erfu\u0308llung gesetzlicher Verpflichtungen aufbewahrt und verarbeitet, und jede andere Verwendung muss vom Kunden ausdru\u0308cklich akzeptiert werden.<br><br><strong>ZAHLUNG UND AUFBEWAHRUNG DES TITELS<br><\/strong>Die auf der Rechnung angegebenen Zahlungsmethoden sind obligatorisch: Abweichungen, die zuvor nicht ausdru\u0308cklich best\u00e4tigt wurden, werden nicht akzeptiert.<br>Eine versp\u00e4tete Zahlung fu\u0308hrt zur Belastung der Bankzinsen ab dem Tag nach dem F\u00e4lligkeitsdatum der Forderung. Bei Nichteinhaltung der vereinbarten Bedingungen werden alle Bestellungen im Portfolio ohne vorherige Anku\u0308ndigung ausgesetzt und gelten unbeschadet des Schadensersatzes aufgrund eines Verschuldens des K\u00e4ufers als storniert. Zahlungen fu\u0308r bereits gelieferte Produkte unterliegen nicht dem Abschluss der Bestellung. Bei Streitigkeiten kann keine Zahlung zuru\u0308ckgestellt werden. Die an den K\u00e4ufer gelieferte Ware bleibt bis zur vollst\u00e4ndigen Bezahlung der vereinbarten Betr\u00e4ge immer Eigentum von FIMA Carlo Frattini.<\/p>\n\n\n\n<p><br><strong>REKLAMATIONEN UND GARANTIE<\/strong><br>Alle FIMA Carlo Frattini-Produktionsartikel unterliegen der Garantie unter den Bedingungen, die im spezifischen Dokument \u201cAllgemeine Garantiebedingungen\u201d angegeben sind. Sch\u00e4den, die durch unsachgem\u00e4\u00dfe Installation oder Missbrauch verursacht wurden, sind niemals durch die Garantie abgedeckt.<br>Warenru\u0308cksendungen werden nur mit Genehmigung angenommen. Im Falle eines festgestellten Mangels an den Produkten durch FIMA Carlo Frattini sieht die Garantie die blo\u00dfe Reparatur oder den Ersatz derselben ohne weiteren Ausgleich fu\u0308r direkte oder indirekte Sch\u00e4den vor, die durch die Verwendung der Produkte verursacht werden. Reklamationen mu\u0308ssen innerhalb von 8 Tagen nach dem Verkauf der Ware an den Endkunden durch schriftliche Mitteilung und in der in den Allgemeinen Garantiebedingungen angegebenen Weise eingereicht werden. Die Kosten fu\u0308r die Ru\u0308cksendung der Ware gehen immer zu Lasten des Kunden, sofern die Verkaufsleitung nichts anderes schriftlich vereinbart hat.<\/p>\n\n\n\n<p><br><strong>REKLAMATIONEN, R\u00dcCKSENDUNGEN UND GERICHTSSTAND<\/strong><br>Im Falle von Streitigkeiten ist das Gericht von Novara fu\u0308r die Entscheidung zust\u00e4ndig.<\/p>\n\n\n\n<div style=\"height:131px\" aria-hidden=\"true\" class=\"wp-block-spacer\"><\/div>\n\n\n\n<h2 class=\"wp-block-heading\">GARANTIEBEDINGUNGEN<\/h2>\n\n\n\n<div style=\"height:45px\" aria-hidden=\"true\" class=\"wp-block-spacer\"><\/div>\n\n\n\n<p>FIMA Carlo Frattini bietet dem Endverbraucher gem\u00e4\u00df den nachstehenden Bedingungen eine Garantie von 7 Jahren auf alle Produkte, die dem Endkunden unter der Marke FIMA Carlo Frattini geliefert werden.<br>FIMA Carlo Frattini garantiert, dass seine Produkte frei von Funktions-, Material-, Herstellungs- und Konstruktionsfehlern sind.<br>Jeder auftretende Mangel wird von FIMA Carlo Frattini auf eigene Kosten durch Reparatur oder Lieferung neuer Produkte nach eigenem Ermessen garantiert.<br>Die zum Zeitpunkt der Herstellung des Produkts geltenden technischen Normen werden als Referenz fu\u0308r die Bewertung der Fehlerhaftigkeit eines Produkts verwendet.<br>Nach dem Austausch geht das Eigentum an dem defekten Produkt an FIMA Carlo Frattini u\u0308ber.<br>FIMA Carlo Frattini gew\u00e4hrt seinen Produkten eine Garantie von sieben Jahren ab Kaufdatum des Produkts durch den Endkunden.<br>Die Garantiezeit wird weder verl\u00e4ngert noch beginnt sie infolge des Austauschs und \/ oder der Reparatur des Produkts oder von Teilen davon wieder zu laufen.<br>Reparatur- oder Austauschanfragen k\u00f6nnen nur durchgefu\u0308hrt werden, wenn das Produkt korrekt installiert, montiert und verwendet wurde.<br>Die Gebrauchsanweisung und Montageanleitungen in der Schachtel oder auf der Website fimacf.com muss immer beachtet werden, auch bei der Installation.<br>Dies gilt auch, wenn die Installation von einem spezialisierten Installateur ausgefu\u0308hrt wird.<br>Fu\u0308r die Anwendung dieser Garantie muss das Produkt ordnungsgem\u00e4\u00df gereinigt, gem\u00e4\u00df den Anweisungen fu\u0308r die Wartung gepflegt und gem\u00e4\u00df den<br>Gebrauchsanweisungen verwendet werden.<br>Die Produkte von FIMA Carlo Frattini werden vor und w\u00e4hrend des Verpackens einzeln einer strengen Sicht- und Funktionspru\u0308fung unterzogen. Daher gibt FIMA Carlo Frattini in den folgenden F\u00e4llen keine Garantie fu\u0308r die Gew\u00e4hrleistung des Produkts.<\/p>\n\n\n\n<p><strong>GARANTIEAUSSCHLUSSBEDINGUNGEN<br><\/strong>FIMA Carlo Frattini does not guarantee its products for any of the following:<\/p>\n\n\n\n<ul class=\"wp-block-list\">\n<li>\u00e4sthetische M\u00e4ngel wie Kratzer, Flecken, Dellen jeglicher Art, die vor der Installation des Produkts nicht mitgeteilt wurden;<\/li>\n\n\n\n<li>M\u00e4ngel, die durch Fahrl\u00e4ssigkeit und \/ oder Vorsatz des Endverbrauchers oder eines Dritten verursacht wurden;<\/li>\n\n\n\n<li>M\u00e4ngel aufgrund unzureichender Verwendung oder Behandlung des Produkts;<\/li>\n\n\n\n<li>M\u00e4ngel, die durch die Installation durch unqualifiziertes Personal verursacht wurden, nicht auf fachm\u00e4nnische Art und Weise und nicht gem\u00e4\u00df den dem Produkt beiliegenden Montageanweisungen;<\/li>\n\n\n\n<li>M\u00e4ngel, die durch unterlassene oder unzureichende Wartung entstehen;<\/li>\n\n\n\n<li>Defekte aufgrund aggressiver Umgebungsbedingungen und \/ oder \u00e4u\u00dferer Einwirkungen wie Kalkablagerungen oder Ver\u00e4nderungen durch Eis und \/ oder Kalkstein;<\/li>\n\n\n\n<li>M\u00e4ngel, die durch den Einsatz korrosiver und abrasiver Reinigungsmittel (z. B. Kalkschutzmittel, Waschmittelpulverprodukte, Schleifmittel und Bleichmittel) entstanden sind, und unterscheiden sich auf jeden Fall von den Angaben im Merkblatt (m\u00f6gliche Flecken oder Farbver\u00e4nderungen des Chroms oder anderer Oberfl\u00e4che ist sicherlich auf das zum Reinigen verwendete Produkt oder auf die zur Fleckenentfernung der Fliesen verwendeten S\u00e4uren zuru\u0308ckzufu\u0308hren.<\/li>\n\n\n\n<li>Defekte, die im normalen Verbrauch von gebrauchsf\u00e4higen Komponenten wie Umsteller, Ventile, Keramische Kartuschen, Thermostatkartuschen, Fexschl\u00e4uche, Dichtungen bestehen. In jedem Fall sind St\u00f6rungen jeglicher Art an Thermostatpatronen zwei Jahre nach der Installation des Produkts auf normalen Verschlei\u00df zuru\u0308ckzufu\u0308hren.<\/li>\n\n\n\n<li>M\u00e4ngel an einem Produkt, das ausgestellt ist \/ war;d one.<\/li>\n<\/ul>\n\n\n\n<p><br><strong>GARANTIE AKTIVIERUNG<br><\/strong>Um die Garantie zu aktivieren, mu\u0308ssen Sie sich direkt an den Lieferanten (Installateur, Gro\u00dfh\u00e4ndler, Einzelh\u00e4ndler) wenden, der die Vorgehensweise angeben kann.<br>Der Garantieaustausch kann nur eingereicht werden, wenn ein datiertes Dokument vorgelegt wird, das den Kauf des Produkts belegt.<br>Alle Ru\u0308cksendungen wegen:<\/p>\n\n\n\n<ul class=\"wp-block-list\">\n<li>fehlerhafte Produkte<\/li>\n\n\n\n<li>Bestell- oder Versandfehler<\/li>\n<\/ul>\n\n\n\n<p>Sie mu\u0308ssen zuvor von FIMA Carlo Frattini mit einem RMA-Formular (auf Anfrage) genehmigt werden.<br>Jede Ru\u0308cksendegenehmigung wird mit einer Referenznummer gekennzeichnet.<br>Alle zur Ru\u0308cksendung berechtigten Produkte mu\u0308ssen sp\u00e4testens 15 Tage nach dem Datum der Autorisierung auf Absenderkosten gesendet werden<br>Folgende F\u00e4lle werden nicht beru\u0308cksichtigt:<\/p>\n\n\n\n<ul class=\"wp-block-list\">\n<li>ohne RMA-Nummer zuru\u0308ckgeschickte Produkte;<\/li>\n\n\n\n<li>Ru\u0308cksendungen, deren RMA-Nummer unleserlich auf der Schachtel und auf dem Ru\u0308cksendeschein vermerkt ist;<\/li>\n\n\n\n<li>unzureichend verpackte Ru\u0308cksendungen, um Transportsch\u00e4den zu vermeiden;<\/li>\n\n\n\n<li>demontierte Produkte;<\/li>\n\n\n\n<li>verschmutzte Produkte;<\/li>\n\n\n\n<li>Thermostatprodukte ohne Filter.<\/li>\n<\/ul>\n\n\n\n<p>FIMA Carlo Frattini wird jeden Einzelfall pru\u0308fen und sch\u00e4tzen, ob die Bedingungen fu\u0308r die Inanspruchnahme dieser Garantie gegeben sind. Das Recht, die Reparatur oder den Austausch zu verweigern, ist jedoch m\u00f6glich, wenn ein Ausschlussgrund vorliegt.<\/p>\n\n\n\n<p>Wenn die auf dem RMA-Formular angegebenen M\u00e4ngel nicht gefunden werden, wird der Kunde informiert und die Produkte bleiben ihm ab dem Datum der Mitteilung 30 Tage lang verfu\u0308gbar. Am Ende der 30 Tage werden die Produkte verschrottet.<br>Die Versandkosten fu\u0308r die Ru\u0308cksendung des defekten Produkts werden dem Kunden in Rechnung gestellt.<br>Diese Garantie gilt nur fu\u0308r den Umfang, der vorstehend und nach Erfu\u0308llung der oben genannten Anforderungen ausdru\u0308cklich angegeben wurde.<\/p>\n\n\n\n<p><\/p>\n","protected":false},"excerpt":{"rendered":"<p>VERKAUFSBEDINGUNGEN Diese Preisliste storniert und ersetzt fru\u0308here Versionen. Mit der \u00dcbermittlung der Bestellung akzeptiert der Kunde die nachstehend aufgefu\u0308hrten Bedingungen&#8230;<\/p>\n","protected":false},"author":1,"featured_media":0,"parent":0,"menu_order":0,"comment_status":"closed","ping_status":"closed","template":"","meta":{"_acf_changed":false,"inline_featured_image":false,"_lmt_disableupdate":"","_lmt_disable":"","footnotes":""},"class_list":["post-22614","page","type-page","status-publish","hentry"],"acf":[],"yoast_head":"<!-- This site is optimized with the Yoast SEO plugin v27.6 - https:\/\/yoast.com\/product\/yoast-seo-wordpress\/ -->\n<title>Verkaufsbedingungen - Fima - Carlo Frattini - Taps and Accessories made in Italy<\/title>\n<meta name=\"description\" content=\"Verkaufsbedingungen - Fima - Carlo Frattini - Taps and Accessories made in Italy\" \/>\n<meta name=\"robots\" content=\"index, follow, max-snippet:-1, max-image-preview:large, max-video-preview:-1\" \/>\n<link rel=\"canonical\" href=\"https:\/\/fimacf.com\/de\/condizioni-generali-di-vendita\/\" \/>\n<meta property=\"og:locale\" content=\"de_DE\" \/>\n<meta property=\"og:type\" content=\"article\" \/>\n<meta property=\"og:title\" content=\"Verkaufsbedingungen - Fima - Carlo Frattini - Taps and Accessories made in Italy\" \/>\n<meta property=\"og:description\" content=\"Verkaufsbedingungen - Fima - Carlo Frattini - Taps and Accessories made in Italy\" \/>\n<meta property=\"og:url\" content=\"https:\/\/fimacf.com\/de\/condizioni-generali-di-vendita\/\" \/>\n<meta property=\"og:site_name\" content=\"Fima - Carlo Frattini - Taps and Accessories made in Italy\" \/>\n<meta property=\"article:publisher\" content=\"https:\/\/www.facebook.com\/fimacarlofrattini\/\" \/>\n<meta property=\"article:modified_time\" content=\"2025-02-24T15:23:27+00:00\" \/>\n<script type=\"application\/ld+json\" class=\"yoast-schema-graph\">{\"@context\":\"https:\\\/\\\/schema.org\",\"@graph\":[{\"@type\":\"WebPage\",\"@id\":\"https:\\\/\\\/fimacf.com\\\/de\\\/condizioni-generali-di-vendita\\\/\",\"url\":\"https:\\\/\\\/fimacf.com\\\/de\\\/condizioni-generali-di-vendita\\\/\",\"name\":\"Verkaufsbedingungen - Fima - Carlo Frattini - Taps and Accessories made in Italy\",\"isPartOf\":{\"@id\":\"https:\\\/\\\/fimacf.com\\\/de\\\/#website\"},\"datePublished\":\"2024-10-30T23:50:22+00:00\",\"dateModified\":\"2025-02-24T15:23:27+00:00\",\"description\":\"Verkaufsbedingungen - Fima - Carlo Frattini - Taps and Accessories made in Italy\",\"breadcrumb\":{\"@id\":\"https:\\\/\\\/fimacf.com\\\/de\\\/condizioni-generali-di-vendita\\\/#breadcrumb\"},\"inLanguage\":\"de\",\"potentialAction\":[{\"@type\":\"ReadAction\",\"target\":[\"https:\\\/\\\/fimacf.com\\\/de\\\/condizioni-generali-di-vendita\\\/\"]}]},{\"@type\":\"BreadcrumbList\",\"@id\":\"https:\\\/\\\/fimacf.com\\\/de\\\/condizioni-generali-di-vendita\\\/#breadcrumb\",\"itemListElement\":[{\"@type\":\"ListItem\",\"position\":1,\"name\":\"Home\",\"item\":\"https:\\\/\\\/fimacf.com\\\/de\\\/\"},{\"@type\":\"ListItem\",\"position\":2,\"name\":\"Verkaufsbedingungen\"}]},{\"@type\":\"WebSite\",\"@id\":\"https:\\\/\\\/fimacf.com\\\/de\\\/#website\",\"url\":\"https:\\\/\\\/fimacf.com\\\/de\\\/\",\"name\":\"Fima - Carlo Frattini - Taps and Accessories made in Italy\",\"description\":\"\",\"publisher\":{\"@id\":\"https:\\\/\\\/fimacf.com\\\/de\\\/#organization\"},\"potentialAction\":[{\"@type\":\"SearchAction\",\"target\":{\"@type\":\"EntryPoint\",\"urlTemplate\":\"https:\\\/\\\/fimacf.com\\\/de\\\/?s={search_term_string}\"},\"query-input\":{\"@type\":\"PropertyValueSpecification\",\"valueRequired\":true,\"valueName\":\"search_term_string\"}}],\"inLanguage\":\"de\"},{\"@type\":\"Organization\",\"@id\":\"https:\\\/\\\/fimacf.com\\\/de\\\/#organization\",\"name\":\"FIMA CARLO FRATTINI S.P.A.\",\"url\":\"https:\\\/\\\/fimacf.com\\\/de\\\/\",\"logo\":{\"@type\":\"ImageObject\",\"inLanguage\":\"de\",\"@id\":\"https:\\\/\\\/fimacf.com\\\/de\\\/#\\\/schema\\\/logo\\\/image\\\/\",\"url\":\"https:\\\/\\\/fimacf.com\\\/wp-content\\\/uploads\\\/2024\\\/12\\\/fimacf-yost.png\",\"contentUrl\":\"https:\\\/\\\/fimacf.com\\\/wp-content\\\/uploads\\\/2024\\\/12\\\/fimacf-yost.png\",\"width\":696,\"height\":696,\"caption\":\"FIMA CARLO FRATTINI S.P.A.\"},\"image\":{\"@id\":\"https:\\\/\\\/fimacf.com\\\/de\\\/#\\\/schema\\\/logo\\\/image\\\/\"},\"sameAs\":[\"https:\\\/\\\/www.facebook.com\\\/fimacarlofrattini\\\/\"]}]}<\/script>\n<!-- \/ Yoast SEO plugin. -->","yoast_head_json":{"title":"Verkaufsbedingungen - Fima - Carlo Frattini - Taps and Accessories made in Italy","description":"Verkaufsbedingungen - Fima - Carlo Frattini - Taps and Accessories made in Italy","robots":{"index":"index","follow":"follow","max-snippet":"max-snippet:-1","max-image-preview":"max-image-preview:large","max-video-preview":"max-video-preview:-1"},"canonical":"https:\/\/fimacf.com\/de\/condizioni-generali-di-vendita\/","og_locale":"de_DE","og_type":"article","og_title":"Verkaufsbedingungen - Fima - Carlo Frattini - Taps and Accessories made in Italy","og_description":"Verkaufsbedingungen - Fima - Carlo Frattini - Taps and Accessories made in Italy","og_url":"https:\/\/fimacf.com\/de\/condizioni-generali-di-vendita\/","og_site_name":"Fima - Carlo Frattini - Taps and Accessories made in Italy","article_publisher":"https:\/\/www.facebook.com\/fimacarlofrattini\/","article_modified_time":"2025-02-24T15:23:27+00:00","schema":{"@context":"https:\/\/schema.org","@graph":[{"@type":"WebPage","@id":"https:\/\/fimacf.com\/de\/condizioni-generali-di-vendita\/","url":"https:\/\/fimacf.com\/de\/condizioni-generali-di-vendita\/","name":"Verkaufsbedingungen - Fima - Carlo Frattini - Taps and Accessories made in Italy","isPartOf":{"@id":"https:\/\/fimacf.com\/de\/#website"},"datePublished":"2024-10-30T23:50:22+00:00","dateModified":"2025-02-24T15:23:27+00:00","description":"Verkaufsbedingungen - Fima - Carlo Frattini - Taps and Accessories made in Italy","breadcrumb":{"@id":"https:\/\/fimacf.com\/de\/condizioni-generali-di-vendita\/#breadcrumb"},"inLanguage":"de","potentialAction":[{"@type":"ReadAction","target":["https:\/\/fimacf.com\/de\/condizioni-generali-di-vendita\/"]}]},{"@type":"BreadcrumbList","@id":"https:\/\/fimacf.com\/de\/condizioni-generali-di-vendita\/#breadcrumb","itemListElement":[{"@type":"ListItem","position":1,"name":"Home","item":"https:\/\/fimacf.com\/de\/"},{"@type":"ListItem","position":2,"name":"Verkaufsbedingungen"}]},{"@type":"WebSite","@id":"https:\/\/fimacf.com\/de\/#website","url":"https:\/\/fimacf.com\/de\/","name":"Fima - Carlo Frattini - Taps and Accessories made in Italy","description":"","publisher":{"@id":"https:\/\/fimacf.com\/de\/#organization"},"potentialAction":[{"@type":"SearchAction","target":{"@type":"EntryPoint","urlTemplate":"https:\/\/fimacf.com\/de\/?s={search_term_string}"},"query-input":{"@type":"PropertyValueSpecification","valueRequired":true,"valueName":"search_term_string"}}],"inLanguage":"de"},{"@type":"Organization","@id":"https:\/\/fimacf.com\/de\/#organization","name":"FIMA CARLO FRATTINI S.P.A.","url":"https:\/\/fimacf.com\/de\/","logo":{"@type":"ImageObject","inLanguage":"de","@id":"https:\/\/fimacf.com\/de\/#\/schema\/logo\/image\/","url":"https:\/\/fimacf.com\/wp-content\/uploads\/2024\/12\/fimacf-yost.png","contentUrl":"https:\/\/fimacf.com\/wp-content\/uploads\/2024\/12\/fimacf-yost.png","width":696,"height":696,"caption":"FIMA CARLO FRATTINI S.P.A."},"image":{"@id":"https:\/\/fimacf.com\/de\/#\/schema\/logo\/image\/"},"sameAs":["https:\/\/www.facebook.com\/fimacarlofrattini\/"]}]}},"_links":{"self":[{"href":"https:\/\/fimacf.com\/de\/wp-json\/wp\/v2\/pages\/22614","targetHints":{"allow":["GET"]}}],"collection":[{"href":"https:\/\/fimacf.com\/de\/wp-json\/wp\/v2\/pages"}],"about":[{"href":"https:\/\/fimacf.com\/de\/wp-json\/wp\/v2\/types\/page"}],"author":[{"embeddable":true,"href":"https:\/\/fimacf.com\/de\/wp-json\/wp\/v2\/users\/1"}],"replies":[{"embeddable":true,"href":"https:\/\/fimacf.com\/de\/wp-json\/wp\/v2\/comments?post=22614"}],"version-history":[{"count":0,"href":"https:\/\/fimacf.com\/de\/wp-json\/wp\/v2\/pages\/22614\/revisions"}],"wp:attachment":[{"href":"https:\/\/fimacf.com\/de\/wp-json\/wp\/v2\/media?parent=22614"}],"curies":[{"name":"wp","href":"https:\/\/api.w.org\/{rel}","templated":true}]}}