{"id":15749,"date":"2024-10-28T18:52:11","date_gmt":"2024-10-28T17:52:11","guid":{"rendered":"https:\/\/fima.local\/prodotto\/prodotto\/"},"modified":"2025-04-17T22:36:56","modified_gmt":"2025-04-17T20:36:56","slug":"f5921-up-thermostatischer-mischer-switch","status":"publish","type":"product","link":"https:\/\/fimacf.com\/de\/produkt\/f5921-up-thermostatischer-mischer-switch\/","title":{"rendered":"UP Thermostatischer Mischer Switch"},"content":{"rendered":"<p>\u2022 Nur Farbset<br \/>\n\u2022 Griff f\u00fcr Thermostatmischer<br \/>\n\u2022 Griff zur Flusssteuerung<br \/>\n<b>\u2022 \u00d6ffnen\/Schlie\u00dfen des Druckflusses Schalter ist separat zu bestellen<\/b><br \/>\n<b>\u2022 UP K\u00f6rper separat zu bestellen<\/b><\/p>\n","protected":false},"excerpt":{"rendered":"<p>\u2022 Nur Farbset \u2022 Griff f\u00fcr Thermostatmischer \u2022 Griff zur Flusssteuerung \u2022 \u00d6ffnen\/Schlie\u00dfen des Druckflusses Schalter ist separat zu bestellen&#8230;<\/p>\n","protected":false},"featured_media":1796,"template":"","meta":{"_acf_changed":false,"inline_featured_image":false,"_lmt_disableupdate":"","_lmt_disable":""},"product_collezione":[148],"icona":[282],"product_serie":[111],"product_brand":[],"product_cat":[315,514,502,526,490,522,534,506,498],"product_tag":[],"class_list":{"0":"post-15749","1":"product","2":"type-product","3":"status-publish","4":"has-post-thumbnail","6":"product_collezione-bagno","7":"icona-termostatico","8":"product_serie-switch","9":"product_cat-dusch_de","10":"product_cat-up-batterie-drei-ausgange_de","11":"product_cat-up-batterie-vier-ausgange_de","12":"product_cat-up-mischbatterie-_de","13":"product_cat-up-mischbatterie-zwei-ausgange_de","14":"product_cat-up-thermostat-batterie-drei-ausgange_de","15":"product_cat-up-thermostat-batterie-ein-ausgang_de","16":"product_cat-up-thermostat-batterie-vier-ausgange-_de","17":"product_cat-up-thermostat-batterie-zwei-ausgange_de","19":"first","20":"instock","21":"shipping-taxable","22":"product-type-simple"},"acf":[],"yoast_head":"<!-- This site is optimized with the Yoast SEO plugin v27.4 - https:\/\/yoast.com\/product\/yoast-seo-wordpress\/ -->\n<title>Switch - F5921 - UP Thermostatischer Mischer Switch - Fima - Carlo Frattini - Taps and Accessories made in Italy<\/title>\n<meta name=\"description\" content=\"Switch - F5921 - UP Thermostatischer Mischer Switch - \u2022 Nur Farbset \u2022 Griff f\u00fcr Thermostatmischer \u2022 Griff zur Flusssteuerung \u2022 \u00d6ffnen\/Schlie\u00dfen des Druckflusses Schalter ist separat zu bestellen \u2022 UP K\u00f6rper - Dusch, UP Batterie drei Ausg\u00e4nge, UP Batterie vier Ausg\u00e4nge, UP Mischbatterie, UP Mischbatterie zwei Ausg\u00e4nge, UP thermostat Batterie drei Ausg\u00e4nge, UP thermostat Batterie ein Ausgang, UP thermostat Batterie vier Ausg\u00e4nge, UP thermostat Batterie zwei Ausg\u00e4nge\" \/>\n<meta name=\"robots\" content=\"index, follow, max-snippet:-1, max-image-preview:large, max-video-preview:-1\" \/>\n<link rel=\"canonical\" href=\"https:\/\/fimacf.com\/de\/produkt\/f5921-up-thermostatischer-mischer-switch\/\" \/>\n<meta property=\"og:locale\" content=\"de_DE\" \/>\n<meta property=\"og:type\" content=\"article\" \/>\n<meta property=\"og:title\" content=\"Switch - F5921 - UP Thermostatischer Mischer Switch - Fima - Carlo Frattini - Taps and Accessories made in Italy\" \/>\n<meta property=\"og:description\" content=\"Switch - F5921 - UP Thermostatischer Mischer Switch - \u2022 Nur Farbset \u2022 Griff f\u00fcr Thermostatmischer \u2022 Griff zur Flusssteuerung \u2022 \u00d6ffnen\/Schlie\u00dfen des Druckflusses Schalter ist separat zu bestellen \u2022 UP K\u00f6rper - Dusch, UP Batterie drei Ausg\u00e4nge, UP Batterie vier Ausg\u00e4nge, UP Mischbatterie, UP Mischbatterie zwei Ausg\u00e4nge, UP thermostat Batterie drei Ausg\u00e4nge, UP thermostat Batterie ein Ausgang, UP thermostat Batterie vier Ausg\u00e4nge, UP thermostat Batterie zwei Ausg\u00e4nge\" \/>\n<meta property=\"og:url\" content=\"https:\/\/fimacf.com\/de\/produkt\/f5921-up-thermostatischer-mischer-switch\/\" \/>\n<meta property=\"og:site_name\" content=\"Fima - Carlo Frattini - Taps and Accessories made in Italy\" \/>\n<meta property=\"article:publisher\" content=\"https:\/\/www.facebook.com\/fimacarlofrattini\/\" \/>\n<meta property=\"article:modified_time\" content=\"2025-04-17T20:36:56+00:00\" \/>\n<meta property=\"og:image\" content=\"https:\/\/fimacf.com\/wp-content\/uploads\/2024\/10\/23376_29f906b1192d697.jpg\" \/>\n\t<meta property=\"og:image:width\" content=\"700\" \/>\n\t<meta property=\"og:image:height\" content=\"700\" \/>\n\t<meta property=\"og:image:type\" content=\"image\/jpeg\" \/>\n<script type=\"application\/ld+json\" class=\"yoast-schema-graph\">{\"@context\":\"https:\\\/\\\/schema.org\",\"@graph\":[{\"@type\":\"WebPage\",\"@id\":\"https:\\\/\\\/fimacf.com\\\/de\\\/produkt\\\/f5921-up-thermostatischer-mischer-switch\\\/\",\"url\":\"https:\\\/\\\/fimacf.com\\\/de\\\/produkt\\\/f5921-up-thermostatischer-mischer-switch\\\/\",\"name\":\"Switch - F5921 - UP Thermostatischer Mischer Switch - Fima - Carlo Frattini - Taps and Accessories made in Italy\",\"isPartOf\":{\"@id\":\"https:\\\/\\\/fimacf.com\\\/de\\\/#website\"},\"primaryImageOfPage\":{\"@id\":\"https:\\\/\\\/fimacf.com\\\/de\\\/produkt\\\/f5921-up-thermostatischer-mischer-switch\\\/#primaryimage\"},\"image\":{\"@id\":\"https:\\\/\\\/fimacf.com\\\/de\\\/produkt\\\/f5921-up-thermostatischer-mischer-switch\\\/#primaryimage\"},\"thumbnailUrl\":\"https:\\\/\\\/fimacf.com\\\/wp-content\\\/uploads\\\/2024\\\/10\\\/23376_29f906b1192d697.jpg\",\"datePublished\":\"2024-10-28T17:52:11+00:00\",\"dateModified\":\"2025-04-17T20:36:56+00:00\",\"description\":\"Switch - F5921 - UP Thermostatischer Mischer Switch - \u2022 Nur Farbset \u2022 Griff f\u00fcr Thermostatmischer \u2022 Griff zur Flusssteuerung \u2022 \u00d6ffnen\\\/Schlie\u00dfen des Druckflusses Schalter ist separat zu bestellen \u2022 UP K\u00f6rper - Dusch, UP Batterie drei Ausg\u00e4nge, UP Batterie vier Ausg\u00e4nge, UP Mischbatterie, UP Mischbatterie zwei Ausg\u00e4nge, UP thermostat Batterie drei Ausg\u00e4nge, UP thermostat Batterie ein Ausgang, UP thermostat Batterie vier Ausg\u00e4nge, UP thermostat Batterie zwei Ausg\u00e4nge\",\"breadcrumb\":{\"@id\":\"https:\\\/\\\/fimacf.com\\\/de\\\/produkt\\\/f5921-up-thermostatischer-mischer-switch\\\/#breadcrumb\"},\"inLanguage\":\"de\",\"potentialAction\":[{\"@type\":\"ReadAction\",\"target\":[\"https:\\\/\\\/fimacf.com\\\/de\\\/produkt\\\/f5921-up-thermostatischer-mischer-switch\\\/\"]}]},{\"@type\":\"ImageObject\",\"inLanguage\":\"de\",\"@id\":\"https:\\\/\\\/fimacf.com\\\/de\\\/produkt\\\/f5921-up-thermostatischer-mischer-switch\\\/#primaryimage\",\"url\":\"https:\\\/\\\/fimacf.com\\\/wp-content\\\/uploads\\\/2024\\\/10\\\/23376_29f906b1192d697.jpg\",\"contentUrl\":\"https:\\\/\\\/fimacf.com\\\/wp-content\\\/uploads\\\/2024\\\/10\\\/23376_29f906b1192d697.jpg\",\"width\":700,\"height\":700},{\"@type\":\"BreadcrumbList\",\"@id\":\"https:\\\/\\\/fimacf.com\\\/de\\\/produkt\\\/f5921-up-thermostatischer-mischer-switch\\\/#breadcrumb\",\"itemListElement\":[{\"@type\":\"ListItem\",\"position\":1,\"name\":\"Home\",\"item\":\"https:\\\/\\\/fimacf.com\\\/de\\\/\"},{\"@type\":\"ListItem\",\"position\":2,\"name\":\"Shop\",\"item\":\"https:\\\/\\\/fimacf.com\\\/de\\\/shopde\\\/\"},{\"@type\":\"ListItem\",\"position\":3,\"name\":\"UP Thermostatischer Mischer Switch\"}]},{\"@type\":\"WebSite\",\"@id\":\"https:\\\/\\\/fimacf.com\\\/de\\\/#website\",\"url\":\"https:\\\/\\\/fimacf.com\\\/de\\\/\",\"name\":\"Fima - Carlo Frattini - Taps and Accessories made in Italy\",\"description\":\"\",\"publisher\":{\"@id\":\"https:\\\/\\\/fimacf.com\\\/de\\\/#organization\"},\"potentialAction\":[{\"@type\":\"SearchAction\",\"target\":{\"@type\":\"EntryPoint\",\"urlTemplate\":\"https:\\\/\\\/fimacf.com\\\/de\\\/?s={search_term_string}\"},\"query-input\":{\"@type\":\"PropertyValueSpecification\",\"valueRequired\":true,\"valueName\":\"search_term_string\"}}],\"inLanguage\":\"de\"},{\"@type\":\"Organization\",\"@id\":\"https:\\\/\\\/fimacf.com\\\/de\\\/#organization\",\"name\":\"FIMA CARLO FRATTINI S.P.A.\",\"url\":\"https:\\\/\\\/fimacf.com\\\/de\\\/\",\"logo\":{\"@type\":\"ImageObject\",\"inLanguage\":\"de\",\"@id\":\"https:\\\/\\\/fimacf.com\\\/de\\\/#\\\/schema\\\/logo\\\/image\\\/\",\"url\":\"https:\\\/\\\/fimacf.com\\\/wp-content\\\/uploads\\\/2024\\\/12\\\/fimacf-yost.png\",\"contentUrl\":\"https:\\\/\\\/fimacf.com\\\/wp-content\\\/uploads\\\/2024\\\/12\\\/fimacf-yost.png\",\"width\":696,\"height\":696,\"caption\":\"FIMA CARLO FRATTINI S.P.A.\"},\"image\":{\"@id\":\"https:\\\/\\\/fimacf.com\\\/de\\\/#\\\/schema\\\/logo\\\/image\\\/\"},\"sameAs\":[\"https:\\\/\\\/www.facebook.com\\\/fimacarlofrattini\\\/\"]}]}<\/script>\n<!-- \/ Yoast SEO plugin. -->","yoast_head_json":{"title":"Switch - F5921 - UP Thermostatischer Mischer Switch - Fima - Carlo Frattini - Taps and Accessories made in Italy","description":"Switch - F5921 - UP Thermostatischer Mischer Switch - \u2022 Nur Farbset \u2022 Griff f\u00fcr Thermostatmischer \u2022 Griff zur Flusssteuerung \u2022 \u00d6ffnen\/Schlie\u00dfen des Druckflusses Schalter ist separat zu bestellen \u2022 UP K\u00f6rper - Dusch, UP Batterie drei Ausg\u00e4nge, UP Batterie vier Ausg\u00e4nge, UP Mischbatterie, UP Mischbatterie zwei Ausg\u00e4nge, UP thermostat Batterie drei Ausg\u00e4nge, UP thermostat Batterie ein Ausgang, UP thermostat Batterie vier Ausg\u00e4nge, UP thermostat Batterie zwei Ausg\u00e4nge","robots":{"index":"index","follow":"follow","max-snippet":"max-snippet:-1","max-image-preview":"max-image-preview:large","max-video-preview":"max-video-preview:-1"},"canonical":"https:\/\/fimacf.com\/de\/produkt\/f5921-up-thermostatischer-mischer-switch\/","og_locale":"de_DE","og_type":"article","og_title":"Switch - F5921 - UP Thermostatischer Mischer Switch - Fima - Carlo Frattini - Taps and Accessories made in Italy","og_description":"Switch - F5921 - UP Thermostatischer Mischer Switch - \u2022 Nur Farbset \u2022 Griff f\u00fcr Thermostatmischer \u2022 Griff zur Flusssteuerung \u2022 \u00d6ffnen\/Schlie\u00dfen des Druckflusses Schalter ist separat zu bestellen \u2022 UP K\u00f6rper - Dusch, UP Batterie drei Ausg\u00e4nge, UP Batterie vier Ausg\u00e4nge, UP Mischbatterie, UP Mischbatterie zwei Ausg\u00e4nge, UP thermostat Batterie drei Ausg\u00e4nge, UP thermostat Batterie ein Ausgang, UP thermostat Batterie vier Ausg\u00e4nge, UP thermostat Batterie zwei Ausg\u00e4nge","og_url":"https:\/\/fimacf.com\/de\/produkt\/f5921-up-thermostatischer-mischer-switch\/","og_site_name":"Fima - Carlo Frattini - Taps and Accessories made in Italy","article_publisher":"https:\/\/www.facebook.com\/fimacarlofrattini\/","article_modified_time":"2025-04-17T20:36:56+00:00","og_image":[{"width":700,"height":700,"url":"https:\/\/fimacf.com\/wp-content\/uploads\/2024\/10\/23376_29f906b1192d697.jpg","type":"image\/jpeg"}],"schema":{"@context":"https:\/\/schema.org","@graph":[{"@type":"WebPage","@id":"https:\/\/fimacf.com\/de\/produkt\/f5921-up-thermostatischer-mischer-switch\/","url":"https:\/\/fimacf.com\/de\/produkt\/f5921-up-thermostatischer-mischer-switch\/","name":"Switch - F5921 - UP Thermostatischer Mischer Switch - Fima - Carlo Frattini - Taps and Accessories made in Italy","isPartOf":{"@id":"https:\/\/fimacf.com\/de\/#website"},"primaryImageOfPage":{"@id":"https:\/\/fimacf.com\/de\/produkt\/f5921-up-thermostatischer-mischer-switch\/#primaryimage"},"image":{"@id":"https:\/\/fimacf.com\/de\/produkt\/f5921-up-thermostatischer-mischer-switch\/#primaryimage"},"thumbnailUrl":"https:\/\/fimacf.com\/wp-content\/uploads\/2024\/10\/23376_29f906b1192d697.jpg","datePublished":"2024-10-28T17:52:11+00:00","dateModified":"2025-04-17T20:36:56+00:00","description":"Switch - F5921 - UP Thermostatischer Mischer Switch - \u2022 Nur Farbset \u2022 Griff f\u00fcr Thermostatmischer \u2022 Griff zur Flusssteuerung \u2022 \u00d6ffnen\/Schlie\u00dfen des Druckflusses Schalter ist separat zu bestellen \u2022 UP K\u00f6rper - Dusch, UP Batterie drei Ausg\u00e4nge, UP Batterie vier Ausg\u00e4nge, UP Mischbatterie, UP Mischbatterie zwei Ausg\u00e4nge, UP thermostat Batterie drei Ausg\u00e4nge, UP thermostat Batterie ein Ausgang, UP thermostat Batterie vier Ausg\u00e4nge, UP thermostat Batterie zwei Ausg\u00e4nge","breadcrumb":{"@id":"https:\/\/fimacf.com\/de\/produkt\/f5921-up-thermostatischer-mischer-switch\/#breadcrumb"},"inLanguage":"de","potentialAction":[{"@type":"ReadAction","target":["https:\/\/fimacf.com\/de\/produkt\/f5921-up-thermostatischer-mischer-switch\/"]}]},{"@type":"ImageObject","inLanguage":"de","@id":"https:\/\/fimacf.com\/de\/produkt\/f5921-up-thermostatischer-mischer-switch\/#primaryimage","url":"https:\/\/fimacf.com\/wp-content\/uploads\/2024\/10\/23376_29f906b1192d697.jpg","contentUrl":"https:\/\/fimacf.com\/wp-content\/uploads\/2024\/10\/23376_29f906b1192d697.jpg","width":700,"height":700},{"@type":"BreadcrumbList","@id":"https:\/\/fimacf.com\/de\/produkt\/f5921-up-thermostatischer-mischer-switch\/#breadcrumb","itemListElement":[{"@type":"ListItem","position":1,"name":"Home","item":"https:\/\/fimacf.com\/de\/"},{"@type":"ListItem","position":2,"name":"Shop","item":"https:\/\/fimacf.com\/de\/shopde\/"},{"@type":"ListItem","position":3,"name":"UP Thermostatischer Mischer Switch"}]},{"@type":"WebSite","@id":"https:\/\/fimacf.com\/de\/#website","url":"https:\/\/fimacf.com\/de\/","name":"Fima - Carlo Frattini - Taps and Accessories made in Italy","description":"","publisher":{"@id":"https:\/\/fimacf.com\/de\/#organization"},"potentialAction":[{"@type":"SearchAction","target":{"@type":"EntryPoint","urlTemplate":"https:\/\/fimacf.com\/de\/?s={search_term_string}"},"query-input":{"@type":"PropertyValueSpecification","valueRequired":true,"valueName":"search_term_string"}}],"inLanguage":"de"},{"@type":"Organization","@id":"https:\/\/fimacf.com\/de\/#organization","name":"FIMA CARLO FRATTINI S.P.A.","url":"https:\/\/fimacf.com\/de\/","logo":{"@type":"ImageObject","inLanguage":"de","@id":"https:\/\/fimacf.com\/de\/#\/schema\/logo\/image\/","url":"https:\/\/fimacf.com\/wp-content\/uploads\/2024\/12\/fimacf-yost.png","contentUrl":"https:\/\/fimacf.com\/wp-content\/uploads\/2024\/12\/fimacf-yost.png","width":696,"height":696,"caption":"FIMA CARLO FRATTINI S.P.A."},"image":{"@id":"https:\/\/fimacf.com\/de\/#\/schema\/logo\/image\/"},"sameAs":["https:\/\/www.facebook.com\/fimacarlofrattini\/"]}]}},"_links":{"self":[{"href":"https:\/\/fimacf.com\/de\/wp-json\/wp\/v2\/product\/15749","targetHints":{"allow":["GET"]}}],"collection":[{"href":"https:\/\/fimacf.com\/de\/wp-json\/wp\/v2\/product"}],"about":[{"href":"https:\/\/fimacf.com\/de\/wp-json\/wp\/v2\/types\/product"}],"wp:featuredmedia":[{"embeddable":true,"href":"https:\/\/fimacf.com\/de\/wp-json\/wp\/v2\/media\/1796"}],"wp:attachment":[{"href":"https:\/\/fimacf.com\/de\/wp-json\/wp\/v2\/media?parent=15749"}],"wp:term":[{"taxonomy":"product_collezione","embeddable":true,"href":"https:\/\/fimacf.com\/de\/wp-json\/wp\/v2\/product_collezione?post=15749"},{"taxonomy":"icona","embeddable":true,"href":"https:\/\/fimacf.com\/de\/wp-json\/wp\/v2\/icona?post=15749"},{"taxonomy":"product_serie","embeddable":true,"href":"https:\/\/fimacf.com\/de\/wp-json\/wp\/v2\/product_serie?post=15749"},{"taxonomy":"product_brand","embeddable":true,"href":"https:\/\/fimacf.com\/de\/wp-json\/wp\/v2\/product_brand?post=15749"},{"taxonomy":"product_cat","embeddable":true,"href":"https:\/\/fimacf.com\/de\/wp-json\/wp\/v2\/product_cat?post=15749"},{"taxonomy":"product_tag","embeddable":true,"href":"https:\/\/fimacf.com\/de\/wp-json\/wp\/v2\/product_tag?post=15749"}],"curies":[{"name":"wp","href":"https:\/\/api.w.org\/{rel}","templated":true}]}}