{"id":12335,"date":"2024-10-31T00:49:34","date_gmt":"2024-10-30T23:49:34","guid":{"rendered":"https:\/\/fimacf.com\/contatti\/"},"modified":"2024-12-18T17:34:06","modified_gmt":"2024-12-18T16:34:06","slug":"contatti","status":"publish","type":"page","link":"https:\/\/fimacf.com\/es\/contatti\/","title":{"rendered":"Contatti"},"content":{"rendered":"\n<div class=\"wp-block-group alignwide has-global-padding is-layout-constrained wp-block-group-is-layout-constrained\" style=\"padding-top:var(--wp--preset--spacing--120);padding-bottom:90px\">\n<h2 class=\"wp-block-heading is-style-border has-larger-font-size\" style=\"margin-bottom:30px\">Contatti<\/h2>\n\n\n\n<p class=\"is-centered-mobile has-larger-font-size\">Per richiedere qualsiasi informazione relativa ad azienda, prodotti e servizi Fima Carlo Frattini, vi preghiamo di compilare il form sottostante, selezionando il campo di interesse.<\/p>\n\n\n\n<div class=\"wp-block-group has-global-padding is-layout-constrained wp-block-group-is-layout-constrained\" style=\"padding-top:var(--wp--preset--spacing--90)\">\n<div class=\"wp-block-contact-form-7-contact-form-selector\">\n<div class=\"wpcf7 no-js\" id=\"wpcf7-f22817-o1\" lang=\"es-ES\" dir=\"ltr\" data-wpcf7-id=\"22817\">\n<div class=\"screen-reader-response\"><p role=\"status\" aria-live=\"polite\" aria-atomic=\"true\"><\/p> <ul><\/ul><\/div>\n<form action=\"\/es\/wp-json\/wp\/v2\/pages\/12335#wpcf7-f22817-o1\" method=\"post\" class=\"wpcf7-form init wpcf7-acceptance-as-validation\" aria-label=\"Formulario de contacto\" novalidate=\"novalidate\" data-status=\"init\">\n<fieldset class=\"hidden-fields-container\"><input type=\"hidden\" name=\"_wpcf7\" value=\"22817\" \/><input type=\"hidden\" name=\"_wpcf7_version\" value=\"6.1.5\" \/><input type=\"hidden\" name=\"_wpcf7_locale\" value=\"es_ES\" \/><input type=\"hidden\" name=\"_wpcf7_unit_tag\" value=\"wpcf7-f22817-o1\" \/><input type=\"hidden\" name=\"_wpcf7_container_post\" value=\"0\" \/><input type=\"hidden\" name=\"_wpcf7_posted_data_hash\" value=\"\" \/>\n<\/fieldset>\n<div class=\"uacf7-form-wrapper-container uacf7-form-22817  \"><div class=\"con-attivo-cf7-ultraaddon\">\n<label class=\"label\">First name<span class=\"req\">*<\/span><\/label>\n<span class=\"wpcf7-form-control-wrap\" data-name=\"nome\"><input size=\"40\" maxlength=\"400\" class=\"wpcf7-form-control wpcf7-text wpcf7-validates-as-required\" aria-required=\"true\" aria-invalid=\"false\" value=\"\" type=\"text\" name=\"nome\" \/><\/span>\n<\/div>\n<div class=\"con-attivo-cf7-ultraaddon\">\n<label class=\"label\">Last name<span class=\"req\">*<\/span><\/label>\n<span class=\"wpcf7-form-control-wrap\" data-name=\"cognome\"><input size=\"40\" maxlength=\"400\" class=\"wpcf7-form-control wpcf7-text wpcf7-validates-as-required\" aria-required=\"true\" aria-invalid=\"false\" value=\"\" type=\"text\" name=\"cognome\" \/><\/span>\n<\/div>\n<div class=\"con-attivo-cf7-ultraaddon\">\n<label class=\"label\">Country<span class=\"req\">*<\/span><\/label>\n<span class=\"wpcf7-form-control-wrap\" data-name=\"nazione\"><input size=\"40\" maxlength=\"400\" class=\"wpcf7-form-control wpcf7-text wpcf7-validates-as-required\" aria-required=\"true\" aria-invalid=\"false\" value=\"\" type=\"text\" name=\"nazione\" \/><\/span>\n<\/div>\n<div class=\"con-attivo-cf7-ultraaddon\">\n<label class=\"label\">Province<span class=\"req\">*<\/span><\/label>\n<span class=\"wpcf7-form-control-wrap\" data-name=\"provincia\"><input size=\"40\" maxlength=\"400\" class=\"wpcf7-form-control wpcf7-text wpcf7-validates-as-required\" aria-required=\"true\" aria-invalid=\"false\" value=\"\" type=\"text\" name=\"provincia\" \/><\/span>\n<\/div>\n<div class=\"con-attivo-cf7-ultraaddon\">\n<label class=\"label\">Telephone<span class=\"req\">*<\/span><\/label>\n<span class=\"wpcf7-form-control-wrap\" data-name=\"telefono\"><input size=\"40\" maxlength=\"400\" class=\"wpcf7-form-control wpcf7-text wpcf7-validates-as-required\" aria-required=\"true\" aria-invalid=\"false\" value=\"\" type=\"text\" name=\"telefono\" \/><\/span>\n<\/div>\n<div class=\"con-attivo-cf7-ultraaddon\">\n<label class=\"label\">Email<span class=\"req\">*<\/span><\/label>\n<span class=\"wpcf7-form-control-wrap\" data-name=\"mail\"><input size=\"40\" maxlength=\"400\" class=\"wpcf7-form-control wpcf7-email wpcf7-validates-as-required wpcf7-text wpcf7-validates-as-email\" aria-required=\"true\" aria-invalid=\"false\" value=\"\" type=\"email\" name=\"mail\" \/><\/span>\n<\/div>\n<div class=\"con-attivo-cf7-ultraaddon full select\">\n<label class=\"label\">Select interest<span class=\"req\">*<\/span><\/label>\n<span class=\"wpcf7-form-control-wrap\" data-name=\"interesse\"><select class=\"wpcf7-form-control wpcf7-select wpcf7-validates-as-required\" aria-required=\"true\" aria-invalid=\"false\" name=\"interesse\"><option value=\"\">Select...<\/option><option value=\"General information\">General information<\/option><option value=\"Technical information\">Technical information<\/option><option value=\"Business information\">Business information<\/option><option value=\"Press\">Press<\/option><\/select><\/span>\n<\/div>\n<div class=\"con-attivo-cf7-ultraaddon full\">\n<label class=\"label\">Request<span class=\"req\">*<\/span><\/label>\n<span class=\"wpcf7-form-control-wrap\" data-name=\"messaggio\"><textarea cols=\"40\" rows=\"10\" maxlength=\"2000\" class=\"wpcf7-form-control wpcf7-textarea wpcf7-validates-as-required\" aria-required=\"true\" aria-invalid=\"false\" name=\"messaggio\"><\/textarea><\/span>\n<\/div>\n<div class=\"con-attivo-cf7-ultraaddon full checkboxes\">\n<label class=\"label\">PRIVACY POLICY<span class=\"req\">*<\/span><\/label>\n<span class=\"wpcf7-form-control-wrap\" data-name=\"privacy\"><span class=\"wpcf7-form-control wpcf7-checkbox wpcf7-validates-as-required\"><span class=\"wpcf7-list-item first last\"><label><input type=\"checkbox\" name=\"privacy[]\" value=\"Pursuant to Art. 13 of the EU Regulation 2016\/679 (GDPR), I declare that I have read the &#039;information of FIMA Carlo Frattini S.p.a. for the processing of my personal data, that I am exhaustively informed about my rights *\" \/><span class=\"wpcf7-list-item-label\">Pursuant to Art. 13 of the EU Regulation 2016\/679 (GDPR), I declare that I have read the &#039;information of FIMA Carlo Frattini S.p.a. for the processing of my personal data, that I am exhaustively informed about my rights *<\/span><\/label><\/span><\/span><\/span>\n<\/div>\n<div class=\"con-attivo-cf7-ultraaddon full checkboxes\">\n<label class=\"label\">MARKETING AND OTHER ACTIVITIES<\/label>\n<span class=\"wpcf7-form-control-wrap\" data-name=\"marketing\"><span class=\"wpcf7-form-control wpcf7-acceptance optional\"><span class=\"wpcf7-list-item\"><label><input type=\"checkbox\" name=\"marketing\" value=\"1\" aria-invalid=\"false\" \/><span class=\"wpcf7-list-item-label\">I authorize the sending of promotional emails, invitations to events, information about FIMA Carlo Frattini S.p.a. activities such as events and\/or fairs.<\/span><\/label><\/span><\/span><\/span> \n<\/div>\n<div class=\"con-attivo-cf7-ultraaddon full\">\n<input class=\"wpcf7-form-control wpcf7-submit has-spinner\" type=\"submit\" value=\"Send your request\" \/>\n<\/div><\/div><input type=\"hidden\" id=\"ct_checkjs_cf7_0d0fd7c6e093f7b804fa0150b875b868\" name=\"ct_checkjs_cf7\" value=\"0\" \/><script >setTimeout(function(){var ct_input_name = \"ct_checkjs_cf7_0d0fd7c6e093f7b804fa0150b875b868\";if (document.getElementById(ct_input_name) !== null) {var ct_input_value = document.getElementById(ct_input_name).value;document.getElementById(ct_input_name).value = document.getElementById(ct_input_name).value.replace(ct_input_value, '1574120169');}}, 1000);<\/script><input\n                    class=\"apbct_special_field apbct_email_id__wp_contact_form_7\"\n                    name=\"apbct__email_id__wp_contact_form_7\"\n                    aria-label=\"apbct__label_id__wp_contact_form_7\"\n                    type=\"text\" size=\"30\" maxlength=\"200\" autocomplete=\"off\"\n                    value=\"\"\n                \/><div class=\"wpcf7-response-output\" aria-hidden=\"true\"><\/div>\n<\/form>\n<\/div>\n<\/div>\n<\/div>\n<\/div>\n\n\n\n<div class=\"wp-block-group alignfull map has-global-padding is-layout-constrained wp-block-group-is-layout-constrained\">\n<iframe src=\"https:\/\/www.google.com\/maps\/embed?pb=!1m18!1m12!1m3!1d2785.360125298485!2d8.446050476876112!3d45.7238722160745!2m3!1f0!2f0!3f0!3m2!1i1024!2i768!4f13.1!3m3!1m2!1s0x47866d475977e3c3%3A0xf199b62c4c8cbd43!2sFima%20Carlo%20Frattini!5e0!3m2!1sit!2sit!4v1731950170016!5m2!1sit!2sit\" width=\"100%\" height=\"466\" style=\"border:0;\" allowfullscreen=\"\" loading=\"lazy\" referrerpolicy=\"no-referrer-when-downgrade\"><\/iframe>\n<\/div>\n\n\n\n<div class=\"wp-block-group alignwide has-global-padding is-layout-constrained wp-block-group-is-layout-constrained\" style=\"padding-top:90px\">\n<h2 class=\"wp-block-heading is-style-border has-larger-font-size\" style=\"margin-bottom:50px\">Come Raggiungerci<\/h2>\n\n\n\n<div class=\"wp-block-columns is-layout-flex wp-container-core-columns-is-layout-c0198eba wp-block-columns-is-layout-flex\">\n<div class=\"wp-block-column is-layout-flow wp-block-column-is-layout-flow\">\n<div class=\"wp-block-group is-nowrap is-layout-flex wp-container-core-group-is-layout-0844f5dc wp-block-group-is-layout-flex\">\n<figure class=\"wp-block-image size-full\"><img loading=\"lazy\" decoding=\"async\" width=\"25\" height=\"19\" src=\"https:\/\/fimacf.com\/wp-content\/uploads\/2024\/11\/car.svg\" alt=\"\" class=\"wp-image-2497\"\/><\/figure>\n\n\n\n<p class=\"has-large-font-size\" style=\"text-transform:uppercase\">Da Milano<\/p>\n<\/div>\n\n\n\n<p class=\"has-large-font-size\">Prendere la E26 direzione Gravellona Toce, prendere uscita direzione Arona, uscita Arona, seguire per Briga Novarese, Via Cesare Battisti 106<\/p>\n<\/div>\n\n\n\n<div class=\"wp-block-column is-layout-flow wp-block-column-is-layout-flow\">\n<div class=\"wp-block-group is-nowrap is-layout-flex wp-container-core-group-is-layout-0844f5dc wp-block-group-is-layout-flex\">\n<figure class=\"wp-block-image size-full\"><img loading=\"lazy\" decoding=\"async\" width=\"25\" height=\"19\" src=\"https:\/\/fimacf.com\/wp-content\/uploads\/2024\/11\/car.svg\" alt=\"\" class=\"wp-image-2497\"\/><\/figure>\n\n\n\n<p class=\"has-large-font-size\" style=\"text-transform:uppercase\">Da TORINO<\/p>\n<\/div>\n\n\n\n<p class=\"has-large-font-size\">A4 direzione Milano, prendere la E26 direzione Gravellona Toce, prendere uscita direzione Arona, uscita Arona, seguire per Briga novarese, Via Cesare Battisti 106<\/p>\n<\/div>\n<\/div>\n<\/div>\n\n\n\n<div class=\"wp-block-group alignwide has-global-padding is-layout-constrained wp-block-group-is-layout-constrained\" style=\"padding-top:var(--wp--preset--spacing--90);padding-bottom:200px\">\n<h2 class=\"wp-block-heading is-style-border has-larger-font-size\" style=\"margin-bottom:50px\">Sede e stabilimenti<\/h2>\n\n\n\n<div class=\"wp-block-columns is-layout-flex wp-container-core-columns-is-layout-c0198eba wp-block-columns-is-layout-flex\">\n<div class=\"wp-block-column is-layout-flow wp-block-column-is-layout-flow\">\n<div class=\"wp-block-group is-nowrap is-layout-flex wp-container-core-group-is-layout-0844f5dc wp-block-group-is-layout-flex\">\n<figure class=\"wp-block-image size-full\"><img loading=\"lazy\" decoding=\"async\" width=\"22\" height=\"25\" src=\"https:\/\/fimacf.com\/wp-content\/uploads\/2024\/11\/office.svg\" alt=\"\" class=\"wp-image-2498\"\/><\/figure>\n\n\n\n<p class=\"has-large-font-size\" style=\"text-transform:uppercase\">Uffici<\/p>\n<\/div>\n\n\n\n<p class=\"has-link-color has-large-font-size wp-elements-157c985f17c6423144cedd0126214688\">Via Borgomanero, 105 (Zona Industriale)<br>28010 &#8211; Briga Novarese<br>Tel. +39 0322 95 49\u200b<br>Fax. +39 0322 956149<br>E-mail: <a href=\"mailto:in**@****cf.com\" data-original-string=\"dITebspYXU+spJP4e6iMNg==46cRCjTnTBmIlp7L172ZqvA5A==\" title=\"Este contacto ha sido codificado por Anti-Spam by CleanTalk. Haz clic para decodificar. Para finalizar la decodificaci\u00f3n, aseg\u00farate de que JavaScript est\u00e1 activado en tu navegador.\"><span \n                data-original-string='jKi\/qBENGLmH5XHLZuLsYQ==46ciRYRNoJgpuh\/HUsG1ZPMMA=='\n                class='apbct-email-encoder'\n                title='Este contacto ha sido codificado por Anti-Spam by CleanTalk. Haz clic para decodificar. Para finalizar la decodificaci\u00f3n, aseg\u00farate de que JavaScript est\u00e1 activado en tu navegador.'>in<span class=\"apbct-blur\">**<\/span>@<span class=\"apbct-blur\">****<\/span>cf.com<\/span><\/a><\/p>\n<\/div>\n\n\n\n<div class=\"wp-block-column is-layout-flow wp-block-column-is-layout-flow\">\n<div class=\"wp-block-group is-nowrap is-layout-flex wp-container-core-group-is-layout-0844f5dc wp-block-group-is-layout-flex\">\n<figure class=\"wp-block-image size-full\"><img loading=\"lazy\" decoding=\"async\" width=\"25\" height=\"22\" src=\"https:\/\/fimacf.com\/wp-content\/uploads\/2024\/11\/building.svg\" alt=\"\" class=\"wp-image-2499\"\/><\/figure>\n\n\n\n<p class=\"has-large-font-size\" style=\"text-transform:uppercase\">Magazzino<\/p>\n<\/div>\n\n\n\n<p class=\"has-large-font-size\">Via Cesare Battisti, 106 (Zona industriale)<br>28010 &#8211; Briga Novarese<br>Tel. +39 0322 95 49 (r.a.)<\/p>\n<\/div>\n<\/div>\n<\/div>\n","protected":false},"excerpt":{"rendered":"<p>Contatti Per richiedere qualsiasi informazione relativa ad azienda, prodotti e servizi Fima Carlo Frattini, vi preghiamo di compilare il form&#8230;<\/p>\n","protected":false},"author":1,"featured_media":0,"parent":0,"menu_order":0,"comment_status":"closed","ping_status":"closed","template":"","meta":{"_acf_changed":false,"inline_featured_image":false,"_lmt_disableupdate":"","_lmt_disable":"","footnotes":""},"class_list":["post-12335","page","type-page","status-publish","hentry"],"acf":[],"yoast_head":"<!-- This site is optimized with the Yoast SEO plugin v27.3 - https:\/\/yoast.com\/product\/yoast-seo-wordpress\/ -->\n<title>Contatti - Fima - Carlo Frattini - Taps and Accessories made in Italy<\/title>\n<meta name=\"description\" content=\"Contatti - Fima - Carlo Frattini - Taps and Accessories made in Italy\" \/>\n<meta name=\"robots\" content=\"index, follow, max-snippet:-1, max-image-preview:large, max-video-preview:-1\" \/>\n<link rel=\"canonical\" href=\"https:\/\/fimacf.com\/es\/contatti\/\" \/>\n<meta property=\"og:locale\" content=\"es_ES\" \/>\n<meta property=\"og:type\" content=\"article\" \/>\n<meta property=\"og:title\" content=\"Contatti - Fima - Carlo Frattini - Taps and Accessories made in Italy\" \/>\n<meta property=\"og:description\" content=\"Contatti - Fima - Carlo Frattini - Taps and Accessories made in Italy\" \/>\n<meta property=\"og:url\" content=\"https:\/\/fimacf.com\/es\/contatti\/\" \/>\n<meta property=\"og:site_name\" content=\"Fima - Carlo Frattini - Taps and Accessories made in Italy\" \/>\n<meta property=\"article:publisher\" content=\"https:\/\/www.facebook.com\/fimacarlofrattini\/\" \/>\n<meta property=\"article:modified_time\" content=\"2024-12-18T16:34:06+00:00\" \/>\n<meta property=\"og:image\" content=\"https:\/\/fimacf.com\/wp-content\/uploads\/2024\/11\/car.svg\" \/>\n<script type=\"application\/ld+json\" class=\"yoast-schema-graph\">{\"@context\":\"https:\\\/\\\/schema.org\",\"@graph\":[{\"@type\":\"WebPage\",\"@id\":\"https:\\\/\\\/fimacf.com\\\/es\\\/contatti\\\/\",\"url\":\"https:\\\/\\\/fimacf.com\\\/es\\\/contatti\\\/\",\"name\":\"Contatti - Fima - Carlo Frattini - Taps and Accessories made in Italy\",\"isPartOf\":{\"@id\":\"https:\\\/\\\/fimacf.com\\\/es\\\/#website\"},\"primaryImageOfPage\":{\"@id\":\"https:\\\/\\\/fimacf.com\\\/es\\\/contatti\\\/#primaryimage\"},\"image\":{\"@id\":\"https:\\\/\\\/fimacf.com\\\/es\\\/contatti\\\/#primaryimage\"},\"thumbnailUrl\":\"https:\\\/\\\/fimacf.com\\\/wp-content\\\/uploads\\\/2024\\\/11\\\/car.svg\",\"datePublished\":\"2024-10-30T23:49:34+00:00\",\"dateModified\":\"2024-12-18T16:34:06+00:00\",\"description\":\"Contatti - Fima - Carlo Frattini - Taps and Accessories made in Italy\",\"breadcrumb\":{\"@id\":\"https:\\\/\\\/fimacf.com\\\/es\\\/contatti\\\/#breadcrumb\"},\"inLanguage\":\"es\",\"potentialAction\":[{\"@type\":\"ReadAction\",\"target\":[\"https:\\\/\\\/fimacf.com\\\/es\\\/contatti\\\/\"]}]},{\"@type\":\"ImageObject\",\"inLanguage\":\"es\",\"@id\":\"https:\\\/\\\/fimacf.com\\\/es\\\/contatti\\\/#primaryimage\",\"url\":\"https:\\\/\\\/fimacf.com\\\/wp-content\\\/uploads\\\/2024\\\/11\\\/car.svg\",\"contentUrl\":\"https:\\\/\\\/fimacf.com\\\/wp-content\\\/uploads\\\/2024\\\/11\\\/car.svg\"},{\"@type\":\"BreadcrumbList\",\"@id\":\"https:\\\/\\\/fimacf.com\\\/es\\\/contatti\\\/#breadcrumb\",\"itemListElement\":[{\"@type\":\"ListItem\",\"position\":1,\"name\":\"Home\",\"item\":\"https:\\\/\\\/fimacf.com\\\/es\\\/\"},{\"@type\":\"ListItem\",\"position\":2,\"name\":\"Contatti\"}]},{\"@type\":\"WebSite\",\"@id\":\"https:\\\/\\\/fimacf.com\\\/es\\\/#website\",\"url\":\"https:\\\/\\\/fimacf.com\\\/es\\\/\",\"name\":\"Fima - Carlo Frattini - Taps and Accessories made in Italy\",\"description\":\"\",\"publisher\":{\"@id\":\"https:\\\/\\\/fimacf.com\\\/es\\\/#organization\"},\"potentialAction\":[{\"@type\":\"SearchAction\",\"target\":{\"@type\":\"EntryPoint\",\"urlTemplate\":\"https:\\\/\\\/fimacf.com\\\/es\\\/?s={search_term_string}\"},\"query-input\":{\"@type\":\"PropertyValueSpecification\",\"valueRequired\":true,\"valueName\":\"search_term_string\"}}],\"inLanguage\":\"es\"},{\"@type\":\"Organization\",\"@id\":\"https:\\\/\\\/fimacf.com\\\/es\\\/#organization\",\"name\":\"FIMA CARLO FRATTINI S.P.A.\",\"url\":\"https:\\\/\\\/fimacf.com\\\/es\\\/\",\"logo\":{\"@type\":\"ImageObject\",\"inLanguage\":\"es\",\"@id\":\"https:\\\/\\\/fimacf.com\\\/es\\\/#\\\/schema\\\/logo\\\/image\\\/\",\"url\":\"https:\\\/\\\/fimacf.com\\\/wp-content\\\/uploads\\\/2024\\\/12\\\/fimacf-yost.png\",\"contentUrl\":\"https:\\\/\\\/fimacf.com\\\/wp-content\\\/uploads\\\/2024\\\/12\\\/fimacf-yost.png\",\"width\":696,\"height\":696,\"caption\":\"FIMA CARLO FRATTINI S.P.A.\"},\"image\":{\"@id\":\"https:\\\/\\\/fimacf.com\\\/es\\\/#\\\/schema\\\/logo\\\/image\\\/\"},\"sameAs\":[\"https:\\\/\\\/www.facebook.com\\\/fimacarlofrattini\\\/\"]}]}<\/script>\n<!-- \/ Yoast SEO plugin. -->","yoast_head_json":{"title":"Contatti - Fima - Carlo Frattini - Taps and Accessories made in Italy","description":"Contatti - Fima - Carlo Frattini - Taps and Accessories made in Italy","robots":{"index":"index","follow":"follow","max-snippet":"max-snippet:-1","max-image-preview":"max-image-preview:large","max-video-preview":"max-video-preview:-1"},"canonical":"https:\/\/fimacf.com\/es\/contatti\/","og_locale":"es_ES","og_type":"article","og_title":"Contatti - Fima - Carlo Frattini - Taps and Accessories made in Italy","og_description":"Contatti - Fima - Carlo Frattini - Taps and Accessories made in Italy","og_url":"https:\/\/fimacf.com\/es\/contatti\/","og_site_name":"Fima - Carlo Frattini - Taps and Accessories made in Italy","article_publisher":"https:\/\/www.facebook.com\/fimacarlofrattini\/","article_modified_time":"2024-12-18T16:34:06+00:00","og_image":[{"url":"https:\/\/fimacf.com\/wp-content\/uploads\/2024\/11\/car.svg","type":"","width":"","height":""}],"schema":{"@context":"https:\/\/schema.org","@graph":[{"@type":"WebPage","@id":"https:\/\/fimacf.com\/es\/contatti\/","url":"https:\/\/fimacf.com\/es\/contatti\/","name":"Contatti - Fima - Carlo Frattini - Taps and Accessories made in Italy","isPartOf":{"@id":"https:\/\/fimacf.com\/es\/#website"},"primaryImageOfPage":{"@id":"https:\/\/fimacf.com\/es\/contatti\/#primaryimage"},"image":{"@id":"https:\/\/fimacf.com\/es\/contatti\/#primaryimage"},"thumbnailUrl":"https:\/\/fimacf.com\/wp-content\/uploads\/2024\/11\/car.svg","datePublished":"2024-10-30T23:49:34+00:00","dateModified":"2024-12-18T16:34:06+00:00","description":"Contatti - Fima - Carlo Frattini - Taps and Accessories made in Italy","breadcrumb":{"@id":"https:\/\/fimacf.com\/es\/contatti\/#breadcrumb"},"inLanguage":"es","potentialAction":[{"@type":"ReadAction","target":["https:\/\/fimacf.com\/es\/contatti\/"]}]},{"@type":"ImageObject","inLanguage":"es","@id":"https:\/\/fimacf.com\/es\/contatti\/#primaryimage","url":"https:\/\/fimacf.com\/wp-content\/uploads\/2024\/11\/car.svg","contentUrl":"https:\/\/fimacf.com\/wp-content\/uploads\/2024\/11\/car.svg"},{"@type":"BreadcrumbList","@id":"https:\/\/fimacf.com\/es\/contatti\/#breadcrumb","itemListElement":[{"@type":"ListItem","position":1,"name":"Home","item":"https:\/\/fimacf.com\/es\/"},{"@type":"ListItem","position":2,"name":"Contatti"}]},{"@type":"WebSite","@id":"https:\/\/fimacf.com\/es\/#website","url":"https:\/\/fimacf.com\/es\/","name":"Fima - Carlo Frattini - Taps and Accessories made in Italy","description":"","publisher":{"@id":"https:\/\/fimacf.com\/es\/#organization"},"potentialAction":[{"@type":"SearchAction","target":{"@type":"EntryPoint","urlTemplate":"https:\/\/fimacf.com\/es\/?s={search_term_string}"},"query-input":{"@type":"PropertyValueSpecification","valueRequired":true,"valueName":"search_term_string"}}],"inLanguage":"es"},{"@type":"Organization","@id":"https:\/\/fimacf.com\/es\/#organization","name":"FIMA CARLO FRATTINI S.P.A.","url":"https:\/\/fimacf.com\/es\/","logo":{"@type":"ImageObject","inLanguage":"es","@id":"https:\/\/fimacf.com\/es\/#\/schema\/logo\/image\/","url":"https:\/\/fimacf.com\/wp-content\/uploads\/2024\/12\/fimacf-yost.png","contentUrl":"https:\/\/fimacf.com\/wp-content\/uploads\/2024\/12\/fimacf-yost.png","width":696,"height":696,"caption":"FIMA CARLO FRATTINI S.P.A."},"image":{"@id":"https:\/\/fimacf.com\/es\/#\/schema\/logo\/image\/"},"sameAs":["https:\/\/www.facebook.com\/fimacarlofrattini\/"]}]}},"_links":{"self":[{"href":"https:\/\/fimacf.com\/es\/wp-json\/wp\/v2\/pages\/12335","targetHints":{"allow":["GET"]}}],"collection":[{"href":"https:\/\/fimacf.com\/es\/wp-json\/wp\/v2\/pages"}],"about":[{"href":"https:\/\/fimacf.com\/es\/wp-json\/wp\/v2\/types\/page"}],"author":[{"embeddable":true,"href":"https:\/\/fimacf.com\/es\/wp-json\/wp\/v2\/users\/1"}],"replies":[{"embeddable":true,"href":"https:\/\/fimacf.com\/es\/wp-json\/wp\/v2\/comments?post=12335"}],"version-history":[{"count":0,"href":"https:\/\/fimacf.com\/es\/wp-json\/wp\/v2\/pages\/12335\/revisions"}],"wp:attachment":[{"href":"https:\/\/fimacf.com\/es\/wp-json\/wp\/v2\/media?parent=12335"}],"curies":[{"name":"wp","href":"https:\/\/api.w.org\/{rel}","templated":true}]}}