{"id":20534,"date":"2025-01-07T09:10:34","date_gmt":"2025-01-07T08:10:34","guid":{"rendered":"https:\/\/fimacf.com\/chi-siamo\/"},"modified":"2025-02-04T15:00:46","modified_gmt":"2025-02-04T14:00:46","slug":"quienes-somos","status":"publish","type":"page","link":"https:\/\/fimacf.com\/es\/quienes-somos\/","title":{"rendered":"About"},"content":{"rendered":"\n<div class=\"wp-block-themepunch-revslider revslider\" data-modal=\"false\" data-slidertitle=\"Video Vimeo ABOUT\">\n\t\t\t\t<p class=\"rs-p-wp-fix\"><\/p>\n\t\t\t\t<sr7-module data-alias=\"video-vimeo-pagina-xxxxx-1\" data-id=\"5\" id=\"SR7_5_1\" class=\"rs-ov-hidden\" data-version=\"6.7.53\">\n\t\t\t\t\t<sr7-adjuster><\/sr7-adjuster>\n\t\t\t\t\t<sr7-content>\n\t\t\t\t\t\t<sr7-slide id=\"SR7_5_1-15\" data-key=\"15\">\n\t\t\t\t\t\t<\/sr7-slide>\n\t\t\t\t\t\t<sr7-slide id=\"SR7_5_1-16\" data-key=\"16\">\n\t\t\t\t\t\t<\/sr7-slide>\n\t\t\t\t\t<\/sr7-content>\n\t\t\t\t<\/sr7-module>\n\t\t\t\t<script>\n\t\t\t\t\twindow.SR7 ??={};SR7.PMH ??={}; SR7.PMH[\"SR7_5_1\"] = {cn:100,state:false,fn: function() { if (window._tpt!==undefined && window._tpt.prepareModuleHeight !== undefined) {  _tpt.prepareModuleHeight({id:\"SR7_5_1\",el:[900,900,768,960,720],type:'standard',shdw:'0',gh:[900,900,743,565,349],gw:[1240,1240,1024,778,480],vpt:['-100px'],size:{fullWidth:true, fullHeight:false},mh:'0',onh:0,onw:0,bg:{color:'{\"orig\":\"transparent\",\"type\":\"solid\",\"string\":\"transparent\"}'}});   SR7.PMH[\"SR7_5_1\"].state=true;} else if(SR7.PMH[\"SR7_5_1\"].cn-->0)\tsetTimeout( SR7.PMH[\"SR7_5_1\"].fn,19);}};SR7.PMH[\"SR7_5_1\" ].fn();\n\t\t\t\t<\/script>\n<\/div>\n\n\n\n<div class=\"wp-block-group alignfull hp-box has-background has-global-padding is-layout-constrained wp-block-group-is-layout-constrained\" style=\"background-color:#eeecec;padding-top:var(--wp--preset--spacing--60);padding-bottom:var(--wp--preset--spacing--90)\">\n<div class=\"wp-block-group has-global-padding is-layout-constrained wp-container-core-group-is-layout-01bca0af wp-block-group-is-layout-constrained\">\n<p class=\"has-text-align-center has-text-color has-link-color has-large-font-size wp-elements-f5d1bd6db9bace0cdee7585bb9778b51\" style=\"color:#4d4d4d\"><em>\u201c Nuestra empresa es de car\u00e1cter familiar.<br>Este es un valor importante que se mantiene.<br>Actualmente son mis hijos y mi familia quienes dirigen la empresa.<br>El grifo ha sido nuestro punto de llegada, a trav\u00e9s del cual hemos conseguido transmitir nuestra imagen, la marca, el estilo. Y aunque fuimos de los \u00faltimos en dedicarnos a este sector, en quince a\u00f1os hemos crecido y nos hemos especializado hasta el punto de estar en el presente entre los primeros productores de grifos de Italia.\u201d<br><\/em><br>Carlo Frattini, fundador de FIMA Carlo Frattini spa<\/p>\n<\/div>\n<\/div>\n\n\n\n<div style=\"height:100px\" aria-hidden=\"true\" class=\"wp-block-spacer\"><\/div>\n\n\n<section class=\"landing-blocco-4\">\n            <div class=\"landing-gallery\">\n            <div class=\"swiper dark\">\n                <div class=\"swiper-wrapper\">\n                    \n                            <div class=\"swiper-slide\">\n                                <div class=\"image\">\n                                    <img loading=\"lazy\" decoding=\"async\" width=\"2048\" height=\"1365\" src=\"https:\/\/fimacf.com\/wp-content\/uploads\/2025\/01\/SFN_6958.jpg\" class=\"attachment-full size-full\" alt=\"\" \/>                                <\/div>\n                            <\/div>\n                                            <\/div>\n                <div class=\"swiper-pagination\"><\/div>\n                <div class=\"swiper-button-next\"><i class=\"icon-arrow\"><\/i><\/div>\n                <div class=\"swiper-button-prev\"><i class=\"icon-arrow\"><\/i><\/div>\n            <\/div>\n        <\/div>\n    <\/section>\n\n\n<div class=\"wp-block-group has-global-padding is-layout-constrained wp-container-core-group-is-layout-0bce5b99 wp-block-group-is-layout-constrained\" style=\"padding-top:var(--wp--preset--spacing--30);padding-bottom:var(--wp--preset--spacing--60)\">\n<p class=\"has-text-align-center has-text-color has-link-color has-large-font-size wp-elements-d030a0b2db67a8a57e85e5ae930ffe84\" style=\"color:#4d4d4d;letter-spacing:0em\">La historia de FIMA Carlo Frattini es una historia de familia, pasi\u00f3n y valores transmitidos de generaci\u00f3n en generaci\u00f3n.<br><br><strong>Cuidado, elegancia, innovaci\u00f3n<\/strong>: principios que no solo han definido el trabajo de nuestro fundador, sino que tambi\u00e9n han representado la base sobre la cual construir una cultura de empresa s\u00f3lida y duradera, transmitida como un valioso patrimonio a las generaciones siguientes.<br><\/p>\n\n\n\n<p class=\"has-text-align-center has-text-color has-link-color has-large-font-size wp-elements-4238f2a50f600560d3552075b253bab1\" style=\"color:#4d4d4d;letter-spacing:0em\">Hoy nuestra empresa sigue creciendo y evolucionando.<br>Cada producto que creamos es un homenaje a la visi\u00f3n de Carlo<br>y un testimonio de nuestro compromiso para llevar sus valores hacia el futuro.<\/p>\n<\/div>\n\n\n\n<div class=\"wp-block-group alignfull hp-box has-background has-global-padding is-layout-constrained wp-block-group-is-layout-constrained\" style=\"background-color:#eeecec;padding-top:var(--wp--preset--spacing--60);padding-bottom:var(--wp--preset--spacing--60)\">\n<h2 class=\"wp-block-heading has-text-align-center has-text-color has-link-color wp-elements-6bf3e18a17ee4184a48f590e4755975e\" style=\"color:#4d4d4d;padding-top:var(--wp--preset--spacing--120);padding-bottom:var(--wp--preset--spacing--120);font-style:normal;font-weight:300\"><strong>elegance<\/strong> in details<\/h2>\n<\/div>\n\n\n\n<div style=\"height:100px\" aria-hidden=\"true\" class=\"wp-block-spacer\"><\/div>\n\n\n<section class=\"landing-blocco-4\">\n            <div class=\"landing-gallery\">\n            <div class=\"swiper dark\">\n                <div class=\"swiper-wrapper\">\n                    \n                            <div class=\"swiper-slide\">\n                                <div class=\"image\">\n                                    <img loading=\"lazy\" decoding=\"async\" width=\"1920\" height=\"1263\" src=\"https:\/\/fimacf.com\/wp-content\/uploads\/2025\/01\/Fima_Carlo_Frattini_About_Dettaglio_Detail_Cura_Care.webp\" class=\"attachment-full size-full\" alt=\"\" \/>                                <\/div>\n                            <\/div>\n                                            <\/div>\n                <div class=\"swiper-pagination\"><\/div>\n                <div class=\"swiper-button-next\"><i class=\"icon-arrow\"><\/i><\/div>\n                <div class=\"swiper-button-prev\"><i class=\"icon-arrow\"><\/i><\/div>\n            <\/div>\n        <\/div>\n    <\/section>\n\n\n<div class=\"wp-block-group has-global-padding is-layout-constrained wp-block-group-is-layout-constrained\">\n<h2 class=\"wp-block-heading is-style-border-side-top has-text-color has-link-color has-h-1-font-size wp-elements-55d1de194289d7b294e9bd306226b865\" style=\"color:#4d4d4d;margin-bottom:var(--wp--preset--spacing--60);font-style:normal;font-weight:300;text-transform:uppercase\">DAMOS VALOR<br>A CADA DETALLE<\/h2>\n\n\n\n<div class=\"wp-block-group column-overlap has-global-padding is-layout-constrained wp-container-core-group-is-layout-2dfb090f wp-block-group-is-layout-constrained\" style=\"padding-top:0;padding-bottom:0\">\n<div class=\"wp-block-columns is-layout-flex wp-container-core-columns-is-layout-8eb77903 wp-block-columns-is-layout-flex\" style=\"margin-top:0;margin-bottom:0\">\n<div class=\"wp-block-column is-vertically-aligned-bottom is-layout-flow wp-block-column-is-layout-flow\">\n<div class=\"wp-block-group has-background has-global-padding is-layout-constrained wp-container-core-group-is-layout-f4089bf8 wp-block-group-is-layout-constrained\" style=\"background-color:#eeecec;padding-top:174px;padding-right:18px;padding-bottom:28px;padding-left:18px\">\n<p class=\"has-text-color has-link-color has-h-3-font-size wp-elements-3e605a958b5f7222591a0d098d773c65\" style=\"color:#4d4d4d;font-style:normal;font-weight:400;line-height:1.26\">atenci\u00f3n, escucha, protecci\u00f3n<\/p>\n<\/div>\n<\/div>\n\n\n\n<div class=\"wp-block-column is-layout-flow wp-block-column-is-layout-flow\" style=\"padding-bottom:170px\">\n<p class=\"has-text-color has-link-color has-large-font-size wp-elements-9787952c9d2d5bf1349a80367db419ce\" style=\"color:#4d4d4d\">El concepto de cuidado tiene m\u00faltiples significados para nosotros.<br><br>Es atenci\u00f3n a los detalles, porque son los que nos permiten lograr la excelencia cualitativa.<br>Es escuchar al cliente para comprender y satisfacer sus necesidades con productos que mejoren su experiencia y servicios que faciliten su itinerario de compra.<br><br>Es la protecci\u00f3n del territorio y del medio ambiente a trav\u00e9s de pr\u00e1cticas virtuosas y sostenibles.<\/p>\n<\/div>\n<\/div>\n\n\n\n<div style=\"height:40px\" aria-hidden=\"true\" class=\"wp-block-spacer\"><\/div>\n<\/div>\n<\/div>\n\n\n<section class=\"landing-blocco-4\">\n            <div class=\"landing-gallery\">\n            <div class=\"swiper dark\">\n                <div class=\"swiper-wrapper\">\n                    \n                            <div class=\"swiper-slide\">\n                                <div class=\"image\">\n                                    <img loading=\"lazy\" decoding=\"async\" width=\"1920\" height=\"1263\" src=\"https:\/\/fimacf.com\/wp-content\/uploads\/2025\/01\/Fima_Carlo_Frattini_About_Dettaglio_Slide_.webp\" class=\"attachment-full size-full\" alt=\"\" \/>                                <\/div>\n                            <\/div>\n                                            <\/div>\n                <div class=\"swiper-pagination\"><\/div>\n                <div class=\"swiper-button-next\"><i class=\"icon-arrow\"><\/i><\/div>\n                <div class=\"swiper-button-prev\"><i class=\"icon-arrow\"><\/i><\/div>\n            <\/div>\n        <\/div>\n    <\/section>\n\n\n<div class=\"wp-block-group has-global-padding is-layout-constrained wp-block-group-is-layout-constrained\">\n<h2 class=\"wp-block-heading is-style-border-side-top has-text-color has-link-color has-h-1-font-size wp-elements-f688d5286f6cca4a983ef7aca8fa2087\" style=\"color:#4d4d4d;margin-bottom:var(--wp--preset--spacing--60);font-style:normal;font-weight:300;text-transform:uppercase\">RESALTAMOS LA BELLEZA DE LA SENCILLEZ<\/h2>\n\n\n\n<div class=\"wp-block-group column-overlap has-global-padding is-layout-constrained wp-container-core-group-is-layout-2dfb090f wp-block-group-is-layout-constrained\" style=\"padding-top:0;padding-bottom:0\">\n<div class=\"wp-block-columns is-layout-flex wp-container-core-columns-is-layout-8eb77903 wp-block-columns-is-layout-flex\" style=\"margin-top:0;margin-bottom:0\">\n<div class=\"wp-block-column is-layout-flow wp-block-column-is-layout-flow\" style=\"padding-bottom:170px\">\n<p class=\"has-text-color has-link-color has-large-font-size wp-elements-2bbbc083d88d682c99adc05d6641add8\" style=\"color:#4d4d4d\">Para nosotros, la <strong>elegancia<\/strong> no es una cuesti\u00f3n est\u00e9tica, sino una filosof\u00eda. Impregna todos los aspectos del proceso de dise\u00f1o y producci\u00f3n de los productos y de interacci\u00f3n con los clientes, creando una experiencia global que resuena con refinamiento y respeto.<br><br>Para nosotros, la elegancia no es un solo detalle, sino la b\u00fasqueda de la simplicidad entendida como equilibrio geom\u00e9trico, limpieza formal y ligereza.<br><br>Es una est\u00e9tica discreta y nunca ostentosa, sugerida por una h\u00e1bil mezcla de materiales, texturas, colores y tramas.<br><\/p>\n<\/div>\n\n\n\n<div class=\"wp-block-column is-vertically-aligned-bottom is-layout-flow wp-block-column-is-layout-flow\">\n<div class=\"wp-block-group has-background has-global-padding is-layout-constrained wp-container-core-group-is-layout-d14d1360 wp-block-group-is-layout-constrained\" style=\"background-color:#eeecec;padding-top:174px;padding-right:35px;padding-bottom:28px;padding-left:35px\">\n<p class=\"has-text-color has-link-color has-h-3-font-size wp-elements-e50f33c536f7527458ed6b1056f3c8bb\" style=\"color:#4d4d4d;font-style:normal;font-weight:400;line-height:1.26\">la elegancia no es<br>una cuesti\u00f3n est\u00e9tica,<br>sino una filosof\u00eda<\/p>\n<\/div>\n<\/div>\n<\/div>\n\n\n\n<div style=\"height:40px\" aria-hidden=\"true\" class=\"wp-block-spacer\"><\/div>\n<\/div>\n<\/div>\n\n\n\n<div style=\"height:35px\" aria-hidden=\"true\" class=\"wp-block-spacer\"><\/div>\n\n\n\n<div class=\"wp-block-group container has-global-padding is-layout-constrained wp-container-core-group-is-layout-19e250f3 wp-block-group-is-layout-constrained\" style=\"min-height:600px\">\n<div class=\"wp-block-themepunch-revslider revslider\" data-modal=\"false\" data-slidertitle=\"Video Vimeo - ABOUT_PVD\">\n\t\t\t\t<p class=\"rs-p-wp-fix\"><\/p>\n\t\t\t\t<sr7-module data-alias=\"video-vimeo-interno-1\" data-id=\"7\" id=\"SR7_7_2\" class=\"rs-ov-hidden\" data-version=\"6.7.53\">\n\t\t\t\t\t<sr7-adjuster><\/sr7-adjuster>\n\t\t\t\t\t<sr7-content>\n\t\t\t\t\t\t<sr7-slide id=\"SR7_7_2-19\" data-key=\"19\">\n\t\t\t\t\t\t<\/sr7-slide>\n\t\t\t\t\t\t<sr7-slide id=\"SR7_7_2-20\" data-key=\"20\">\n\t\t\t\t\t\t<\/sr7-slide>\n\t\t\t\t\t<\/sr7-content>\n\t\t\t\t<\/sr7-module>\n\t\t\t\t<script>\n\t\t\t\t\twindow.SR7 ??={};SR7.PMH ??={}; SR7.PMH[\"SR7_7_2\"] = {cn:100,state:false,fn: function() { if (window._tpt!==undefined && window._tpt.prepareModuleHeight !== undefined) {  _tpt.prepareModuleHeight({id:\"SR7_7_2\",el:[1080,1080,768,960,720],type:'standard',shdw:'0',gh:[1080,1080,576,438,270],gw:[1920,1920,1024,778,480],vpt:['-100px'],size:{fullWidth:false, fullHeight:false},mh:'0',onh:0,onw:0,bg:{color:'{\"orig\":\"transparent\",\"type\":\"solid\",\"string\":\"transparent\"}'}});   SR7.PMH[\"SR7_7_2\"].state=true;} else if(SR7.PMH[\"SR7_7_2\"].cn-->0)\tsetTimeout( SR7.PMH[\"SR7_7_2\"].fn,19);}};SR7.PMH[\"SR7_7_2\" ].fn();\n\t\t\t\t<\/script>\n<\/div>\n<\/div>\n\n\n\n<div style=\"height:35px\" aria-hidden=\"true\" class=\"wp-block-spacer\"><\/div>\n\n\n\n<div class=\"wp-block-group has-global-padding is-layout-constrained wp-block-group-is-layout-constrained\">\n<div class=\"wp-block-group has-global-padding is-content-justification-right is-layout-constrained wp-container-core-group-is-layout-d1c53aae wp-block-group-is-layout-constrained\">\n<h2 class=\"wp-block-heading is-style-border-side-top has-text-color has-link-color has-h-1-font-size wp-elements-95650870713fd168b67070dd3ddcc271\" style=\"color:#4d4d4d;margin-bottom:var(--wp--preset--spacing--60);font-style:normal;font-weight:300;text-transform:uppercase\">ASPIRAMOS A SUPERAR LAS EXPECTATIVAS<\/h2>\n<\/div>\n\n\n\n<div class=\"wp-block-group column-overlap has-global-padding is-layout-constrained wp-container-core-group-is-layout-2dfb090f wp-block-group-is-layout-constrained\" style=\"padding-top:0;padding-bottom:0\">\n<div class=\"wp-block-columns is-layout-flex wp-container-core-columns-is-layout-8eb77903 wp-block-columns-is-layout-flex\" style=\"margin-top:0;margin-bottom:0\">\n<div class=\"wp-block-column is-vertically-aligned-bottom is-layout-flow wp-block-column-is-layout-flow\">\n<div class=\"wp-block-group has-background has-global-padding is-layout-constrained wp-container-core-group-is-layout-f4089bf8 wp-block-group-is-layout-constrained\" style=\"background-color:#eeecec;padding-top:174px;padding-right:18px;padding-bottom:28px;padding-left:18px\">\n<p class=\"has-text-color has-link-color has-h-3-font-size wp-elements-fd742420e7fd8215029b1a20e235bfa0\" style=\"color:#4d4d4d;font-style:normal;font-weight:400;line-height:1.26\">traducir aspiraciones<br>y deseos en soluciones<\/p>\n<\/div>\n<\/div>\n\n\n\n<div class=\"wp-block-column is-layout-flow wp-block-column-is-layout-flow\" style=\"padding-bottom:170px\">\n<p class=\"has-text-color has-link-color has-large-font-size wp-elements-a61995d7bc28ee3f4f1084cf26e3af8b\" style=\"color:#4d4d4d\"><strong>Innovar<\/strong> significa traducir las aspiraciones y los deseos en soluciones orientadas a mejorar la experiencia diaria de nuestros clientes. Por ello, cada producto nace de un atento estudio de los gestos, del conocimiento de las tecnolog\u00edas y de los materiales, con el objetivo de crear soluciones duraderas y elegantes, seleccionadas para salvaguardar y respetar el medio ambiente.<\/p>\n<\/div>\n<\/div>\n\n\n\n<div style=\"height:40px\" aria-hidden=\"true\" class=\"wp-block-spacer\"><\/div>\n<\/div>\n<\/div>\n\n\n<section class=\"landing-blocco-4\">\n            <div class=\"landing-gallery\">\n            <div class=\"swiper dark\">\n                <div class=\"swiper-wrapper\">\n                    \n                            <div class=\"swiper-slide\">\n                                <div class=\"image\">\n                                    <img loading=\"lazy\" decoding=\"async\" width=\"1920\" height=\"1263\" src=\"https:\/\/fimacf.com\/wp-content\/uploads\/2025\/01\/Fima_Carlo_Frattini_About_Salone_2024.webp\" class=\"attachment-full size-full\" alt=\"\" \/>                                <\/div>\n                            <\/div>\n                                            <\/div>\n                <div class=\"swiper-pagination\"><\/div>\n                <div class=\"swiper-button-next\"><i class=\"icon-arrow\"><\/i><\/div>\n                <div class=\"swiper-button-prev\"><i class=\"icon-arrow\"><\/i><\/div>\n            <\/div>\n        <\/div>\n    <\/section>\n\n\n<div style=\"height:240px\" aria-hidden=\"true\" class=\"wp-block-spacer\"><\/div>\n","protected":false},"excerpt":{"rendered":"<p>\u201c Nuestra empresa es de car\u00e1cter familiar.Este es un valor importante que se mantiene.Actualmente son mis hijos y mi familia&#8230;<\/p>\n","protected":false},"author":2,"featured_media":0,"parent":0,"menu_order":0,"comment_status":"closed","ping_status":"closed","template":"","meta":{"_acf_changed":true,"inline_featured_image":false,"_lmt_disableupdate":"no","_lmt_disable":"","footnotes":""},"class_list":["post-20534","page","type-page","status-publish","hentry"],"acf":[],"yoast_head":"<!-- This site is optimized with the Yoast SEO plugin v27.4 - https:\/\/yoast.com\/product\/yoast-seo-wordpress\/ -->\n<title>About - Fima - Carlo Frattini - Taps and Accessories made in Italy<\/title>\n<meta name=\"description\" content=\"About - Fima - Carlo Frattini - Taps and Accessories made in Italy\" \/>\n<meta name=\"robots\" content=\"index, follow, max-snippet:-1, max-image-preview:large, max-video-preview:-1\" \/>\n<link rel=\"canonical\" href=\"https:\/\/fimacf.com\/es\/quienes-somos\/\" \/>\n<meta property=\"og:locale\" content=\"es_ES\" \/>\n<meta property=\"og:type\" content=\"article\" \/>\n<meta property=\"og:title\" content=\"About - Fima - Carlo Frattini - Taps and Accessories made in Italy\" \/>\n<meta property=\"og:description\" content=\"About - Fima - Carlo Frattini - Taps and Accessories made in Italy\" \/>\n<meta property=\"og:url\" content=\"https:\/\/fimacf.com\/es\/quienes-somos\/\" \/>\n<meta property=\"og:site_name\" content=\"Fima - Carlo Frattini - Taps and Accessories made in Italy\" \/>\n<meta property=\"article:publisher\" content=\"https:\/\/www.facebook.com\/fimacarlofrattini\/\" \/>\n<meta property=\"article:modified_time\" content=\"2025-02-04T14:00:46+00:00\" \/>\n<script type=\"application\/ld+json\" class=\"yoast-schema-graph\">{\"@context\":\"https:\\\/\\\/schema.org\",\"@graph\":[{\"@type\":\"WebPage\",\"@id\":\"https:\\\/\\\/fimacf.com\\\/es\\\/quienes-somos\\\/\",\"url\":\"https:\\\/\\\/fimacf.com\\\/es\\\/quienes-somos\\\/\",\"name\":\"About - Fima - Carlo Frattini - Taps and Accessories made in Italy\",\"isPartOf\":{\"@id\":\"https:\\\/\\\/fimacf.com\\\/es\\\/#website\"},\"datePublished\":\"2025-01-07T08:10:34+00:00\",\"dateModified\":\"2025-02-04T14:00:46+00:00\",\"description\":\"About - Fima - Carlo Frattini - Taps and Accessories made in Italy\",\"breadcrumb\":{\"@id\":\"https:\\\/\\\/fimacf.com\\\/es\\\/quienes-somos\\\/#breadcrumb\"},\"inLanguage\":\"es\",\"potentialAction\":[{\"@type\":\"ReadAction\",\"target\":[\"https:\\\/\\\/fimacf.com\\\/es\\\/quienes-somos\\\/\"]}]},{\"@type\":\"BreadcrumbList\",\"@id\":\"https:\\\/\\\/fimacf.com\\\/es\\\/quienes-somos\\\/#breadcrumb\",\"itemListElement\":[{\"@type\":\"ListItem\",\"position\":1,\"name\":\"Home\",\"item\":\"https:\\\/\\\/fimacf.com\\\/es\\\/\"},{\"@type\":\"ListItem\",\"position\":2,\"name\":\"About\"}]},{\"@type\":\"WebSite\",\"@id\":\"https:\\\/\\\/fimacf.com\\\/es\\\/#website\",\"url\":\"https:\\\/\\\/fimacf.com\\\/es\\\/\",\"name\":\"Fima - Carlo Frattini - Taps and Accessories made in Italy\",\"description\":\"\",\"publisher\":{\"@id\":\"https:\\\/\\\/fimacf.com\\\/es\\\/#organization\"},\"potentialAction\":[{\"@type\":\"SearchAction\",\"target\":{\"@type\":\"EntryPoint\",\"urlTemplate\":\"https:\\\/\\\/fimacf.com\\\/es\\\/?s={search_term_string}\"},\"query-input\":{\"@type\":\"PropertyValueSpecification\",\"valueRequired\":true,\"valueName\":\"search_term_string\"}}],\"inLanguage\":\"es\"},{\"@type\":\"Organization\",\"@id\":\"https:\\\/\\\/fimacf.com\\\/es\\\/#organization\",\"name\":\"FIMA CARLO FRATTINI S.P.A.\",\"url\":\"https:\\\/\\\/fimacf.com\\\/es\\\/\",\"logo\":{\"@type\":\"ImageObject\",\"inLanguage\":\"es\",\"@id\":\"https:\\\/\\\/fimacf.com\\\/es\\\/#\\\/schema\\\/logo\\\/image\\\/\",\"url\":\"https:\\\/\\\/fimacf.com\\\/wp-content\\\/uploads\\\/2024\\\/12\\\/fimacf-yost.png\",\"contentUrl\":\"https:\\\/\\\/fimacf.com\\\/wp-content\\\/uploads\\\/2024\\\/12\\\/fimacf-yost.png\",\"width\":696,\"height\":696,\"caption\":\"FIMA CARLO FRATTINI S.P.A.\"},\"image\":{\"@id\":\"https:\\\/\\\/fimacf.com\\\/es\\\/#\\\/schema\\\/logo\\\/image\\\/\"},\"sameAs\":[\"https:\\\/\\\/www.facebook.com\\\/fimacarlofrattini\\\/\"]}]}<\/script>\n<!-- \/ Yoast SEO plugin. -->","yoast_head_json":{"title":"About - Fima - Carlo Frattini - Taps and Accessories made in Italy","description":"About - Fima - Carlo Frattini - Taps and Accessories made in Italy","robots":{"index":"index","follow":"follow","max-snippet":"max-snippet:-1","max-image-preview":"max-image-preview:large","max-video-preview":"max-video-preview:-1"},"canonical":"https:\/\/fimacf.com\/es\/quienes-somos\/","og_locale":"es_ES","og_type":"article","og_title":"About - Fima - Carlo Frattini - Taps and Accessories made in Italy","og_description":"About - Fima - Carlo Frattini - Taps and Accessories made in Italy","og_url":"https:\/\/fimacf.com\/es\/quienes-somos\/","og_site_name":"Fima - Carlo Frattini - Taps and Accessories made in Italy","article_publisher":"https:\/\/www.facebook.com\/fimacarlofrattini\/","article_modified_time":"2025-02-04T14:00:46+00:00","schema":{"@context":"https:\/\/schema.org","@graph":[{"@type":"WebPage","@id":"https:\/\/fimacf.com\/es\/quienes-somos\/","url":"https:\/\/fimacf.com\/es\/quienes-somos\/","name":"About - Fima - Carlo Frattini - Taps and Accessories made in Italy","isPartOf":{"@id":"https:\/\/fimacf.com\/es\/#website"},"datePublished":"2025-01-07T08:10:34+00:00","dateModified":"2025-02-04T14:00:46+00:00","description":"About - Fima - Carlo Frattini - Taps and Accessories made in Italy","breadcrumb":{"@id":"https:\/\/fimacf.com\/es\/quienes-somos\/#breadcrumb"},"inLanguage":"es","potentialAction":[{"@type":"ReadAction","target":["https:\/\/fimacf.com\/es\/quienes-somos\/"]}]},{"@type":"BreadcrumbList","@id":"https:\/\/fimacf.com\/es\/quienes-somos\/#breadcrumb","itemListElement":[{"@type":"ListItem","position":1,"name":"Home","item":"https:\/\/fimacf.com\/es\/"},{"@type":"ListItem","position":2,"name":"About"}]},{"@type":"WebSite","@id":"https:\/\/fimacf.com\/es\/#website","url":"https:\/\/fimacf.com\/es\/","name":"Fima - Carlo Frattini - Taps and Accessories made in Italy","description":"","publisher":{"@id":"https:\/\/fimacf.com\/es\/#organization"},"potentialAction":[{"@type":"SearchAction","target":{"@type":"EntryPoint","urlTemplate":"https:\/\/fimacf.com\/es\/?s={search_term_string}"},"query-input":{"@type":"PropertyValueSpecification","valueRequired":true,"valueName":"search_term_string"}}],"inLanguage":"es"},{"@type":"Organization","@id":"https:\/\/fimacf.com\/es\/#organization","name":"FIMA CARLO FRATTINI S.P.A.","url":"https:\/\/fimacf.com\/es\/","logo":{"@type":"ImageObject","inLanguage":"es","@id":"https:\/\/fimacf.com\/es\/#\/schema\/logo\/image\/","url":"https:\/\/fimacf.com\/wp-content\/uploads\/2024\/12\/fimacf-yost.png","contentUrl":"https:\/\/fimacf.com\/wp-content\/uploads\/2024\/12\/fimacf-yost.png","width":696,"height":696,"caption":"FIMA CARLO FRATTINI S.P.A."},"image":{"@id":"https:\/\/fimacf.com\/es\/#\/schema\/logo\/image\/"},"sameAs":["https:\/\/www.facebook.com\/fimacarlofrattini\/"]}]}},"_links":{"self":[{"href":"https:\/\/fimacf.com\/es\/wp-json\/wp\/v2\/pages\/20534","targetHints":{"allow":["GET"]}}],"collection":[{"href":"https:\/\/fimacf.com\/es\/wp-json\/wp\/v2\/pages"}],"about":[{"href":"https:\/\/fimacf.com\/es\/wp-json\/wp\/v2\/types\/page"}],"author":[{"embeddable":true,"href":"https:\/\/fimacf.com\/es\/wp-json\/wp\/v2\/users\/2"}],"replies":[{"embeddable":true,"href":"https:\/\/fimacf.com\/es\/wp-json\/wp\/v2\/comments?post=20534"}],"version-history":[{"count":0,"href":"https:\/\/fimacf.com\/es\/wp-json\/wp\/v2\/pages\/20534\/revisions"}],"wp:attachment":[{"href":"https:\/\/fimacf.com\/es\/wp-json\/wp\/v2\/media?parent=20534"}],"curies":[{"name":"wp","href":"https:\/\/api.w.org\/{rel}","templated":true}]}}