{"id":13202,"date":"2024-10-28T18:55:42","date_gmt":"2024-10-28T17:55:42","guid":{"rendered":"https:\/\/fima.local\/prodotto\/prodotto\/"},"modified":"2025-05-21T20:59:42","modified_gmt":"2025-05-21T18:59:42","slug":"f2415-cano-encimera-para-banera","status":"publish","type":"product","link":"https:\/\/fimacf.com\/es\/producto\/f2415-cano-encimera-para-banera\/","title":{"rendered":"Ca\u00f1o encimera para ba\u00f1era"},"content":{"rendered":"<p>\u2022 ca\u00f1o 165 mm<\/p>\n","protected":false},"excerpt":{"rendered":"<p>\u2022 ca\u00f1o 165 mm<\/p>\n","protected":false},"featured_media":1864,"template":"","meta":{"_acf_changed":false,"inline_featured_image":false,"_lmt_disableupdate":"","_lmt_disable":""},"product_collezione":[148],"icona":[],"product_serie":[114],"product_brand":[],"product_cat":[700,702,706],"product_tag":[],"class_list":{"0":"post-13202","1":"product","2":"type-product","3":"status-publish","4":"has-post-thumbnail","6":"product_collezione-bagno","7":"product_serie-zeta","8":"product_cat-banera_es-es","9":"product_cat-bateria-encimera-para-banera_es","10":"product_cat-cano-mural_es","12":"first","13":"instock","14":"shipping-taxable","15":"product-type-simple"},"acf":[],"yoast_head":"<!-- This site is optimized with the Yoast SEO plugin v27.3 - https:\/\/yoast.com\/product\/yoast-seo-wordpress\/ -->\n<title>Zeta - F2415 - Ca\u00f1o encimera para ba\u00f1era - Fima - Carlo Frattini - Taps and Accessories made in Italy<\/title>\n<meta name=\"description\" content=\"Zeta - F2415 - Ca\u00f1o encimera para ba\u00f1era - \u2022 ca\u00f1o 165 mm - Ba\u00f1era, Bater\u00eda encimera para ba\u00f1era, Ca\u00f1o mural\" \/>\n<meta name=\"robots\" content=\"index, follow, max-snippet:-1, max-image-preview:large, max-video-preview:-1\" \/>\n<link rel=\"canonical\" href=\"https:\/\/fimacf.com\/es\/producto\/f2415-cano-encimera-para-banera\/\" \/>\n<meta property=\"og:locale\" content=\"es_ES\" \/>\n<meta property=\"og:type\" content=\"article\" \/>\n<meta property=\"og:title\" content=\"Zeta - F2415 - Ca\u00f1o encimera para ba\u00f1era - Fima - Carlo Frattini - Taps and Accessories made in Italy\" \/>\n<meta property=\"og:description\" content=\"Zeta - F2415 - Ca\u00f1o encimera para ba\u00f1era - \u2022 ca\u00f1o 165 mm - Ba\u00f1era, Bater\u00eda encimera para ba\u00f1era, Ca\u00f1o mural\" \/>\n<meta property=\"og:url\" content=\"https:\/\/fimacf.com\/es\/producto\/f2415-cano-encimera-para-banera\/\" \/>\n<meta property=\"og:site_name\" content=\"Fima - Carlo Frattini - Taps and Accessories made in Italy\" \/>\n<meta property=\"article:publisher\" content=\"https:\/\/www.facebook.com\/fimacarlofrattini\/\" \/>\n<meta property=\"article:modified_time\" content=\"2025-05-21T18:59:42+00:00\" \/>\n<meta property=\"og:image\" content=\"https:\/\/fimacf.com\/wp-content\/uploads\/2024\/10\/22493_9d82b794bc927d5.jpg\" \/>\n\t<meta property=\"og:image:width\" content=\"700\" \/>\n\t<meta property=\"og:image:height\" content=\"700\" \/>\n\t<meta property=\"og:image:type\" content=\"image\/jpeg\" \/>\n<script type=\"application\/ld+json\" class=\"yoast-schema-graph\">{\"@context\":\"https:\\\/\\\/schema.org\",\"@graph\":[{\"@type\":\"WebPage\",\"@id\":\"https:\\\/\\\/fimacf.com\\\/es\\\/producto\\\/f2415-cano-encimera-para-banera\\\/\",\"url\":\"https:\\\/\\\/fimacf.com\\\/es\\\/producto\\\/f2415-cano-encimera-para-banera\\\/\",\"name\":\"Zeta - F2415 - Ca\u00f1o encimera para ba\u00f1era - Fima - Carlo Frattini - Taps and Accessories made in Italy\",\"isPartOf\":{\"@id\":\"https:\\\/\\\/fimacf.com\\\/es\\\/#website\"},\"primaryImageOfPage\":{\"@id\":\"https:\\\/\\\/fimacf.com\\\/es\\\/producto\\\/f2415-cano-encimera-para-banera\\\/#primaryimage\"},\"image\":{\"@id\":\"https:\\\/\\\/fimacf.com\\\/es\\\/producto\\\/f2415-cano-encimera-para-banera\\\/#primaryimage\"},\"thumbnailUrl\":\"https:\\\/\\\/fimacf.com\\\/wp-content\\\/uploads\\\/2024\\\/10\\\/22493_9d82b794bc927d5.jpg\",\"datePublished\":\"2024-10-28T17:55:42+00:00\",\"dateModified\":\"2025-05-21T18:59:42+00:00\",\"description\":\"Zeta - F2415 - Ca\u00f1o encimera para ba\u00f1era - \u2022 ca\u00f1o 165 mm - Ba\u00f1era, Bater\u00eda encimera para ba\u00f1era, Ca\u00f1o mural\",\"breadcrumb\":{\"@id\":\"https:\\\/\\\/fimacf.com\\\/es\\\/producto\\\/f2415-cano-encimera-para-banera\\\/#breadcrumb\"},\"inLanguage\":\"es\",\"potentialAction\":[{\"@type\":\"ReadAction\",\"target\":[\"https:\\\/\\\/fimacf.com\\\/es\\\/producto\\\/f2415-cano-encimera-para-banera\\\/\"]}]},{\"@type\":\"ImageObject\",\"inLanguage\":\"es\",\"@id\":\"https:\\\/\\\/fimacf.com\\\/es\\\/producto\\\/f2415-cano-encimera-para-banera\\\/#primaryimage\",\"url\":\"https:\\\/\\\/fimacf.com\\\/wp-content\\\/uploads\\\/2024\\\/10\\\/22493_9d82b794bc927d5.jpg\",\"contentUrl\":\"https:\\\/\\\/fimacf.com\\\/wp-content\\\/uploads\\\/2024\\\/10\\\/22493_9d82b794bc927d5.jpg\",\"width\":700,\"height\":700},{\"@type\":\"BreadcrumbList\",\"@id\":\"https:\\\/\\\/fimacf.com\\\/es\\\/producto\\\/f2415-cano-encimera-para-banera\\\/#breadcrumb\",\"itemListElement\":[{\"@type\":\"ListItem\",\"position\":1,\"name\":\"Home\",\"item\":\"https:\\\/\\\/fimacf.com\\\/es\\\/\"},{\"@type\":\"ListItem\",\"position\":2,\"name\":\"Tienda\",\"item\":\"https:\\\/\\\/fimacf.com\\\/es\\\/tienda\\\/\"},{\"@type\":\"ListItem\",\"position\":3,\"name\":\"Ca\u00f1o encimera para ba\u00f1era\"}]},{\"@type\":\"WebSite\",\"@id\":\"https:\\\/\\\/fimacf.com\\\/es\\\/#website\",\"url\":\"https:\\\/\\\/fimacf.com\\\/es\\\/\",\"name\":\"Fima - Carlo Frattini - Taps and Accessories made in Italy\",\"description\":\"\",\"publisher\":{\"@id\":\"https:\\\/\\\/fimacf.com\\\/es\\\/#organization\"},\"potentialAction\":[{\"@type\":\"SearchAction\",\"target\":{\"@type\":\"EntryPoint\",\"urlTemplate\":\"https:\\\/\\\/fimacf.com\\\/es\\\/?s={search_term_string}\"},\"query-input\":{\"@type\":\"PropertyValueSpecification\",\"valueRequired\":true,\"valueName\":\"search_term_string\"}}],\"inLanguage\":\"es\"},{\"@type\":\"Organization\",\"@id\":\"https:\\\/\\\/fimacf.com\\\/es\\\/#organization\",\"name\":\"FIMA CARLO FRATTINI S.P.A.\",\"url\":\"https:\\\/\\\/fimacf.com\\\/es\\\/\",\"logo\":{\"@type\":\"ImageObject\",\"inLanguage\":\"es\",\"@id\":\"https:\\\/\\\/fimacf.com\\\/es\\\/#\\\/schema\\\/logo\\\/image\\\/\",\"url\":\"https:\\\/\\\/fimacf.com\\\/wp-content\\\/uploads\\\/2024\\\/12\\\/fimacf-yost.png\",\"contentUrl\":\"https:\\\/\\\/fimacf.com\\\/wp-content\\\/uploads\\\/2024\\\/12\\\/fimacf-yost.png\",\"width\":696,\"height\":696,\"caption\":\"FIMA CARLO FRATTINI S.P.A.\"},\"image\":{\"@id\":\"https:\\\/\\\/fimacf.com\\\/es\\\/#\\\/schema\\\/logo\\\/image\\\/\"},\"sameAs\":[\"https:\\\/\\\/www.facebook.com\\\/fimacarlofrattini\\\/\"]}]}<\/script>\n<!-- \/ Yoast SEO plugin. -->","yoast_head_json":{"title":"Zeta - F2415 - Ca\u00f1o encimera para ba\u00f1era - Fima - Carlo Frattini - Taps and Accessories made in Italy","description":"Zeta - F2415 - Ca\u00f1o encimera para ba\u00f1era - \u2022 ca\u00f1o 165 mm - Ba\u00f1era, Bater\u00eda encimera para ba\u00f1era, Ca\u00f1o mural","robots":{"index":"index","follow":"follow","max-snippet":"max-snippet:-1","max-image-preview":"max-image-preview:large","max-video-preview":"max-video-preview:-1"},"canonical":"https:\/\/fimacf.com\/es\/producto\/f2415-cano-encimera-para-banera\/","og_locale":"es_ES","og_type":"article","og_title":"Zeta - F2415 - Ca\u00f1o encimera para ba\u00f1era - Fima - Carlo Frattini - Taps and Accessories made in Italy","og_description":"Zeta - F2415 - Ca\u00f1o encimera para ba\u00f1era - \u2022 ca\u00f1o 165 mm - Ba\u00f1era, Bater\u00eda encimera para ba\u00f1era, Ca\u00f1o mural","og_url":"https:\/\/fimacf.com\/es\/producto\/f2415-cano-encimera-para-banera\/","og_site_name":"Fima - Carlo Frattini - Taps and Accessories made in Italy","article_publisher":"https:\/\/www.facebook.com\/fimacarlofrattini\/","article_modified_time":"2025-05-21T18:59:42+00:00","og_image":[{"width":700,"height":700,"url":"https:\/\/fimacf.com\/wp-content\/uploads\/2024\/10\/22493_9d82b794bc927d5.jpg","type":"image\/jpeg"}],"schema":{"@context":"https:\/\/schema.org","@graph":[{"@type":"WebPage","@id":"https:\/\/fimacf.com\/es\/producto\/f2415-cano-encimera-para-banera\/","url":"https:\/\/fimacf.com\/es\/producto\/f2415-cano-encimera-para-banera\/","name":"Zeta - F2415 - Ca\u00f1o encimera para ba\u00f1era - Fima - Carlo Frattini - Taps and Accessories made in Italy","isPartOf":{"@id":"https:\/\/fimacf.com\/es\/#website"},"primaryImageOfPage":{"@id":"https:\/\/fimacf.com\/es\/producto\/f2415-cano-encimera-para-banera\/#primaryimage"},"image":{"@id":"https:\/\/fimacf.com\/es\/producto\/f2415-cano-encimera-para-banera\/#primaryimage"},"thumbnailUrl":"https:\/\/fimacf.com\/wp-content\/uploads\/2024\/10\/22493_9d82b794bc927d5.jpg","datePublished":"2024-10-28T17:55:42+00:00","dateModified":"2025-05-21T18:59:42+00:00","description":"Zeta - F2415 - Ca\u00f1o encimera para ba\u00f1era - \u2022 ca\u00f1o 165 mm - Ba\u00f1era, Bater\u00eda encimera para ba\u00f1era, Ca\u00f1o mural","breadcrumb":{"@id":"https:\/\/fimacf.com\/es\/producto\/f2415-cano-encimera-para-banera\/#breadcrumb"},"inLanguage":"es","potentialAction":[{"@type":"ReadAction","target":["https:\/\/fimacf.com\/es\/producto\/f2415-cano-encimera-para-banera\/"]}]},{"@type":"ImageObject","inLanguage":"es","@id":"https:\/\/fimacf.com\/es\/producto\/f2415-cano-encimera-para-banera\/#primaryimage","url":"https:\/\/fimacf.com\/wp-content\/uploads\/2024\/10\/22493_9d82b794bc927d5.jpg","contentUrl":"https:\/\/fimacf.com\/wp-content\/uploads\/2024\/10\/22493_9d82b794bc927d5.jpg","width":700,"height":700},{"@type":"BreadcrumbList","@id":"https:\/\/fimacf.com\/es\/producto\/f2415-cano-encimera-para-banera\/#breadcrumb","itemListElement":[{"@type":"ListItem","position":1,"name":"Home","item":"https:\/\/fimacf.com\/es\/"},{"@type":"ListItem","position":2,"name":"Tienda","item":"https:\/\/fimacf.com\/es\/tienda\/"},{"@type":"ListItem","position":3,"name":"Ca\u00f1o encimera para ba\u00f1era"}]},{"@type":"WebSite","@id":"https:\/\/fimacf.com\/es\/#website","url":"https:\/\/fimacf.com\/es\/","name":"Fima - Carlo Frattini - Taps and Accessories made in Italy","description":"","publisher":{"@id":"https:\/\/fimacf.com\/es\/#organization"},"potentialAction":[{"@type":"SearchAction","target":{"@type":"EntryPoint","urlTemplate":"https:\/\/fimacf.com\/es\/?s={search_term_string}"},"query-input":{"@type":"PropertyValueSpecification","valueRequired":true,"valueName":"search_term_string"}}],"inLanguage":"es"},{"@type":"Organization","@id":"https:\/\/fimacf.com\/es\/#organization","name":"FIMA CARLO FRATTINI S.P.A.","url":"https:\/\/fimacf.com\/es\/","logo":{"@type":"ImageObject","inLanguage":"es","@id":"https:\/\/fimacf.com\/es\/#\/schema\/logo\/image\/","url":"https:\/\/fimacf.com\/wp-content\/uploads\/2024\/12\/fimacf-yost.png","contentUrl":"https:\/\/fimacf.com\/wp-content\/uploads\/2024\/12\/fimacf-yost.png","width":696,"height":696,"caption":"FIMA CARLO FRATTINI S.P.A."},"image":{"@id":"https:\/\/fimacf.com\/es\/#\/schema\/logo\/image\/"},"sameAs":["https:\/\/www.facebook.com\/fimacarlofrattini\/"]}]}},"_links":{"self":[{"href":"https:\/\/fimacf.com\/es\/wp-json\/wp\/v2\/product\/13202","targetHints":{"allow":["GET"]}}],"collection":[{"href":"https:\/\/fimacf.com\/es\/wp-json\/wp\/v2\/product"}],"about":[{"href":"https:\/\/fimacf.com\/es\/wp-json\/wp\/v2\/types\/product"}],"wp:featuredmedia":[{"embeddable":true,"href":"https:\/\/fimacf.com\/es\/wp-json\/wp\/v2\/media\/1864"}],"wp:attachment":[{"href":"https:\/\/fimacf.com\/es\/wp-json\/wp\/v2\/media?parent=13202"}],"wp:term":[{"taxonomy":"product_collezione","embeddable":true,"href":"https:\/\/fimacf.com\/es\/wp-json\/wp\/v2\/product_collezione?post=13202"},{"taxonomy":"icona","embeddable":true,"href":"https:\/\/fimacf.com\/es\/wp-json\/wp\/v2\/icona?post=13202"},{"taxonomy":"product_serie","embeddable":true,"href":"https:\/\/fimacf.com\/es\/wp-json\/wp\/v2\/product_serie?post=13202"},{"taxonomy":"product_brand","embeddable":true,"href":"https:\/\/fimacf.com\/es\/wp-json\/wp\/v2\/product_brand?post=13202"},{"taxonomy":"product_cat","embeddable":true,"href":"https:\/\/fimacf.com\/es\/wp-json\/wp\/v2\/product_cat?post=13202"},{"taxonomy":"product_tag","embeddable":true,"href":"https:\/\/fimacf.com\/es\/wp-json\/wp\/v2\/product_tag?post=13202"}],"curies":[{"name":"wp","href":"https:\/\/api.w.org\/{rel}","templated":true}]}}