{"id":10524,"date":"2024-10-31T00:50:40","date_gmt":"2024-10-30T23:50:40","guid":{"rendered":"https:\/\/fimacf.com\/cleaning-policy\/"},"modified":"2024-12-03T16:03:34","modified_gmt":"2024-12-03T15:03:34","slug":"cleaning-policy","status":"publish","type":"page","link":"https:\/\/fimacf.com\/fr\/cleaning-policy\/","title":{"rendered":"Cleaning Policy"},"content":{"rendered":"\n<div class=\"wp-block-group has-global-padding is-layout-constrained wp-block-group-is-layout-constrained\">\n<div style=\"height:100px\" aria-hidden=\"true\" class=\"wp-block-spacer\"><\/div>\n\n\n\n<h2 class=\"wp-block-heading\">ISTRUZIONI PER PULIZIA E MANUTENZIONE<\/h2>\n\n\n\n<h4 class=\"wp-block-heading\">Congratulazioni! Lei ha scelto un miscelatore af\ufb01dabile e di elevata qualit\u00e0.<\/h4>\n\n\n\n<div style=\"height:50px\" aria-hidden=\"true\" class=\"wp-block-spacer\"><\/div>\n<\/div>\n\n\n\n<p>Perch\u00e9 il Suo miscelatore funzioni nella maniera corretta e possa durare nel tempo, occorre che vengano rispettate le modalit\u00e0 di installazione e di manutenzione illustrate in questo opuscolo. I nostri miscelatori sono collaudati a pressioni nettamente superiori a quelle di normale esercizio; tuttavia per avere la massima resa in termini di durata e manovrabilit\u00e0 \u00e8 consigliabile che pressione e temperatura dell\u2019acqua assumano i seguenti valori:<\/p>\n\n\n\n<ul class=\"wp-block-list\">\n<li>pressione di esercizio: 1\u00f75 bar;<\/li>\n\n\n\n<li>temperatura max acqua: 80\u00b0 C (176\u00b0F)&nbsp;<strong>(A)<\/strong>;<\/li>\n\n\n\n<li>prima di procedere all\u2019installazione \u00e8 necessario pulire accuratamente le tubature per eliminare eventuali detriti in esse presenti&nbsp;<strong>(B)<\/strong>. Per evitare che corpi estranei, presenti nell\u2019acqua di alimentazione, possano penetrare all\u2019interno del gruppo di miscelazione, \u00e8 buona norma l\u2019installazione, a monte della rubinetteria, di rubinetti di arresto con filtro. In caso la pressione di flusso superi i 6 bar, si consiglia di installare un riduttore di pressione; sono inoltre da evitare forti differenze della stessa tra le alimentazioni di acqua calda e fredda;<\/li>\n\n\n\n<li>i flessibili devono essere avvitati a mano, non utilizzare utensili&nbsp;<strong>(C)<\/strong>;<\/li>\n\n\n\n<li>non attorcigliare i tubi flessibili&nbsp;<strong>(D)<\/strong>.<\/li>\n<\/ul>\n\n\n\n<figure class=\"wp-block-image size-full\"><img loading=\"lazy\" decoding=\"async\" width=\"2268\" height=\"518\" src=\"https:\/\/fimacf.com\/wp-content\/uploads\/2024\/11\/pulizia.png\" alt=\"\" class=\"wp-image-3283\"\/><\/figure>\n\n\n\n<h4 class=\"wp-block-heading\">RACCOMANDAZIONI PER LA PULIZIA DELLE SUPERFICI DEL PRODOTTO<\/h4>\n\n\n\n<p>Raccomandiamo di effettuare sempre una pulizia regolare di tutti i nostri prodotti per prevenire un eccessivo accumulo di sporco che potrebbe causare fenomeni abrasivi e alterare l\u2019aspetto delle superfici e della loro lucentezza.<\/p>\n\n\n\n<ul class=\"wp-block-list\">\n<li>Utilizzare esclusivamente prodotti con ph neutro specificatamente forniti per questo tipo di utilizzo;<\/li>\n\n\n\n<li>non utilizzare mai materiali per la pulizia che contengono acido cloridrico, acido formico, liscivia sbiancante al cloro o acido acetico, poich\u00e9 causano danni notevoli;<\/li>\n\n\n\n<li>i detergenti acidi al fosforo sono applicabili solo in determinate condizioni;<\/li>\n\n\n\n<li>la miscelazione di diversi detergenti non \u00e8 generalmente consentita;<\/li>\n\n\n\n<li>non utilizzare mai materiali per la pulizia o apparecchi con un effetto abrasivo, come polveri detergenti inadeguate, spugnette o panni in microfibra;<\/li>\n\n\n\n<li>le istruzioni dei produttori dei detergenti devono essere seguite attentamente;<\/li>\n\n\n\n<li>la pulizia deve essere eseguita con un dosaggio specifico di detergente, per un tempo limitato adeguato, correlato agli oggetti e adattato alle esigenze;<\/li>\n\n\n\n<li>il calcare deve essere rimosso pulendo regolarmente;<\/li>\n\n\n\n<li>quando si utilizzano detergenti spray, spruzzare la soluzione detergente su un panno morbido o una spugna, mai direttamente sui prodotti FIMA CARLO FRATTINI, poich\u00e9 lo spray atomizzato potrebbe entrare in aperture e spazi vuoti il prodotto e causare danni;<\/li>\n\n\n\n<li>dopo la pulizia, sciacquare abbondantemente con acqua pulita per rimuovere eventuali residui di detergente.<\/li>\n<\/ul>\n\n\n\n<div style=\"height:100px\" aria-hidden=\"true\" class=\"wp-block-spacer\"><\/div>\n\n\n\n<h5 class=\"wp-block-heading has-primary-color has-text-color has-link-color wp-elements-ad1630536ec8dea3c5219be95448b0e2\"><strong>ATTENZIONE<\/strong><\/h5>\n\n\n\n<p>I residui di articoli da toeletta come saponi liquidi, shampoo e gel doccia, tinture per capelli, profumi, dopobarba e smalto per unghie possono causare danni. Anche qui: sciacquare accuratamente con acqua dopo l\u2019uso per rimuovere i residui. Allo stesso modo, non conservare detergenti o prodotti chimici sotto i prodotti, ad esempio in un\u2019unit\u00e0 di vanit\u00e0, poich\u00e9 i vapori potrebbero danneggiare i prodotti. I componenti con superfici danneggiate devono essere sostituiti altrimenti potrebbe esserci il rischio di lesioni. I danni causati da un trattamento improprio non sono coperti dalla nostra garanzia.<\/p>\n\n\n\n<div style=\"height:80px\" aria-hidden=\"true\" class=\"wp-block-spacer\"><\/div>\n\n\n\n<figure class=\"wp-block-image size-full\"><img loading=\"lazy\" decoding=\"async\" width=\"115\" height=\"71\" src=\"https:\/\/fimacf.com\/wp-content\/uploads\/2024\/11\/pulizia-manutenzione_aeratori.png\" alt=\"\" class=\"wp-image-3284\"\/><\/figure>\n\n\n\n<h4 class=\"wp-block-heading\">AERATORI<\/h4>\n\n\n\n<p>I nostri miscelatori non necessitano di particolare manutenzione, fatta eccezione per la pulizia periodica dell\u2019aeratore che, raccogliendo sul retino interno detriti e calcare, determina, con il passare del tempo, una graduale perdita di portata. Per pulire la retina dell\u2019aeratore procedere come segue: svitare l\u2019aeratore ruotandolo in senso antiorario. Liberare la reticella filtrante dalle impurit\u00e0 usando dell\u2019acqua corrente e\/o immergendolo in aceto per sciogliere il calcare (non immergere parti cromate o in finitura). Rimontare controllando la corretta collocazione della guarnizione. Per i miscelatori che montano l\u2019aeratore coin slot \u00e8 necessario dotarsi semplicemente di una moneta per svitarlo. Basta poi pulirlo sotto l\u2019acqua corrente con una spazzola morbida o immergerlo in aceto per togliere i residui di calcare.<\/p>\n\n\n\n<div style=\"height:76px\" aria-hidden=\"true\" class=\"wp-block-spacer\"><\/div>\n\n\n\n<figure class=\"wp-block-image size-full\"><img loading=\"lazy\" decoding=\"async\" width=\"289\" height=\"75\" src=\"https:\/\/fimacf.com\/wp-content\/uploads\/2024\/11\/pulizia-manutenzione_soffioni.png\" alt=\"\" class=\"wp-image-3285\"\/><\/figure>\n\n\n\n<h4 class=\"wp-block-heading\">SOFFIONI<\/h4>\n\n\n\n<p>Effettuare una regolare manutanzione svitando il soffione dal braccio e snodo, spingendo dal basso con il dito, estrarre la guarnizione con filtro e l\u2019anello con riduzione di portata per liberare la reticella filtrante dalle impurit\u00e0 usando dell\u2019acqua corrente e\/o immergendolo in aceto per sciogliere il calcare. Rimontare controllando la corretta collocazione della guarnizione&nbsp;<strong>(E)<\/strong>. Un mancata manutenzione e pulizia regolare degli ugelli pu\u00f2 causare l\u2019otturazione degli stessi e causare la rottura del soffione e conseguenti perdite.<\/p>\n\n\n\n<p><br><strong>SUPERFICI IN OTTONE E ABS:<\/strong>&nbsp;Per la pulizia dei soffioni in ottone o abs utilizzare esclusivamente acqua o detergenti neutri, strofinando delicatamente e asciugando con un panno morbido in cotone. Evitare assolutamente l\u2019impiego di alcool, solventi e detersivi solidi o liquidi contenenti sostanze corrosive o acide, strofinacci contenenti fibre sintetiche, spugne abrasive o tamponi con fili metallici, poich\u00e9 potrebbero alterare irreversibilmente le superfici trattate.<\/p>\n\n\n\n<p><br><strong>SUPERFICI IN ACCIAIO INOX:<\/strong>&nbsp;I nostri soffioni in acciaio inox hanno superfici a specchio delicate; si consiglia di pulire le superfici con sapone neutro strofinando delicatamente e asciugare con un panno morbido in cotone passando sempre il panno nel senso della finitura della lastra e mai in senso circolatorio. Non usare mai prodotti a base di cloro e candeggina.<\/p>\n\n\n\n<p><br><strong>UGELLI IN SILICONE:<\/strong>&nbsp;i nostri ugelli in silicone con l\u2019acqua calda si dilatano facendo cos\u00ec staccare il primo strato di calcare; si possono pulire passando semplicemente un dito sopra di essi per fare uscire il calcare&nbsp;<strong>(F)<\/strong><\/p>\n\n\n\n<div style=\"height:34px\" aria-hidden=\"true\" class=\"wp-block-spacer\"><\/div>\n\n\n\n<figure class=\"wp-block-image size-full\"><img loading=\"lazy\" decoding=\"async\" width=\"553\" height=\"97\" src=\"https:\/\/fimacf.com\/wp-content\/uploads\/2024\/11\/pulizia-manutenzione_E.png\" alt=\"\" class=\"wp-image-3286\"\/><\/figure>\n\n\n\n<div style=\"height:44px\" aria-hidden=\"true\" class=\"wp-block-spacer\"><\/div>\n\n\n\n<h4 class=\"wp-block-heading\">GARANZIA<\/h4>\n\n\n\n<p>Ricordiamo che la garanzia dei nostri prodotti non \u00e8 valida se per difetti derivanti da una mancata manutenzione e pulizia dei nostri prodotti o da trattamenti diversi da quelli specificatamente indicati nelle presenti istruzioni.<br>Per ogni ulteriore dettaglio vi invitiamo a consultare le nostre&nbsp;<a href=\"https:\/\/fimacf.com\/condizioni-generali-di-vendita\/\">condizioni generali di vendita.<\/a><\/p>\n\n\n\n<div style=\"height:31px\" aria-hidden=\"true\" class=\"wp-block-spacer\"><\/div>\n\n\n\n<div class=\"wp-block-buttons is-layout-flex wp-block-buttons-is-layout-flex\">\n<div class=\"wp-block-button is-style-outline is-style-outline--1 has-icon__pdf\"><a class=\"wp-block-button__link wp-element-button\" href=\"https:\/\/fimacf.com\/wp-content\/uploads\/2024\/11\/FIMA_finishing_cleaning_instructions.pdf\"><span class=\"wp-block-button__link-icon\" aria-hidden=\"true\"><svg xmlns=\"http:\/\/www.w3.org\/2000\/svg\" viewBox=\"0 0 512 512\"><path d=\"M64 464l48 0 0 48-48 0c-35.3 0-64-28.7-64-64L0 64C0 28.7 28.7 0 64 0L229.5 0c17 0 33.3 6.7 45.3 18.7l90.5 90.5c12 12 18.7 28.3 18.7 45.3L384 304l-48 0 0-144-80 0c-17.7 0-32-14.3-32-32l0-80L64 48c-8.8 0-16 7.2-16 16l0 384c0 8.8 7.2 16 16 16zM176 352l32 0c30.9 0 56 25.1 56 56s-25.1 56-56 56l-16 0 0 32c0 8.8-7.2 16-16 16s-16-7.2-16-16l0-48 0-80c0-8.8 7.2-16 16-16zm32 80c13.3 0 24-10.7 24-24s-10.7-24-24-24l-16 0 0 48 16 0zm96-80l32 0c26.5 0 48 21.5 48 48l0 64c0 26.5-21.5 48-48 48l-32 0c-8.8 0-16-7.2-16-16l0-128c0-8.8 7.2-16 16-16zm32 128c8.8 0 16-7.2 16-16l0-64c0-8.8-7.2-16-16-16l-16 0 0 96 16 0zm80-112c0-8.8 7.2-16 16-16l48 0c8.8 0 16 7.2 16 16s-7.2 16-16 16l-32 0 0 32 32 0c8.8 0 16 7.2 16 16s-7.2 16-16 16l-32 0 0 48c0 8.8-7.2 16-16 16s-16-7.2-16-16l0-64 0-64z\"\/><\/svg><\/span>ISTRUZIONI PULIZIA FINITURE<\/a><\/div>\n<\/div>\n\n\n\n<div style=\"height:145px\" aria-hidden=\"true\" class=\"wp-block-spacer\"><\/div>\n","protected":false},"excerpt":{"rendered":"<p>ISTRUZIONI PER PULIZIA E MANUTENZIONE Congratulazioni! Lei ha scelto un miscelatore af\ufb01dabile e di elevata qualit\u00e0. Perch\u00e9 il Suo miscelatore&#8230;<\/p>\n","protected":false},"author":1,"featured_media":0,"parent":0,"menu_order":0,"comment_status":"closed","ping_status":"closed","template":"","meta":{"_acf_changed":false,"inline_featured_image":false,"_lmt_disableupdate":"","_lmt_disable":"","footnotes":""},"class_list":["post-10524","page","type-page","status-publish","hentry"],"acf":[],"yoast_head":"<!-- This site is optimized with the Yoast SEO plugin v27.3 - https:\/\/yoast.com\/product\/yoast-seo-wordpress\/ -->\n<title>Cleaning Policy - Fima - Carlo Frattini - Taps and Accessories made in Italy<\/title>\n<meta name=\"description\" content=\"Cleaning Policy - Fima - Carlo Frattini - Taps and Accessories made in Italy\" \/>\n<meta name=\"robots\" content=\"index, follow, max-snippet:-1, max-image-preview:large, max-video-preview:-1\" \/>\n<link rel=\"canonical\" href=\"https:\/\/fimacf.com\/fr\/cleaning-policy\/\" \/>\n<meta property=\"og:locale\" content=\"fr_FR\" \/>\n<meta property=\"og:type\" content=\"article\" \/>\n<meta property=\"og:title\" content=\"Cleaning Policy - Fima - Carlo Frattini - Taps and Accessories made in Italy\" \/>\n<meta property=\"og:description\" content=\"Cleaning Policy - Fima - Carlo Frattini - Taps and Accessories made in Italy\" \/>\n<meta property=\"og:url\" content=\"https:\/\/fimacf.com\/fr\/cleaning-policy\/\" \/>\n<meta property=\"og:site_name\" content=\"Fima - Carlo Frattini - Taps and Accessories made in Italy\" \/>\n<meta property=\"article:publisher\" content=\"https:\/\/www.facebook.com\/fimacarlofrattini\/\" \/>\n<meta property=\"article:modified_time\" content=\"2024-12-03T15:03:34+00:00\" \/>\n<meta property=\"og:image\" content=\"https:\/\/fimacf.com\/wp-content\/uploads\/2024\/11\/pulizia.png\" \/>\n<script type=\"application\/ld+json\" class=\"yoast-schema-graph\">{\"@context\":\"https:\\\/\\\/schema.org\",\"@graph\":[{\"@type\":\"WebPage\",\"@id\":\"https:\\\/\\\/fimacf.com\\\/fr\\\/cleaning-policy\\\/\",\"url\":\"https:\\\/\\\/fimacf.com\\\/fr\\\/cleaning-policy\\\/\",\"name\":\"Cleaning Policy - Fima - Carlo Frattini - Taps and Accessories made in Italy\",\"isPartOf\":{\"@id\":\"https:\\\/\\\/fimacf.com\\\/fr\\\/#website\"},\"primaryImageOfPage\":{\"@id\":\"https:\\\/\\\/fimacf.com\\\/fr\\\/cleaning-policy\\\/#primaryimage\"},\"image\":{\"@id\":\"https:\\\/\\\/fimacf.com\\\/fr\\\/cleaning-policy\\\/#primaryimage\"},\"thumbnailUrl\":\"https:\\\/\\\/fimacf.com\\\/wp-content\\\/uploads\\\/2024\\\/11\\\/pulizia.png\",\"datePublished\":\"2024-10-30T23:50:40+00:00\",\"dateModified\":\"2024-12-03T15:03:34+00:00\",\"description\":\"Cleaning Policy - Fima - Carlo Frattini - Taps and Accessories made in Italy\",\"breadcrumb\":{\"@id\":\"https:\\\/\\\/fimacf.com\\\/fr\\\/cleaning-policy\\\/#breadcrumb\"},\"inLanguage\":\"fr-FR\",\"potentialAction\":[{\"@type\":\"ReadAction\",\"target\":[\"https:\\\/\\\/fimacf.com\\\/fr\\\/cleaning-policy\\\/\"]}]},{\"@type\":\"ImageObject\",\"inLanguage\":\"fr-FR\",\"@id\":\"https:\\\/\\\/fimacf.com\\\/fr\\\/cleaning-policy\\\/#primaryimage\",\"url\":\"https:\\\/\\\/fimacf.com\\\/wp-content\\\/uploads\\\/2024\\\/11\\\/pulizia.png\",\"contentUrl\":\"https:\\\/\\\/fimacf.com\\\/wp-content\\\/uploads\\\/2024\\\/11\\\/pulizia.png\"},{\"@type\":\"BreadcrumbList\",\"@id\":\"https:\\\/\\\/fimacf.com\\\/fr\\\/cleaning-policy\\\/#breadcrumb\",\"itemListElement\":[{\"@type\":\"ListItem\",\"position\":1,\"name\":\"Home\",\"item\":\"https:\\\/\\\/fimacf.com\\\/fr\\\/\"},{\"@type\":\"ListItem\",\"position\":2,\"name\":\"Cleaning Policy\"}]},{\"@type\":\"WebSite\",\"@id\":\"https:\\\/\\\/fimacf.com\\\/fr\\\/#website\",\"url\":\"https:\\\/\\\/fimacf.com\\\/fr\\\/\",\"name\":\"Fima - Carlo Frattini - Taps and Accessories made in Italy\",\"description\":\"\",\"publisher\":{\"@id\":\"https:\\\/\\\/fimacf.com\\\/fr\\\/#organization\"},\"potentialAction\":[{\"@type\":\"SearchAction\",\"target\":{\"@type\":\"EntryPoint\",\"urlTemplate\":\"https:\\\/\\\/fimacf.com\\\/fr\\\/?s={search_term_string}\"},\"query-input\":{\"@type\":\"PropertyValueSpecification\",\"valueRequired\":true,\"valueName\":\"search_term_string\"}}],\"inLanguage\":\"fr-FR\"},{\"@type\":\"Organization\",\"@id\":\"https:\\\/\\\/fimacf.com\\\/fr\\\/#organization\",\"name\":\"FIMA CARLO FRATTINI S.P.A.\",\"url\":\"https:\\\/\\\/fimacf.com\\\/fr\\\/\",\"logo\":{\"@type\":\"ImageObject\",\"inLanguage\":\"fr-FR\",\"@id\":\"https:\\\/\\\/fimacf.com\\\/fr\\\/#\\\/schema\\\/logo\\\/image\\\/\",\"url\":\"https:\\\/\\\/fimacf.com\\\/wp-content\\\/uploads\\\/2024\\\/12\\\/fimacf-yost.png\",\"contentUrl\":\"https:\\\/\\\/fimacf.com\\\/wp-content\\\/uploads\\\/2024\\\/12\\\/fimacf-yost.png\",\"width\":696,\"height\":696,\"caption\":\"FIMA CARLO FRATTINI S.P.A.\"},\"image\":{\"@id\":\"https:\\\/\\\/fimacf.com\\\/fr\\\/#\\\/schema\\\/logo\\\/image\\\/\"},\"sameAs\":[\"https:\\\/\\\/www.facebook.com\\\/fimacarlofrattini\\\/\"]}]}<\/script>\n<!-- \/ Yoast SEO plugin. -->","yoast_head_json":{"title":"Cleaning Policy - Fima - Carlo Frattini - Taps and Accessories made in Italy","description":"Cleaning Policy - Fima - Carlo Frattini - Taps and Accessories made in Italy","robots":{"index":"index","follow":"follow","max-snippet":"max-snippet:-1","max-image-preview":"max-image-preview:large","max-video-preview":"max-video-preview:-1"},"canonical":"https:\/\/fimacf.com\/fr\/cleaning-policy\/","og_locale":"fr_FR","og_type":"article","og_title":"Cleaning Policy - Fima - Carlo Frattini - Taps and Accessories made in Italy","og_description":"Cleaning Policy - Fima - Carlo Frattini - Taps and Accessories made in Italy","og_url":"https:\/\/fimacf.com\/fr\/cleaning-policy\/","og_site_name":"Fima - Carlo Frattini - Taps and Accessories made in Italy","article_publisher":"https:\/\/www.facebook.com\/fimacarlofrattini\/","article_modified_time":"2024-12-03T15:03:34+00:00","og_image":[{"url":"https:\/\/fimacf.com\/wp-content\/uploads\/2024\/11\/pulizia.png","type":"","width":"","height":""}],"schema":{"@context":"https:\/\/schema.org","@graph":[{"@type":"WebPage","@id":"https:\/\/fimacf.com\/fr\/cleaning-policy\/","url":"https:\/\/fimacf.com\/fr\/cleaning-policy\/","name":"Cleaning Policy - Fima - Carlo Frattini - Taps and Accessories made in Italy","isPartOf":{"@id":"https:\/\/fimacf.com\/fr\/#website"},"primaryImageOfPage":{"@id":"https:\/\/fimacf.com\/fr\/cleaning-policy\/#primaryimage"},"image":{"@id":"https:\/\/fimacf.com\/fr\/cleaning-policy\/#primaryimage"},"thumbnailUrl":"https:\/\/fimacf.com\/wp-content\/uploads\/2024\/11\/pulizia.png","datePublished":"2024-10-30T23:50:40+00:00","dateModified":"2024-12-03T15:03:34+00:00","description":"Cleaning Policy - Fima - Carlo Frattini - Taps and Accessories made in Italy","breadcrumb":{"@id":"https:\/\/fimacf.com\/fr\/cleaning-policy\/#breadcrumb"},"inLanguage":"fr-FR","potentialAction":[{"@type":"ReadAction","target":["https:\/\/fimacf.com\/fr\/cleaning-policy\/"]}]},{"@type":"ImageObject","inLanguage":"fr-FR","@id":"https:\/\/fimacf.com\/fr\/cleaning-policy\/#primaryimage","url":"https:\/\/fimacf.com\/wp-content\/uploads\/2024\/11\/pulizia.png","contentUrl":"https:\/\/fimacf.com\/wp-content\/uploads\/2024\/11\/pulizia.png"},{"@type":"BreadcrumbList","@id":"https:\/\/fimacf.com\/fr\/cleaning-policy\/#breadcrumb","itemListElement":[{"@type":"ListItem","position":1,"name":"Home","item":"https:\/\/fimacf.com\/fr\/"},{"@type":"ListItem","position":2,"name":"Cleaning Policy"}]},{"@type":"WebSite","@id":"https:\/\/fimacf.com\/fr\/#website","url":"https:\/\/fimacf.com\/fr\/","name":"Fima - Carlo Frattini - Taps and Accessories made in Italy","description":"","publisher":{"@id":"https:\/\/fimacf.com\/fr\/#organization"},"potentialAction":[{"@type":"SearchAction","target":{"@type":"EntryPoint","urlTemplate":"https:\/\/fimacf.com\/fr\/?s={search_term_string}"},"query-input":{"@type":"PropertyValueSpecification","valueRequired":true,"valueName":"search_term_string"}}],"inLanguage":"fr-FR"},{"@type":"Organization","@id":"https:\/\/fimacf.com\/fr\/#organization","name":"FIMA CARLO FRATTINI S.P.A.","url":"https:\/\/fimacf.com\/fr\/","logo":{"@type":"ImageObject","inLanguage":"fr-FR","@id":"https:\/\/fimacf.com\/fr\/#\/schema\/logo\/image\/","url":"https:\/\/fimacf.com\/wp-content\/uploads\/2024\/12\/fimacf-yost.png","contentUrl":"https:\/\/fimacf.com\/wp-content\/uploads\/2024\/12\/fimacf-yost.png","width":696,"height":696,"caption":"FIMA CARLO FRATTINI S.P.A."},"image":{"@id":"https:\/\/fimacf.com\/fr\/#\/schema\/logo\/image\/"},"sameAs":["https:\/\/www.facebook.com\/fimacarlofrattini\/"]}]}},"_links":{"self":[{"href":"https:\/\/fimacf.com\/fr\/wp-json\/wp\/v2\/pages\/10524","targetHints":{"allow":["GET"]}}],"collection":[{"href":"https:\/\/fimacf.com\/fr\/wp-json\/wp\/v2\/pages"}],"about":[{"href":"https:\/\/fimacf.com\/fr\/wp-json\/wp\/v2\/types\/page"}],"author":[{"embeddable":true,"href":"https:\/\/fimacf.com\/fr\/wp-json\/wp\/v2\/users\/1"}],"replies":[{"embeddable":true,"href":"https:\/\/fimacf.com\/fr\/wp-json\/wp\/v2\/comments?post=10524"}],"version-history":[{"count":0,"href":"https:\/\/fimacf.com\/fr\/wp-json\/wp\/v2\/pages\/10524\/revisions"}],"wp:attachment":[{"href":"https:\/\/fimacf.com\/fr\/wp-json\/wp\/v2\/media?parent=10524"}],"curies":[{"name":"wp","href":"https:\/\/api.w.org\/{rel}","templated":true}]}}