{"id":20532,"date":"2025-01-07T09:10:34","date_gmt":"2025-01-07T08:10:34","guid":{"rendered":"https:\/\/fimacf.com\/chi-siamo\/"},"modified":"2025-02-04T14:58:13","modified_gmt":"2025-02-04T13:58:13","slug":"qui-nous-sommes","status":"publish","type":"page","link":"https:\/\/fimacf.com\/fr\/qui-nous-sommes\/","title":{"rendered":"About"},"content":{"rendered":"\n<div class=\"wp-block-themepunch-revslider revslider\" data-modal=\"false\" data-slidertitle=\"Video Vimeo ABOUT\">\n\t\t\t\t<p class=\"rs-p-wp-fix\"><\/p>\n\t\t\t\t<sr7-module data-alias=\"video-vimeo-pagina-xxxxx-1\" data-id=\"5\" id=\"SR7_5_1\" class=\"rs-ov-hidden\" data-version=\"6.7.52\">\n\t\t\t\t\t<sr7-adjuster><\/sr7-adjuster>\n\t\t\t\t\t<sr7-content>\n\t\t\t\t\t\t<sr7-slide id=\"SR7_5_1-15\" data-key=\"15\">\n\t\t\t\t\t\t<\/sr7-slide>\n\t\t\t\t\t\t<sr7-slide id=\"SR7_5_1-16\" data-key=\"16\">\n\t\t\t\t\t\t<\/sr7-slide>\n\t\t\t\t\t<\/sr7-content>\n\t\t\t\t<\/sr7-module>\n\t\t\t\t<script>\n\t\t\t\t\twindow.SR7 ??={};SR7.PMH ??={}; SR7.PMH[\"SR7_5_1\"] = {cn:100,state:false,fn: function() { if (window._tpt!==undefined && window._tpt.prepareModuleHeight !== undefined) {  _tpt.prepareModuleHeight({id:\"SR7_5_1\",el:[900,900,768,960,720],type:'standard',shdw:'0',gh:[900,900,743,565,349],gw:[1240,1240,1024,778,480],vpt:['-100px'],size:{fullWidth:true, fullHeight:false},mh:'0',onh:0,onw:0,bg:{color:'{\"orig\":\"transparent\",\"type\":\"solid\",\"string\":\"transparent\"}'}});   SR7.PMH[\"SR7_5_1\"].state=true;} else if(SR7.PMH[\"SR7_5_1\"].cn-->0)\tsetTimeout( SR7.PMH[\"SR7_5_1\"].fn,19);}};SR7.PMH[\"SR7_5_1\" ].fn();\n\t\t\t\t<\/script>\n<\/div>\n\n\n\n<div class=\"wp-block-group alignfull hp-box has-background has-global-padding is-layout-constrained wp-block-group-is-layout-constrained\" style=\"background-color:#eeecec;padding-top:var(--wp--preset--spacing--60);padding-bottom:var(--wp--preset--spacing--90)\">\n<div class=\"wp-block-group has-global-padding is-layout-constrained wp-container-core-group-is-layout-01bca0af wp-block-group-is-layout-constrained\">\n<p class=\"has-text-align-center has-text-color has-link-color has-large-font-size wp-elements-b3f72c6775251fcf624732c786041c06\" style=\"color:#4d4d4d\"><em>\u201c Notre entreprise est de caract\u00e8re familial.<br>C&rsquo;est une valeur importante que nous maintenons.<br>Aujourd&rsquo;hui, ce sont mes enfants et ma famille qui dirigent l\u2019entreprise.<br>Le robinet a \u00e9t\u00e9 notre point d&rsquo;arriv\u00e9e, \u00e0 travers lequel nous avons r\u00e9ussi \u00e0 transmettre notre image, notre marque, notre style. Et m\u00eame si nous avons \u00e9t\u00e9 parmi les derniers \u00e0 nous d\u00e9dier \u00e0 cette production, nous avons, en quinze ans, grandi, et nous nous sommes sp\u00e9cialis\u00e9s \u00e0 un point tel que nous sommes aujourd&rsquo;hui parmi les premiers fabricants de robinetterie en Italie.\u201d<\/em><br><br>Carlo Frattini, fondateur de FIMA Carlo Frattini spa<\/p>\n<\/div>\n<\/div>\n\n\n\n<div style=\"height:100px\" aria-hidden=\"true\" class=\"wp-block-spacer\"><\/div>\n\n\n<section class=\"landing-blocco-4\">\n            <div class=\"landing-gallery\">\n            <div class=\"swiper dark\">\n                <div class=\"swiper-wrapper\">\n                    \n                            <div class=\"swiper-slide\">\n                                <div class=\"image\">\n                                    <img loading=\"lazy\" decoding=\"async\" width=\"2048\" height=\"1365\" src=\"https:\/\/fimacf.com\/wp-content\/uploads\/2025\/01\/SFN_6958.jpg\" class=\"attachment-full size-full\" alt=\"\" \/>                                <\/div>\n                            <\/div>\n                                            <\/div>\n                <div class=\"swiper-pagination\"><\/div>\n                <div class=\"swiper-button-next\"><i class=\"icon-arrow\"><\/i><\/div>\n                <div class=\"swiper-button-prev\"><i class=\"icon-arrow\"><\/i><\/div>\n            <\/div>\n        <\/div>\n    <\/section>\n\n\n<div class=\"wp-block-group has-global-padding is-layout-constrained wp-container-core-group-is-layout-0bce5b99 wp-block-group-is-layout-constrained\" style=\"padding-top:var(--wp--preset--spacing--30);padding-bottom:var(--wp--preset--spacing--60)\">\n<p class=\"has-text-align-center has-text-color has-link-color has-large-font-size wp-elements-4dfb4f3488423a57c123a7395b5472da\" style=\"color:#4d4d4d;letter-spacing:0em\">L&rsquo;histoire de l&rsquo;entreprise italienne, FIMA Carlo Frattini, est une histoire de famille, de passion et de valeurs transmises de g\u00e9n\u00e9ration en g\u00e9n\u00e9ration.<br><br>Attention au <strong>d\u00e9tail, \u00e9l\u00e9gance, innovation<\/strong>: ces principes ont non seulement d\u00e9fini le travail de notre fondateur, mais ont \u00e9galement repr\u00e9sent\u00e9 les bases pour construire une culture d&rsquo;entreprise solide et durable, transmise comme un patrimoine pr\u00e9cieux aux g\u00e9n\u00e9rations suivantes.<br><\/p>\n\n\n\n<p class=\"has-text-align-center has-text-color has-link-color has-large-font-size wp-elements-9e2bca194a3a95871b729af4b24e84a0\" style=\"color:#4d4d4d;letter-spacing:0em\">Aujourd&rsquo;hui, notre entreprise continue de cro\u00eetre et d&rsquo;\u00e9voluer. Chaque produit que nous cr\u00e9ons est un hommage \u00e0 la vision de Carlo et un t\u00e9moignage de notre engagement \u00e0 porter ses valeurs dans le futur.<\/p>\n<\/div>\n\n\n\n<div class=\"wp-block-group alignfull hp-box has-background has-global-padding is-layout-constrained wp-block-group-is-layout-constrained\" style=\"background-color:#eeecec;padding-top:var(--wp--preset--spacing--60);padding-bottom:var(--wp--preset--spacing--60)\">\n<h2 class=\"wp-block-heading has-text-align-center has-text-color has-link-color wp-elements-e02fe3ee9ee6617a329bfc2eb41303a2\" style=\"color:#4d4d4d;padding-top:var(--wp--preset--spacing--120);padding-bottom:var(--wp--preset--spacing--120);font-style:normal;font-weight:300\"><strong>\u00e9l\u00e9gance<\/strong> dans les d\u00e9tails<\/h2>\n<\/div>\n\n\n\n<div style=\"height:100px\" aria-hidden=\"true\" class=\"wp-block-spacer\"><\/div>\n\n\n<section class=\"landing-blocco-4\">\n            <div class=\"landing-gallery\">\n            <div class=\"swiper dark\">\n                <div class=\"swiper-wrapper\">\n                    \n                            <div class=\"swiper-slide\">\n                                <div class=\"image\">\n                                    <img loading=\"lazy\" decoding=\"async\" width=\"1920\" height=\"1263\" src=\"https:\/\/fimacf.com\/wp-content\/uploads\/2025\/01\/Fima_Carlo_Frattini_About_Dettaglio_Detail_Cura_Care.webp\" class=\"attachment-full size-full\" alt=\"\" \/>                                <\/div>\n                            <\/div>\n                                            <\/div>\n                <div class=\"swiper-pagination\"><\/div>\n                <div class=\"swiper-button-next\"><i class=\"icon-arrow\"><\/i><\/div>\n                <div class=\"swiper-button-prev\"><i class=\"icon-arrow\"><\/i><\/div>\n            <\/div>\n        <\/div>\n    <\/section>\n\n\n<div class=\"wp-block-group has-global-padding is-layout-constrained wp-block-group-is-layout-constrained\">\n<h2 class=\"wp-block-heading is-style-border-side-top has-text-color has-link-color has-h-1-font-size wp-elements-77104b3aeca207b9591b2be43ba5171b\" style=\"color:#4d4d4d;margin-bottom:var(--wp--preset--spacing--60);font-style:normal;font-weight:300;text-transform:uppercase\">NOUS VALORISONS <br>CHAQUE D\u00c9TAIL<\/h2>\n\n\n\n<div class=\"wp-block-group column-overlap has-global-padding is-layout-constrained wp-container-core-group-is-layout-2dfb090f wp-block-group-is-layout-constrained\" style=\"padding-top:0;padding-bottom:0\">\n<div class=\"wp-block-columns is-layout-flex wp-container-core-columns-is-layout-8eb77903 wp-block-columns-is-layout-flex\" style=\"margin-top:0;margin-bottom:0\">\n<div class=\"wp-block-column is-vertically-aligned-bottom is-layout-flow wp-block-column-is-layout-flow\">\n<div class=\"wp-block-group has-background has-global-padding is-layout-constrained wp-container-core-group-is-layout-f4089bf8 wp-block-group-is-layout-constrained\" style=\"background-color:#eeecec;padding-top:174px;padding-right:18px;padding-bottom:28px;padding-left:18px\">\n<p class=\"has-text-color has-link-color has-h-3-font-size wp-elements-f8a2dae01bd2457ae2860ff856268625\" style=\"color:#4d4d4d;font-style:normal;font-weight:400;line-height:1.26\">attention, \u00e9coute, protection<\/p>\n<\/div>\n<\/div>\n\n\n\n<div class=\"wp-block-column is-layout-flow wp-block-column-is-layout-flow\" style=\"padding-bottom:170px\">\n<p class=\"has-text-color has-link-color has-large-font-size wp-elements-8fca2dee87a272af2779a8633eda7585\" style=\"color:#4d4d4d\">Le concept de l&rsquo;attention rev\u00eat pour nous plusieurs significations.<br><br>C&rsquo;est une attention aux d\u00e9tails, car ce sont ces derniers qui nous permettent d&rsquo;atteindre l&rsquo;excellence qualitative. C&rsquo;est \u00eatre \u00e0 l&rsquo;\u00e9coute du client pour comprendre et r\u00e9pondre \u00e0 ses besoins avec des produits qui am\u00e9liorent son exp\u00e9rience et des services qui facilitent son parcours d&rsquo;achat.<br><br>C&rsquo;est la protection du territoire et de l&rsquo;environnement par le recours \u00e0 des pratiques vertueuses et durables.<\/p>\n<\/div>\n<\/div>\n\n\n\n<div style=\"height:40px\" aria-hidden=\"true\" class=\"wp-block-spacer\"><\/div>\n<\/div>\n<\/div>\n\n\n<section class=\"landing-blocco-4\">\n            <div class=\"landing-gallery\">\n            <div class=\"swiper dark\">\n                <div class=\"swiper-wrapper\">\n                    \n                            <div class=\"swiper-slide\">\n                                <div class=\"image\">\n                                    <img loading=\"lazy\" decoding=\"async\" width=\"1920\" height=\"1263\" src=\"https:\/\/fimacf.com\/wp-content\/uploads\/2025\/01\/Fima_Carlo_Frattini_About_Dettaglio_Slide_.webp\" class=\"attachment-full size-full\" alt=\"\" \/>                                <\/div>\n                            <\/div>\n                                            <\/div>\n                <div class=\"swiper-pagination\"><\/div>\n                <div class=\"swiper-button-next\"><i class=\"icon-arrow\"><\/i><\/div>\n                <div class=\"swiper-button-prev\"><i class=\"icon-arrow\"><\/i><\/div>\n            <\/div>\n        <\/div>\n    <\/section>\n\n\n<div class=\"wp-block-group has-global-padding is-layout-constrained wp-block-group-is-layout-constrained\">\n<h2 class=\"wp-block-heading is-style-border-side-top has-text-color has-link-color has-h-1-font-size wp-elements-141c24bcb6ab2eb781e798e25900aa80\" style=\"color:#4d4d4d;margin-bottom:var(--wp--preset--spacing--60);font-style:normal;font-weight:300;text-transform:uppercase\">NOUS EXALTONS LA BEAUT\u00c9 DE LA SIMPLICIT\u00c9<\/h2>\n\n\n\n<div class=\"wp-block-group column-overlap has-global-padding is-layout-constrained wp-container-core-group-is-layout-2dfb090f wp-block-group-is-layout-constrained\" style=\"padding-top:0;padding-bottom:0\">\n<div class=\"wp-block-columns is-layout-flex wp-container-core-columns-is-layout-8eb77903 wp-block-columns-is-layout-flex\" style=\"margin-top:0;margin-bottom:0\">\n<div class=\"wp-block-column is-layout-flow wp-block-column-is-layout-flow\" style=\"padding-bottom:170px\">\n<p class=\"has-text-color has-link-color has-large-font-size wp-elements-999f7ebf1209813ab834a535b1672c61\" style=\"color:#4d4d4d\"><strong>L\u2019\u00e9l\u00e9gance<\/strong> pour nous n&rsquo;est pas une question d&rsquo;esth\u00e9tique, mais une philosophie. Elle impr\u00e8gne tous les aspects du processus de conception et de production des biens et d&rsquo;interaction avec les clients, cr\u00e9ant une exp\u00e9rience globale qui r\u00e9sonne de sophistication et de respect.<br><br>Pour nous, l&rsquo;\u00e9l\u00e9gance n&rsquo;est pas un simple d\u00e9tail, mais la recherche de la simplicit\u00e9 comprise comme \u00e9quilibre g\u00e9om\u00e9trique, propret\u00e9 formelle et l\u00e9g\u00e8ret\u00e9.<br><br>C&rsquo;est une esth\u00e9tique discr\u00e8te et jamais ostentatoire sugg\u00e9r\u00e9e par un savant m\u00e9lange de mat\u00e9riaux, de textures, de couleurs et de trames.<br><\/p>\n<\/div>\n\n\n\n<div class=\"wp-block-column is-vertically-aligned-bottom is-layout-flow wp-block-column-is-layout-flow\">\n<div class=\"wp-block-group has-background has-global-padding is-layout-constrained wp-container-core-group-is-layout-d14d1360 wp-block-group-is-layout-constrained\" style=\"background-color:#eeecec;padding-top:174px;padding-right:35px;padding-bottom:28px;padding-left:35px\">\n<p class=\"has-text-color has-link-color has-h-3-font-size wp-elements-1f13b3c9edc1d94c88932e469bde49ac\" style=\"color:#4d4d4d;font-style:normal;font-weight:400;line-height:1.26\">l\u2019\u00e9l\u00e9gance n&rsquo;est pas<br>une question d&rsquo;esth\u00e9tique,<br>mais une philosophie<\/p>\n<\/div>\n<\/div>\n<\/div>\n\n\n\n<div style=\"height:40px\" aria-hidden=\"true\" class=\"wp-block-spacer\"><\/div>\n<\/div>\n<\/div>\n\n\n\n<div style=\"height:35px\" aria-hidden=\"true\" class=\"wp-block-spacer\"><\/div>\n\n\n\n<div class=\"wp-block-group container has-global-padding is-layout-constrained wp-container-core-group-is-layout-19e250f3 wp-block-group-is-layout-constrained\" style=\"min-height:600px\">\n<div class=\"wp-block-themepunch-revslider revslider\" data-modal=\"false\" data-slidertitle=\"Video Vimeo - ABOUT_PVD\">\n\t\t\t\t<p class=\"rs-p-wp-fix\"><\/p>\n\t\t\t\t<sr7-module data-alias=\"video-vimeo-interno-1\" data-id=\"7\" id=\"SR7_7_2\" class=\"rs-ov-hidden\" data-version=\"6.7.52\">\n\t\t\t\t\t<sr7-adjuster><\/sr7-adjuster>\n\t\t\t\t\t<sr7-content>\n\t\t\t\t\t\t<sr7-slide id=\"SR7_7_2-19\" data-key=\"19\">\n\t\t\t\t\t\t<\/sr7-slide>\n\t\t\t\t\t\t<sr7-slide id=\"SR7_7_2-20\" data-key=\"20\">\n\t\t\t\t\t\t<\/sr7-slide>\n\t\t\t\t\t<\/sr7-content>\n\t\t\t\t<\/sr7-module>\n\t\t\t\t<script>\n\t\t\t\t\twindow.SR7 ??={};SR7.PMH ??={}; SR7.PMH[\"SR7_7_2\"] = {cn:100,state:false,fn: function() { if (window._tpt!==undefined && window._tpt.prepareModuleHeight !== undefined) {  _tpt.prepareModuleHeight({id:\"SR7_7_2\",el:[1080,1080,768,960,720],type:'standard',shdw:'0',gh:[1080,1080,576,438,270],gw:[1920,1920,1024,778,480],vpt:['-100px'],size:{fullWidth:false, fullHeight:false},mh:'0',onh:0,onw:0,bg:{color:'{\"orig\":\"transparent\",\"type\":\"solid\",\"string\":\"transparent\"}'}});   SR7.PMH[\"SR7_7_2\"].state=true;} else if(SR7.PMH[\"SR7_7_2\"].cn-->0)\tsetTimeout( SR7.PMH[\"SR7_7_2\"].fn,19);}};SR7.PMH[\"SR7_7_2\" ].fn();\n\t\t\t\t<\/script>\n<\/div>\n<\/div>\n\n\n\n<div style=\"height:35px\" aria-hidden=\"true\" class=\"wp-block-spacer\"><\/div>\n\n\n\n<div class=\"wp-block-group has-global-padding is-layout-constrained wp-block-group-is-layout-constrained\">\n<div class=\"wp-block-group has-global-padding is-content-justification-right is-layout-constrained wp-container-core-group-is-layout-d1c53aae wp-block-group-is-layout-constrained\">\n<h2 class=\"wp-block-heading is-style-border-side-top has-text-color has-link-color has-h-1-font-size wp-elements-59544c2ea2a5676e4e366b2562278be6\" style=\"color:#4d4d4d;margin-bottom:var(--wp--preset--spacing--60);font-style:normal;font-weight:300;text-transform:uppercase\">NOUS ASPIRONS \u00c0 D\u00c9PASSER LES ATTENTES<\/h2>\n<\/div>\n\n\n\n<div class=\"wp-block-group column-overlap has-global-padding is-layout-constrained wp-container-core-group-is-layout-2dfb090f wp-block-group-is-layout-constrained\" style=\"padding-top:0;padding-bottom:0\">\n<div class=\"wp-block-columns is-layout-flex wp-container-core-columns-is-layout-8eb77903 wp-block-columns-is-layout-flex\" style=\"margin-top:0;margin-bottom:0\">\n<div class=\"wp-block-column is-vertically-aligned-bottom is-layout-flow wp-block-column-is-layout-flow\">\n<div class=\"wp-block-group has-background has-global-padding is-layout-constrained wp-container-core-group-is-layout-f4089bf8 wp-block-group-is-layout-constrained\" style=\"background-color:#eeecec;padding-top:174px;padding-right:18px;padding-bottom:28px;padding-left:18px\">\n<p class=\"has-text-color has-link-color has-h-3-font-size wp-elements-f8f003a812c0cc0a584cb132b56fc47e\" style=\"color:#4d4d4d;font-style:normal;font-weight:400;line-height:1.26\">traduire les aspirations<br>et les d\u00e9sirs en solutions<\/p>\n<\/div>\n<\/div>\n\n\n\n<div class=\"wp-block-column is-layout-flow wp-block-column-is-layout-flow\" style=\"padding-bottom:170px\">\n<p class=\"has-text-color has-link-color has-large-font-size wp-elements-46cfff52ec48a2c719d0277b98947795\" style=\"color:#4d4d4d\"><strong>L&rsquo;innovation<\/strong> signifie traduire les aspirations et les d\u00e9sirs en solutions dans le but d&rsquo;am\u00e9liorer l&rsquo;exp\u00e9rience quotidienne de nos clients. Chaque produit est, en effet, n\u00e9 d&rsquo;une \u00e9tude minutieuse des gestes, de la connaissance des technologies et des mat\u00e9riaux dans le but de cr\u00e9er des solutions durables et \u00e9l\u00e9gantes, choisies pour prot\u00e9ger et respecter l\u2019environnement.<\/p>\n<\/div>\n<\/div>\n\n\n\n<div style=\"height:40px\" aria-hidden=\"true\" class=\"wp-block-spacer\"><\/div>\n<\/div>\n<\/div>\n\n\n<section class=\"landing-blocco-4\">\n            <div class=\"landing-gallery\">\n            <div class=\"swiper dark\">\n                <div class=\"swiper-wrapper\">\n                    \n                            <div class=\"swiper-slide\">\n                                <div class=\"image\">\n                                    <img loading=\"lazy\" decoding=\"async\" width=\"1920\" height=\"1263\" src=\"https:\/\/fimacf.com\/wp-content\/uploads\/2025\/01\/Fima_Carlo_Frattini_About_Salone_2024.webp\" class=\"attachment-full size-full\" alt=\"\" \/>                                <\/div>\n                            <\/div>\n                                            <\/div>\n                <div class=\"swiper-pagination\"><\/div>\n                <div class=\"swiper-button-next\"><i class=\"icon-arrow\"><\/i><\/div>\n                <div class=\"swiper-button-prev\"><i class=\"icon-arrow\"><\/i><\/div>\n            <\/div>\n        <\/div>\n    <\/section>\n\n\n<div style=\"height:240px\" aria-hidden=\"true\" class=\"wp-block-spacer\"><\/div>\n","protected":false},"excerpt":{"rendered":"<p>\u201c Notre entreprise est de caract\u00e8re familial.C&rsquo;est une valeur importante que nous maintenons.Aujourd&rsquo;hui, ce sont mes enfants et ma famille&#8230;<\/p>\n","protected":false},"author":2,"featured_media":0,"parent":0,"menu_order":0,"comment_status":"closed","ping_status":"closed","template":"","meta":{"_acf_changed":true,"inline_featured_image":false,"_lmt_disableupdate":"no","_lmt_disable":"","footnotes":""},"class_list":["post-20532","page","type-page","status-publish","hentry"],"acf":[],"yoast_head":"<!-- This site is optimized with the Yoast SEO plugin v27.3 - https:\/\/yoast.com\/product\/yoast-seo-wordpress\/ -->\n<title>About - Fima - Carlo Frattini - Taps and Accessories made in Italy<\/title>\n<meta name=\"description\" content=\"About - Fima - Carlo Frattini - Taps and Accessories made in Italy\" \/>\n<meta name=\"robots\" content=\"index, follow, max-snippet:-1, max-image-preview:large, max-video-preview:-1\" \/>\n<link rel=\"canonical\" href=\"https:\/\/fimacf.com\/fr\/qui-nous-sommes\/\" \/>\n<meta property=\"og:locale\" content=\"fr_FR\" \/>\n<meta property=\"og:type\" content=\"article\" \/>\n<meta property=\"og:title\" content=\"About - Fima - Carlo Frattini - Taps and Accessories made in Italy\" \/>\n<meta property=\"og:description\" content=\"About - Fima - Carlo Frattini - Taps and Accessories made in Italy\" \/>\n<meta property=\"og:url\" content=\"https:\/\/fimacf.com\/fr\/qui-nous-sommes\/\" \/>\n<meta property=\"og:site_name\" content=\"Fima - Carlo Frattini - Taps and Accessories made in Italy\" \/>\n<meta property=\"article:publisher\" content=\"https:\/\/www.facebook.com\/fimacarlofrattini\/\" \/>\n<meta property=\"article:modified_time\" content=\"2025-02-04T13:58:13+00:00\" \/>\n<script type=\"application\/ld+json\" class=\"yoast-schema-graph\">{\"@context\":\"https:\\\/\\\/schema.org\",\"@graph\":[{\"@type\":\"WebPage\",\"@id\":\"https:\\\/\\\/fimacf.com\\\/fr\\\/qui-nous-sommes\\\/\",\"url\":\"https:\\\/\\\/fimacf.com\\\/fr\\\/qui-nous-sommes\\\/\",\"name\":\"About - Fima - Carlo Frattini - Taps and Accessories made in Italy\",\"isPartOf\":{\"@id\":\"https:\\\/\\\/fimacf.com\\\/fr\\\/#website\"},\"datePublished\":\"2025-01-07T08:10:34+00:00\",\"dateModified\":\"2025-02-04T13:58:13+00:00\",\"description\":\"About - Fima - Carlo Frattini - Taps and Accessories made in Italy\",\"breadcrumb\":{\"@id\":\"https:\\\/\\\/fimacf.com\\\/fr\\\/qui-nous-sommes\\\/#breadcrumb\"},\"inLanguage\":\"fr-FR\",\"potentialAction\":[{\"@type\":\"ReadAction\",\"target\":[\"https:\\\/\\\/fimacf.com\\\/fr\\\/qui-nous-sommes\\\/\"]}]},{\"@type\":\"BreadcrumbList\",\"@id\":\"https:\\\/\\\/fimacf.com\\\/fr\\\/qui-nous-sommes\\\/#breadcrumb\",\"itemListElement\":[{\"@type\":\"ListItem\",\"position\":1,\"name\":\"Home\",\"item\":\"https:\\\/\\\/fimacf.com\\\/fr\\\/\"},{\"@type\":\"ListItem\",\"position\":2,\"name\":\"About\"}]},{\"@type\":\"WebSite\",\"@id\":\"https:\\\/\\\/fimacf.com\\\/fr\\\/#website\",\"url\":\"https:\\\/\\\/fimacf.com\\\/fr\\\/\",\"name\":\"Fima - Carlo Frattini - Taps and Accessories made in Italy\",\"description\":\"\",\"publisher\":{\"@id\":\"https:\\\/\\\/fimacf.com\\\/fr\\\/#organization\"},\"potentialAction\":[{\"@type\":\"SearchAction\",\"target\":{\"@type\":\"EntryPoint\",\"urlTemplate\":\"https:\\\/\\\/fimacf.com\\\/fr\\\/?s={search_term_string}\"},\"query-input\":{\"@type\":\"PropertyValueSpecification\",\"valueRequired\":true,\"valueName\":\"search_term_string\"}}],\"inLanguage\":\"fr-FR\"},{\"@type\":\"Organization\",\"@id\":\"https:\\\/\\\/fimacf.com\\\/fr\\\/#organization\",\"name\":\"FIMA CARLO FRATTINI S.P.A.\",\"url\":\"https:\\\/\\\/fimacf.com\\\/fr\\\/\",\"logo\":{\"@type\":\"ImageObject\",\"inLanguage\":\"fr-FR\",\"@id\":\"https:\\\/\\\/fimacf.com\\\/fr\\\/#\\\/schema\\\/logo\\\/image\\\/\",\"url\":\"https:\\\/\\\/fimacf.com\\\/wp-content\\\/uploads\\\/2024\\\/12\\\/fimacf-yost.png\",\"contentUrl\":\"https:\\\/\\\/fimacf.com\\\/wp-content\\\/uploads\\\/2024\\\/12\\\/fimacf-yost.png\",\"width\":696,\"height\":696,\"caption\":\"FIMA CARLO FRATTINI S.P.A.\"},\"image\":{\"@id\":\"https:\\\/\\\/fimacf.com\\\/fr\\\/#\\\/schema\\\/logo\\\/image\\\/\"},\"sameAs\":[\"https:\\\/\\\/www.facebook.com\\\/fimacarlofrattini\\\/\"]}]}<\/script>\n<!-- \/ Yoast SEO plugin. -->","yoast_head_json":{"title":"About - Fima - Carlo Frattini - Taps and Accessories made in Italy","description":"About - Fima - Carlo Frattini - Taps and Accessories made in Italy","robots":{"index":"index","follow":"follow","max-snippet":"max-snippet:-1","max-image-preview":"max-image-preview:large","max-video-preview":"max-video-preview:-1"},"canonical":"https:\/\/fimacf.com\/fr\/qui-nous-sommes\/","og_locale":"fr_FR","og_type":"article","og_title":"About - Fima - Carlo Frattini - Taps and Accessories made in Italy","og_description":"About - Fima - Carlo Frattini - Taps and Accessories made in Italy","og_url":"https:\/\/fimacf.com\/fr\/qui-nous-sommes\/","og_site_name":"Fima - Carlo Frattini - Taps and Accessories made in Italy","article_publisher":"https:\/\/www.facebook.com\/fimacarlofrattini\/","article_modified_time":"2025-02-04T13:58:13+00:00","schema":{"@context":"https:\/\/schema.org","@graph":[{"@type":"WebPage","@id":"https:\/\/fimacf.com\/fr\/qui-nous-sommes\/","url":"https:\/\/fimacf.com\/fr\/qui-nous-sommes\/","name":"About - Fima - Carlo Frattini - Taps and Accessories made in Italy","isPartOf":{"@id":"https:\/\/fimacf.com\/fr\/#website"},"datePublished":"2025-01-07T08:10:34+00:00","dateModified":"2025-02-04T13:58:13+00:00","description":"About - Fima - Carlo Frattini - Taps and Accessories made in Italy","breadcrumb":{"@id":"https:\/\/fimacf.com\/fr\/qui-nous-sommes\/#breadcrumb"},"inLanguage":"fr-FR","potentialAction":[{"@type":"ReadAction","target":["https:\/\/fimacf.com\/fr\/qui-nous-sommes\/"]}]},{"@type":"BreadcrumbList","@id":"https:\/\/fimacf.com\/fr\/qui-nous-sommes\/#breadcrumb","itemListElement":[{"@type":"ListItem","position":1,"name":"Home","item":"https:\/\/fimacf.com\/fr\/"},{"@type":"ListItem","position":2,"name":"About"}]},{"@type":"WebSite","@id":"https:\/\/fimacf.com\/fr\/#website","url":"https:\/\/fimacf.com\/fr\/","name":"Fima - Carlo Frattini - Taps and Accessories made in Italy","description":"","publisher":{"@id":"https:\/\/fimacf.com\/fr\/#organization"},"potentialAction":[{"@type":"SearchAction","target":{"@type":"EntryPoint","urlTemplate":"https:\/\/fimacf.com\/fr\/?s={search_term_string}"},"query-input":{"@type":"PropertyValueSpecification","valueRequired":true,"valueName":"search_term_string"}}],"inLanguage":"fr-FR"},{"@type":"Organization","@id":"https:\/\/fimacf.com\/fr\/#organization","name":"FIMA CARLO FRATTINI S.P.A.","url":"https:\/\/fimacf.com\/fr\/","logo":{"@type":"ImageObject","inLanguage":"fr-FR","@id":"https:\/\/fimacf.com\/fr\/#\/schema\/logo\/image\/","url":"https:\/\/fimacf.com\/wp-content\/uploads\/2024\/12\/fimacf-yost.png","contentUrl":"https:\/\/fimacf.com\/wp-content\/uploads\/2024\/12\/fimacf-yost.png","width":696,"height":696,"caption":"FIMA CARLO FRATTINI S.P.A."},"image":{"@id":"https:\/\/fimacf.com\/fr\/#\/schema\/logo\/image\/"},"sameAs":["https:\/\/www.facebook.com\/fimacarlofrattini\/"]}]}},"_links":{"self":[{"href":"https:\/\/fimacf.com\/fr\/wp-json\/wp\/v2\/pages\/20532","targetHints":{"allow":["GET"]}}],"collection":[{"href":"https:\/\/fimacf.com\/fr\/wp-json\/wp\/v2\/pages"}],"about":[{"href":"https:\/\/fimacf.com\/fr\/wp-json\/wp\/v2\/types\/page"}],"author":[{"embeddable":true,"href":"https:\/\/fimacf.com\/fr\/wp-json\/wp\/v2\/users\/2"}],"replies":[{"embeddable":true,"href":"https:\/\/fimacf.com\/fr\/wp-json\/wp\/v2\/comments?post=20532"}],"version-history":[{"count":0,"href":"https:\/\/fimacf.com\/fr\/wp-json\/wp\/v2\/pages\/20532\/revisions"}],"wp:attachment":[{"href":"https:\/\/fimacf.com\/fr\/wp-json\/wp\/v2\/media?parent=20532"}],"curies":[{"name":"wp","href":"https:\/\/api.w.org\/{rel}","templated":true}]}}