{"id":14955,"date":"2024-10-28T18:52:33","date_gmt":"2024-10-28T17:52:33","guid":{"rendered":"https:\/\/fima.local\/prodotto\/prodotto\/"},"modified":"2025-06-02T17:39:35","modified_gmt":"2025-06-02T15:39:35","slug":"f5951e-mitigeur-lavabo-encastre-avec-bec-au-plafond","status":"publish","type":"product","link":"https:\/\/fimacf.com\/fr\/produit\/f5951e-mitigeur-lavabo-encastre-avec-bec-au-plafond\/","title":{"rendered":"Mitigeur lavabo encastr\u00e9 avec bec au plafond"},"content":{"rendered":"<p>\u2022 habillage pour corps encastrable<br \/>\n\u2022 bec min 1300 mm<br \/>\n\u2022 bec max 1600 mm<br \/>\n\u2022 bouton on\/off<br \/>\n\u2022 poign\u00e9e r\u00e9glage temp\u00e9rature<br \/>\n\u2022 poign\u00e9e r\u00e9glage d\u00e9bit<br \/>\n\u2022 produit sans vidage<br \/>\n<b>\u2022 corps encastrable \u00e0 commander s\u00e9par\u00e9ment<\/b><\/p>\n","protected":false},"excerpt":{"rendered":"<p>\u2022 habillage pour corps encastrable \u2022 bec min 1300 mm \u2022 bec max 1600 mm \u2022 bouton on\/off \u2022 poign\u00e9e&#8230;<\/p>\n","protected":false},"featured_media":1774,"template":"","meta":{"_acf_changed":false,"inline_featured_image":false,"_lmt_disableupdate":"","_lmt_disable":""},"product_collezione":[148],"icona":[],"product_serie":[112],"product_brand":[],"product_cat":[552,572],"product_tag":[],"class_list":{"0":"post-14955","1":"product","2":"type-product","3":"status-publish","4":"has-post-thumbnail","6":"product_collezione-bagno","7":"product_serie-switch_on","8":"product_cat-mitigeur-lavabo_fr","9":"product_cat-mitigeur-lavabo-au-plafond_fr","11":"first","12":"instock","13":"shipping-taxable","14":"product-type-simple"},"acf":[],"yoast_head":"<!-- This site is optimized with the Yoast SEO plugin v27.3 - https:\/\/yoast.com\/product\/yoast-seo-wordpress\/ -->\n<title>Switch on - F5951E - Mitigeur lavabo encastr\u00e9 avec bec au plafond - Fima - Carlo Frattini - Taps and Accessories made in Italy<\/title>\n<meta name=\"description\" content=\"Switch on - F5951E - Mitigeur lavabo encastr\u00e9 avec bec au plafond - \u2022 habillage pour corps encastrable \u2022 bec min 1300 mm \u2022 bec max 1600 mm \u2022 bouton on\/off \u2022 poign\u00e9e r\u00e9glage temp\u00e9rature \u2022 poign\u00e9e r\u00e9glage d\u00e9bit \u2022 produit - Mitigeur lavabo, Mitigeur lavabo au plafond\" \/>\n<meta name=\"robots\" content=\"index, follow, max-snippet:-1, max-image-preview:large, max-video-preview:-1\" \/>\n<link rel=\"canonical\" href=\"https:\/\/fimacf.com\/fr\/produit\/f5951e-mitigeur-lavabo-encastre-avec-bec-au-plafond\/\" \/>\n<meta property=\"og:locale\" content=\"fr_FR\" \/>\n<meta property=\"og:type\" content=\"article\" \/>\n<meta property=\"og:title\" content=\"Switch on - F5951E - Mitigeur lavabo encastr\u00e9 avec bec au plafond - Fima - Carlo Frattini - Taps and Accessories made in Italy\" \/>\n<meta property=\"og:description\" content=\"Switch on - F5951E - Mitigeur lavabo encastr\u00e9 avec bec au plafond - \u2022 habillage pour corps encastrable \u2022 bec min 1300 mm \u2022 bec max 1600 mm \u2022 bouton on\/off \u2022 poign\u00e9e r\u00e9glage temp\u00e9rature \u2022 poign\u00e9e r\u00e9glage d\u00e9bit \u2022 produit - Mitigeur lavabo, Mitigeur lavabo au plafond\" \/>\n<meta property=\"og:url\" content=\"https:\/\/fimacf.com\/fr\/produit\/f5951e-mitigeur-lavabo-encastre-avec-bec-au-plafond\/\" \/>\n<meta property=\"og:site_name\" content=\"Fima - Carlo Frattini - Taps and Accessories made in Italy\" \/>\n<meta property=\"article:publisher\" content=\"https:\/\/www.facebook.com\/fimacarlofrattini\/\" \/>\n<meta property=\"article:modified_time\" content=\"2025-06-02T15:39:35+00:00\" \/>\n<meta property=\"og:image\" content=\"https:\/\/fimacf.com\/wp-content\/uploads\/2024\/10\/23404_9a9a0b54a08b277.jpg\" \/>\n\t<meta property=\"og:image:width\" content=\"700\" \/>\n\t<meta property=\"og:image:height\" content=\"700\" \/>\n\t<meta property=\"og:image:type\" content=\"image\/jpeg\" \/>\n<script type=\"application\/ld+json\" class=\"yoast-schema-graph\">{\"@context\":\"https:\\\/\\\/schema.org\",\"@graph\":[{\"@type\":\"WebPage\",\"@id\":\"https:\\\/\\\/fimacf.com\\\/fr\\\/produit\\\/f5951e-mitigeur-lavabo-encastre-avec-bec-au-plafond\\\/\",\"url\":\"https:\\\/\\\/fimacf.com\\\/fr\\\/produit\\\/f5951e-mitigeur-lavabo-encastre-avec-bec-au-plafond\\\/\",\"name\":\"Switch on - F5951E - Mitigeur lavabo encastr\u00e9 avec bec au plafond - Fima - Carlo Frattini - Taps and Accessories made in Italy\",\"isPartOf\":{\"@id\":\"https:\\\/\\\/fimacf.com\\\/fr\\\/#website\"},\"primaryImageOfPage\":{\"@id\":\"https:\\\/\\\/fimacf.com\\\/fr\\\/produit\\\/f5951e-mitigeur-lavabo-encastre-avec-bec-au-plafond\\\/#primaryimage\"},\"image\":{\"@id\":\"https:\\\/\\\/fimacf.com\\\/fr\\\/produit\\\/f5951e-mitigeur-lavabo-encastre-avec-bec-au-plafond\\\/#primaryimage\"},\"thumbnailUrl\":\"https:\\\/\\\/fimacf.com\\\/wp-content\\\/uploads\\\/2024\\\/10\\\/23404_9a9a0b54a08b277.jpg\",\"datePublished\":\"2024-10-28T17:52:33+00:00\",\"dateModified\":\"2025-06-02T15:39:35+00:00\",\"description\":\"Switch on - F5951E - Mitigeur lavabo encastr\u00e9 avec bec au plafond - \u2022 habillage pour corps encastrable \u2022 bec min 1300 mm \u2022 bec max 1600 mm \u2022 bouton on\\\/off \u2022 poign\u00e9e r\u00e9glage temp\u00e9rature \u2022 poign\u00e9e r\u00e9glage d\u00e9bit \u2022 produit - Mitigeur lavabo, Mitigeur lavabo au plafond\",\"breadcrumb\":{\"@id\":\"https:\\\/\\\/fimacf.com\\\/fr\\\/produit\\\/f5951e-mitigeur-lavabo-encastre-avec-bec-au-plafond\\\/#breadcrumb\"},\"inLanguage\":\"fr-FR\",\"potentialAction\":[{\"@type\":\"ReadAction\",\"target\":[\"https:\\\/\\\/fimacf.com\\\/fr\\\/produit\\\/f5951e-mitigeur-lavabo-encastre-avec-bec-au-plafond\\\/\"]}]},{\"@type\":\"ImageObject\",\"inLanguage\":\"fr-FR\",\"@id\":\"https:\\\/\\\/fimacf.com\\\/fr\\\/produit\\\/f5951e-mitigeur-lavabo-encastre-avec-bec-au-plafond\\\/#primaryimage\",\"url\":\"https:\\\/\\\/fimacf.com\\\/wp-content\\\/uploads\\\/2024\\\/10\\\/23404_9a9a0b54a08b277.jpg\",\"contentUrl\":\"https:\\\/\\\/fimacf.com\\\/wp-content\\\/uploads\\\/2024\\\/10\\\/23404_9a9a0b54a08b277.jpg\",\"width\":700,\"height\":700},{\"@type\":\"BreadcrumbList\",\"@id\":\"https:\\\/\\\/fimacf.com\\\/fr\\\/produit\\\/f5951e-mitigeur-lavabo-encastre-avec-bec-au-plafond\\\/#breadcrumb\",\"itemListElement\":[{\"@type\":\"ListItem\",\"position\":1,\"name\":\"Home\",\"item\":\"https:\\\/\\\/fimacf.com\\\/fr\\\/\"},{\"@type\":\"ListItem\",\"position\":2,\"name\":\"Boutique\",\"item\":\"https:\\\/\\\/fimacf.com\\\/negozio\\\/\"},{\"@type\":\"ListItem\",\"position\":3,\"name\":\"Mitigeur lavabo encastr\u00e9 avec bec au plafond\"}]},{\"@type\":\"WebSite\",\"@id\":\"https:\\\/\\\/fimacf.com\\\/fr\\\/#website\",\"url\":\"https:\\\/\\\/fimacf.com\\\/fr\\\/\",\"name\":\"Fima - Carlo Frattini - Taps and Accessories made in Italy\",\"description\":\"\",\"publisher\":{\"@id\":\"https:\\\/\\\/fimacf.com\\\/fr\\\/#organization\"},\"potentialAction\":[{\"@type\":\"SearchAction\",\"target\":{\"@type\":\"EntryPoint\",\"urlTemplate\":\"https:\\\/\\\/fimacf.com\\\/fr\\\/?s={search_term_string}\"},\"query-input\":{\"@type\":\"PropertyValueSpecification\",\"valueRequired\":true,\"valueName\":\"search_term_string\"}}],\"inLanguage\":\"fr-FR\"},{\"@type\":\"Organization\",\"@id\":\"https:\\\/\\\/fimacf.com\\\/fr\\\/#organization\",\"name\":\"FIMA CARLO FRATTINI S.P.A.\",\"url\":\"https:\\\/\\\/fimacf.com\\\/fr\\\/\",\"logo\":{\"@type\":\"ImageObject\",\"inLanguage\":\"fr-FR\",\"@id\":\"https:\\\/\\\/fimacf.com\\\/fr\\\/#\\\/schema\\\/logo\\\/image\\\/\",\"url\":\"https:\\\/\\\/fimacf.com\\\/wp-content\\\/uploads\\\/2024\\\/12\\\/fimacf-yost.png\",\"contentUrl\":\"https:\\\/\\\/fimacf.com\\\/wp-content\\\/uploads\\\/2024\\\/12\\\/fimacf-yost.png\",\"width\":696,\"height\":696,\"caption\":\"FIMA CARLO FRATTINI S.P.A.\"},\"image\":{\"@id\":\"https:\\\/\\\/fimacf.com\\\/fr\\\/#\\\/schema\\\/logo\\\/image\\\/\"},\"sameAs\":[\"https:\\\/\\\/www.facebook.com\\\/fimacarlofrattini\\\/\"]}]}<\/script>\n<!-- \/ Yoast SEO plugin. -->","yoast_head_json":{"title":"Switch on - F5951E - Mitigeur lavabo encastr\u00e9 avec bec au plafond - Fima - Carlo Frattini - Taps and Accessories made in Italy","description":"Switch on - F5951E - Mitigeur lavabo encastr\u00e9 avec bec au plafond - \u2022 habillage pour corps encastrable \u2022 bec min 1300 mm \u2022 bec max 1600 mm \u2022 bouton on\/off \u2022 poign\u00e9e r\u00e9glage temp\u00e9rature \u2022 poign\u00e9e r\u00e9glage d\u00e9bit \u2022 produit - Mitigeur lavabo, Mitigeur lavabo au plafond","robots":{"index":"index","follow":"follow","max-snippet":"max-snippet:-1","max-image-preview":"max-image-preview:large","max-video-preview":"max-video-preview:-1"},"canonical":"https:\/\/fimacf.com\/fr\/produit\/f5951e-mitigeur-lavabo-encastre-avec-bec-au-plafond\/","og_locale":"fr_FR","og_type":"article","og_title":"Switch on - F5951E - Mitigeur lavabo encastr\u00e9 avec bec au plafond - Fima - Carlo Frattini - Taps and Accessories made in Italy","og_description":"Switch on - F5951E - Mitigeur lavabo encastr\u00e9 avec bec au plafond - \u2022 habillage pour corps encastrable \u2022 bec min 1300 mm \u2022 bec max 1600 mm \u2022 bouton on\/off \u2022 poign\u00e9e r\u00e9glage temp\u00e9rature \u2022 poign\u00e9e r\u00e9glage d\u00e9bit \u2022 produit - Mitigeur lavabo, Mitigeur lavabo au plafond","og_url":"https:\/\/fimacf.com\/fr\/produit\/f5951e-mitigeur-lavabo-encastre-avec-bec-au-plafond\/","og_site_name":"Fima - Carlo Frattini - Taps and Accessories made in Italy","article_publisher":"https:\/\/www.facebook.com\/fimacarlofrattini\/","article_modified_time":"2025-06-02T15:39:35+00:00","og_image":[{"width":700,"height":700,"url":"https:\/\/fimacf.com\/wp-content\/uploads\/2024\/10\/23404_9a9a0b54a08b277.jpg","type":"image\/jpeg"}],"schema":{"@context":"https:\/\/schema.org","@graph":[{"@type":"WebPage","@id":"https:\/\/fimacf.com\/fr\/produit\/f5951e-mitigeur-lavabo-encastre-avec-bec-au-plafond\/","url":"https:\/\/fimacf.com\/fr\/produit\/f5951e-mitigeur-lavabo-encastre-avec-bec-au-plafond\/","name":"Switch on - F5951E - Mitigeur lavabo encastr\u00e9 avec bec au plafond - Fima - Carlo Frattini - Taps and Accessories made in Italy","isPartOf":{"@id":"https:\/\/fimacf.com\/fr\/#website"},"primaryImageOfPage":{"@id":"https:\/\/fimacf.com\/fr\/produit\/f5951e-mitigeur-lavabo-encastre-avec-bec-au-plafond\/#primaryimage"},"image":{"@id":"https:\/\/fimacf.com\/fr\/produit\/f5951e-mitigeur-lavabo-encastre-avec-bec-au-plafond\/#primaryimage"},"thumbnailUrl":"https:\/\/fimacf.com\/wp-content\/uploads\/2024\/10\/23404_9a9a0b54a08b277.jpg","datePublished":"2024-10-28T17:52:33+00:00","dateModified":"2025-06-02T15:39:35+00:00","description":"Switch on - F5951E - Mitigeur lavabo encastr\u00e9 avec bec au plafond - \u2022 habillage pour corps encastrable \u2022 bec min 1300 mm \u2022 bec max 1600 mm \u2022 bouton on\/off \u2022 poign\u00e9e r\u00e9glage temp\u00e9rature \u2022 poign\u00e9e r\u00e9glage d\u00e9bit \u2022 produit - Mitigeur lavabo, Mitigeur lavabo au plafond","breadcrumb":{"@id":"https:\/\/fimacf.com\/fr\/produit\/f5951e-mitigeur-lavabo-encastre-avec-bec-au-plafond\/#breadcrumb"},"inLanguage":"fr-FR","potentialAction":[{"@type":"ReadAction","target":["https:\/\/fimacf.com\/fr\/produit\/f5951e-mitigeur-lavabo-encastre-avec-bec-au-plafond\/"]}]},{"@type":"ImageObject","inLanguage":"fr-FR","@id":"https:\/\/fimacf.com\/fr\/produit\/f5951e-mitigeur-lavabo-encastre-avec-bec-au-plafond\/#primaryimage","url":"https:\/\/fimacf.com\/wp-content\/uploads\/2024\/10\/23404_9a9a0b54a08b277.jpg","contentUrl":"https:\/\/fimacf.com\/wp-content\/uploads\/2024\/10\/23404_9a9a0b54a08b277.jpg","width":700,"height":700},{"@type":"BreadcrumbList","@id":"https:\/\/fimacf.com\/fr\/produit\/f5951e-mitigeur-lavabo-encastre-avec-bec-au-plafond\/#breadcrumb","itemListElement":[{"@type":"ListItem","position":1,"name":"Home","item":"https:\/\/fimacf.com\/fr\/"},{"@type":"ListItem","position":2,"name":"Boutique","item":"https:\/\/fimacf.com\/negozio\/"},{"@type":"ListItem","position":3,"name":"Mitigeur lavabo encastr\u00e9 avec bec au plafond"}]},{"@type":"WebSite","@id":"https:\/\/fimacf.com\/fr\/#website","url":"https:\/\/fimacf.com\/fr\/","name":"Fima - Carlo Frattini - Taps and Accessories made in Italy","description":"","publisher":{"@id":"https:\/\/fimacf.com\/fr\/#organization"},"potentialAction":[{"@type":"SearchAction","target":{"@type":"EntryPoint","urlTemplate":"https:\/\/fimacf.com\/fr\/?s={search_term_string}"},"query-input":{"@type":"PropertyValueSpecification","valueRequired":true,"valueName":"search_term_string"}}],"inLanguage":"fr-FR"},{"@type":"Organization","@id":"https:\/\/fimacf.com\/fr\/#organization","name":"FIMA CARLO FRATTINI S.P.A.","url":"https:\/\/fimacf.com\/fr\/","logo":{"@type":"ImageObject","inLanguage":"fr-FR","@id":"https:\/\/fimacf.com\/fr\/#\/schema\/logo\/image\/","url":"https:\/\/fimacf.com\/wp-content\/uploads\/2024\/12\/fimacf-yost.png","contentUrl":"https:\/\/fimacf.com\/wp-content\/uploads\/2024\/12\/fimacf-yost.png","width":696,"height":696,"caption":"FIMA CARLO FRATTINI S.P.A."},"image":{"@id":"https:\/\/fimacf.com\/fr\/#\/schema\/logo\/image\/"},"sameAs":["https:\/\/www.facebook.com\/fimacarlofrattini\/"]}]}},"_links":{"self":[{"href":"https:\/\/fimacf.com\/fr\/wp-json\/wp\/v2\/product\/14955","targetHints":{"allow":["GET"]}}],"collection":[{"href":"https:\/\/fimacf.com\/fr\/wp-json\/wp\/v2\/product"}],"about":[{"href":"https:\/\/fimacf.com\/fr\/wp-json\/wp\/v2\/types\/product"}],"wp:featuredmedia":[{"embeddable":true,"href":"https:\/\/fimacf.com\/fr\/wp-json\/wp\/v2\/media\/1774"}],"wp:attachment":[{"href":"https:\/\/fimacf.com\/fr\/wp-json\/wp\/v2\/media?parent=14955"}],"wp:term":[{"taxonomy":"product_collezione","embeddable":true,"href":"https:\/\/fimacf.com\/fr\/wp-json\/wp\/v2\/product_collezione?post=14955"},{"taxonomy":"icona","embeddable":true,"href":"https:\/\/fimacf.com\/fr\/wp-json\/wp\/v2\/icona?post=14955"},{"taxonomy":"product_serie","embeddable":true,"href":"https:\/\/fimacf.com\/fr\/wp-json\/wp\/v2\/product_serie?post=14955"},{"taxonomy":"product_brand","embeddable":true,"href":"https:\/\/fimacf.com\/fr\/wp-json\/wp\/v2\/product_brand?post=14955"},{"taxonomy":"product_cat","embeddable":true,"href":"https:\/\/fimacf.com\/fr\/wp-json\/wp\/v2\/product_cat?post=14955"},{"taxonomy":"product_tag","embeddable":true,"href":"https:\/\/fimacf.com\/fr\/wp-json\/wp\/v2\/product_tag?post=14955"}],"curies":[{"name":"wp","href":"https:\/\/api.w.org\/{rel}","templated":true}]}}