{"id":14999,"date":"2024-10-28T18:51:58","date_gmt":"2024-10-28T17:51:58","guid":{"rendered":"https:\/\/fima.local\/prodotto\/prodotto\/"},"modified":"2025-10-21T11:04:31","modified_gmt":"2025-10-21T09:04:31","slug":"f5951lx5-180s-mitigeur-lavabo-mural-dexterieur-avec-bouton-on-off","status":"publish","type":"product","link":"https:\/\/fimacf.com\/fr\/produit\/f5951lx5-180s-mitigeur-lavabo-mural-dexterieur-avec-bouton-on-off\/","title":{"rendered":"Mitigeur lavabo mural d&rsquo;ext\u00e9rieur avec bouton on\/off"},"content":{"rendered":"<p>\u2022 habillage pour corps encastrable<br \/>\n\u2022 bec 207 mm<br \/>\n\u2022 bouton on\/off<br \/>\n\u2022 poign\u00e9e r\u00e9glage temp\u00e9rature<br \/>\n\u2022 poign\u00e9e r\u00e9glage d\u00e9bit<br \/>\n\u2022 vidage click clack 1&Prime;1\/4 avec trop plein<br \/>\n<b>\u2022 corps encastrable \u00e0 commander s\u00e9par\u00e9ment<\/b><\/p>\n","protected":false},"excerpt":{"rendered":"<p>\u2022 habillage pour corps encastrable \u2022 bec 207 mm \u2022 bouton on\/off \u2022 poign\u00e9e r\u00e9glage temp\u00e9rature \u2022 poign\u00e9e r\u00e9glage d\u00e9bit&#8230;<\/p>\n","protected":false},"featured_media":1763,"template":"","meta":{"_acf_changed":false,"inline_featured_image":false,"_lmt_disableupdate":"","_lmt_disable":""},"product_collezione":[151],"icona":[279],"product_serie":[158],"product_brand":[],"product_cat":[620,595],"product_tag":[],"class_list":{"0":"post-14999","1":"product","2":"type-product","3":"status-publish","4":"has-post-thumbnail","6":"product_collezione-outdoor_","7":"icona-acciaio_inox","8":"product_serie-switch_on_316","9":"product_cat-mitigeur-lavabo-bidet_fr","10":"product_cat-outdoor_fr","12":"first","13":"instock","14":"shipping-taxable","15":"product-type-simple"},"acf":[],"yoast_head":"<!-- This site is optimized with the Yoast SEO plugin v27.3 - https:\/\/yoast.com\/product\/yoast-seo-wordpress\/ -->\n<title>Switch on 316 - F5951LX5\/180S - Mitigeur lavabo mural d&#039;ext\u00e9rieur avec bouton on\/off - Fima - Carlo Frattini - Taps and Accessories made in Italy<\/title>\n<meta name=\"description\" content=\"Switch on 316 - F5951LX5\/180S - Mitigeur lavabo mural d&#039;ext\u00e9rieur avec bouton on\/off - \u2022 habillage pour corps encastrable \u2022 bec 207 mm \u2022 bouton on\/off \u2022 poign\u00e9e r\u00e9glage temp\u00e9rature \u2022 poign\u00e9e r\u00e9glage d\u00e9bit \u2022 vidage click clack 1&quot;1\/4 avec trop - Mitigeur lavabo\/bidet, Outdoor\" \/>\n<meta name=\"robots\" content=\"index, follow, max-snippet:-1, max-image-preview:large, max-video-preview:-1\" \/>\n<link rel=\"canonical\" href=\"https:\/\/fimacf.com\/fr\/produit\/f5951lx5-180s-mitigeur-lavabo-mural-dexterieur-avec-bouton-on-off\/\" \/>\n<meta property=\"og:locale\" content=\"fr_FR\" \/>\n<meta property=\"og:type\" content=\"article\" \/>\n<meta property=\"og:title\" content=\"Switch on 316 - F5951LX5\/180S - Mitigeur lavabo mural d&#039;ext\u00e9rieur avec bouton on\/off - Fima - Carlo Frattini - Taps and Accessories made in Italy\" \/>\n<meta property=\"og:description\" content=\"Switch on 316 - F5951LX5\/180S - Mitigeur lavabo mural d&#039;ext\u00e9rieur avec bouton on\/off - \u2022 habillage pour corps encastrable \u2022 bec 207 mm \u2022 bouton on\/off \u2022 poign\u00e9e r\u00e9glage temp\u00e9rature \u2022 poign\u00e9e r\u00e9glage d\u00e9bit \u2022 vidage click clack 1&quot;1\/4 avec trop - Mitigeur lavabo\/bidet, Outdoor\" \/>\n<meta property=\"og:url\" content=\"https:\/\/fimacf.com\/fr\/produit\/f5951lx5-180s-mitigeur-lavabo-mural-dexterieur-avec-bouton-on-off\/\" \/>\n<meta property=\"og:site_name\" content=\"Fima - Carlo Frattini - Taps and Accessories made in Italy\" \/>\n<meta property=\"article:publisher\" content=\"https:\/\/www.facebook.com\/fimacarlofrattini\/\" \/>\n<meta property=\"article:modified_time\" content=\"2025-10-21T09:04:31+00:00\" \/>\n<meta property=\"og:image\" content=\"https:\/\/fimacf.com\/wp-content\/uploads\/2024\/10\/23406_d29755de0535a2c.jpg\" \/>\n\t<meta property=\"og:image:width\" content=\"800\" \/>\n\t<meta property=\"og:image:height\" content=\"800\" \/>\n\t<meta property=\"og:image:type\" content=\"image\/jpeg\" \/>\n<script type=\"application\/ld+json\" class=\"yoast-schema-graph\">{\"@context\":\"https:\\\/\\\/schema.org\",\"@graph\":[{\"@type\":\"WebPage\",\"@id\":\"https:\\\/\\\/fimacf.com\\\/fr\\\/produit\\\/f5951lx5-180s-mitigeur-lavabo-mural-dexterieur-avec-bouton-on-off\\\/\",\"url\":\"https:\\\/\\\/fimacf.com\\\/fr\\\/produit\\\/f5951lx5-180s-mitigeur-lavabo-mural-dexterieur-avec-bouton-on-off\\\/\",\"name\":\"Switch on 316 - F5951LX5\\\/180S - Mitigeur lavabo mural d'ext\u00e9rieur avec bouton on\\\/off - Fima - Carlo Frattini - Taps and Accessories made in Italy\",\"isPartOf\":{\"@id\":\"https:\\\/\\\/fimacf.com\\\/fr\\\/#website\"},\"primaryImageOfPage\":{\"@id\":\"https:\\\/\\\/fimacf.com\\\/fr\\\/produit\\\/f5951lx5-180s-mitigeur-lavabo-mural-dexterieur-avec-bouton-on-off\\\/#primaryimage\"},\"image\":{\"@id\":\"https:\\\/\\\/fimacf.com\\\/fr\\\/produit\\\/f5951lx5-180s-mitigeur-lavabo-mural-dexterieur-avec-bouton-on-off\\\/#primaryimage\"},\"thumbnailUrl\":\"https:\\\/\\\/fimacf.com\\\/wp-content\\\/uploads\\\/2024\\\/10\\\/23406_d29755de0535a2c.jpg\",\"datePublished\":\"2024-10-28T17:51:58+00:00\",\"dateModified\":\"2025-10-21T09:04:31+00:00\",\"description\":\"Switch on 316 - F5951LX5\\\/180S - Mitigeur lavabo mural d'ext\u00e9rieur avec bouton on\\\/off - \u2022 habillage pour corps encastrable \u2022 bec 207 mm \u2022 bouton on\\\/off \u2022 poign\u00e9e r\u00e9glage temp\u00e9rature \u2022 poign\u00e9e r\u00e9glage d\u00e9bit \u2022 vidage click clack 1\\\"1\\\/4 avec trop - Mitigeur lavabo\\\/bidet, Outdoor\",\"breadcrumb\":{\"@id\":\"https:\\\/\\\/fimacf.com\\\/fr\\\/produit\\\/f5951lx5-180s-mitigeur-lavabo-mural-dexterieur-avec-bouton-on-off\\\/#breadcrumb\"},\"inLanguage\":\"fr-FR\",\"potentialAction\":[{\"@type\":\"ReadAction\",\"target\":[\"https:\\\/\\\/fimacf.com\\\/fr\\\/produit\\\/f5951lx5-180s-mitigeur-lavabo-mural-dexterieur-avec-bouton-on-off\\\/\"]}]},{\"@type\":\"ImageObject\",\"inLanguage\":\"fr-FR\",\"@id\":\"https:\\\/\\\/fimacf.com\\\/fr\\\/produit\\\/f5951lx5-180s-mitigeur-lavabo-mural-dexterieur-avec-bouton-on-off\\\/#primaryimage\",\"url\":\"https:\\\/\\\/fimacf.com\\\/wp-content\\\/uploads\\\/2024\\\/10\\\/23406_d29755de0535a2c.jpg\",\"contentUrl\":\"https:\\\/\\\/fimacf.com\\\/wp-content\\\/uploads\\\/2024\\\/10\\\/23406_d29755de0535a2c.jpg\",\"width\":800,\"height\":800},{\"@type\":\"BreadcrumbList\",\"@id\":\"https:\\\/\\\/fimacf.com\\\/fr\\\/produit\\\/f5951lx5-180s-mitigeur-lavabo-mural-dexterieur-avec-bouton-on-off\\\/#breadcrumb\",\"itemListElement\":[{\"@type\":\"ListItem\",\"position\":1,\"name\":\"Home\",\"item\":\"https:\\\/\\\/fimacf.com\\\/fr\\\/\"},{\"@type\":\"ListItem\",\"position\":2,\"name\":\"Boutique\",\"item\":\"https:\\\/\\\/fimacf.com\\\/negozio\\\/\"},{\"@type\":\"ListItem\",\"position\":3,\"name\":\"Mitigeur lavabo mural d&#8217;ext\u00e9rieur avec bouton on\\\/off\"}]},{\"@type\":\"WebSite\",\"@id\":\"https:\\\/\\\/fimacf.com\\\/fr\\\/#website\",\"url\":\"https:\\\/\\\/fimacf.com\\\/fr\\\/\",\"name\":\"Fima - Carlo Frattini - Taps and Accessories made in Italy\",\"description\":\"\",\"publisher\":{\"@id\":\"https:\\\/\\\/fimacf.com\\\/fr\\\/#organization\"},\"potentialAction\":[{\"@type\":\"SearchAction\",\"target\":{\"@type\":\"EntryPoint\",\"urlTemplate\":\"https:\\\/\\\/fimacf.com\\\/fr\\\/?s={search_term_string}\"},\"query-input\":{\"@type\":\"PropertyValueSpecification\",\"valueRequired\":true,\"valueName\":\"search_term_string\"}}],\"inLanguage\":\"fr-FR\"},{\"@type\":\"Organization\",\"@id\":\"https:\\\/\\\/fimacf.com\\\/fr\\\/#organization\",\"name\":\"FIMA CARLO FRATTINI S.P.A.\",\"url\":\"https:\\\/\\\/fimacf.com\\\/fr\\\/\",\"logo\":{\"@type\":\"ImageObject\",\"inLanguage\":\"fr-FR\",\"@id\":\"https:\\\/\\\/fimacf.com\\\/fr\\\/#\\\/schema\\\/logo\\\/image\\\/\",\"url\":\"https:\\\/\\\/fimacf.com\\\/wp-content\\\/uploads\\\/2024\\\/12\\\/fimacf-yost.png\",\"contentUrl\":\"https:\\\/\\\/fimacf.com\\\/wp-content\\\/uploads\\\/2024\\\/12\\\/fimacf-yost.png\",\"width\":696,\"height\":696,\"caption\":\"FIMA CARLO FRATTINI S.P.A.\"},\"image\":{\"@id\":\"https:\\\/\\\/fimacf.com\\\/fr\\\/#\\\/schema\\\/logo\\\/image\\\/\"},\"sameAs\":[\"https:\\\/\\\/www.facebook.com\\\/fimacarlofrattini\\\/\"]}]}<\/script>\n<!-- \/ Yoast SEO plugin. -->","yoast_head_json":{"title":"Switch on 316 - F5951LX5\/180S - Mitigeur lavabo mural d'ext\u00e9rieur avec bouton on\/off - Fima - Carlo Frattini - Taps and Accessories made in Italy","description":"Switch on 316 - F5951LX5\/180S - Mitigeur lavabo mural d'ext\u00e9rieur avec bouton on\/off - \u2022 habillage pour corps encastrable \u2022 bec 207 mm \u2022 bouton on\/off \u2022 poign\u00e9e r\u00e9glage temp\u00e9rature \u2022 poign\u00e9e r\u00e9glage d\u00e9bit \u2022 vidage click clack 1\"1\/4 avec trop - Mitigeur lavabo\/bidet, Outdoor","robots":{"index":"index","follow":"follow","max-snippet":"max-snippet:-1","max-image-preview":"max-image-preview:large","max-video-preview":"max-video-preview:-1"},"canonical":"https:\/\/fimacf.com\/fr\/produit\/f5951lx5-180s-mitigeur-lavabo-mural-dexterieur-avec-bouton-on-off\/","og_locale":"fr_FR","og_type":"article","og_title":"Switch on 316 - F5951LX5\/180S - Mitigeur lavabo mural d'ext\u00e9rieur avec bouton on\/off - Fima - Carlo Frattini - Taps and Accessories made in Italy","og_description":"Switch on 316 - F5951LX5\/180S - Mitigeur lavabo mural d'ext\u00e9rieur avec bouton on\/off - \u2022 habillage pour corps encastrable \u2022 bec 207 mm \u2022 bouton on\/off \u2022 poign\u00e9e r\u00e9glage temp\u00e9rature \u2022 poign\u00e9e r\u00e9glage d\u00e9bit \u2022 vidage click clack 1\"1\/4 avec trop - Mitigeur lavabo\/bidet, Outdoor","og_url":"https:\/\/fimacf.com\/fr\/produit\/f5951lx5-180s-mitigeur-lavabo-mural-dexterieur-avec-bouton-on-off\/","og_site_name":"Fima - Carlo Frattini - Taps and Accessories made in Italy","article_publisher":"https:\/\/www.facebook.com\/fimacarlofrattini\/","article_modified_time":"2025-10-21T09:04:31+00:00","og_image":[{"width":800,"height":800,"url":"https:\/\/fimacf.com\/wp-content\/uploads\/2024\/10\/23406_d29755de0535a2c.jpg","type":"image\/jpeg"}],"schema":{"@context":"https:\/\/schema.org","@graph":[{"@type":"WebPage","@id":"https:\/\/fimacf.com\/fr\/produit\/f5951lx5-180s-mitigeur-lavabo-mural-dexterieur-avec-bouton-on-off\/","url":"https:\/\/fimacf.com\/fr\/produit\/f5951lx5-180s-mitigeur-lavabo-mural-dexterieur-avec-bouton-on-off\/","name":"Switch on 316 - F5951LX5\/180S - Mitigeur lavabo mural d'ext\u00e9rieur avec bouton on\/off - Fima - Carlo Frattini - Taps and Accessories made in Italy","isPartOf":{"@id":"https:\/\/fimacf.com\/fr\/#website"},"primaryImageOfPage":{"@id":"https:\/\/fimacf.com\/fr\/produit\/f5951lx5-180s-mitigeur-lavabo-mural-dexterieur-avec-bouton-on-off\/#primaryimage"},"image":{"@id":"https:\/\/fimacf.com\/fr\/produit\/f5951lx5-180s-mitigeur-lavabo-mural-dexterieur-avec-bouton-on-off\/#primaryimage"},"thumbnailUrl":"https:\/\/fimacf.com\/wp-content\/uploads\/2024\/10\/23406_d29755de0535a2c.jpg","datePublished":"2024-10-28T17:51:58+00:00","dateModified":"2025-10-21T09:04:31+00:00","description":"Switch on 316 - F5951LX5\/180S - Mitigeur lavabo mural d'ext\u00e9rieur avec bouton on\/off - \u2022 habillage pour corps encastrable \u2022 bec 207 mm \u2022 bouton on\/off \u2022 poign\u00e9e r\u00e9glage temp\u00e9rature \u2022 poign\u00e9e r\u00e9glage d\u00e9bit \u2022 vidage click clack 1\"1\/4 avec trop - Mitigeur lavabo\/bidet, Outdoor","breadcrumb":{"@id":"https:\/\/fimacf.com\/fr\/produit\/f5951lx5-180s-mitigeur-lavabo-mural-dexterieur-avec-bouton-on-off\/#breadcrumb"},"inLanguage":"fr-FR","potentialAction":[{"@type":"ReadAction","target":["https:\/\/fimacf.com\/fr\/produit\/f5951lx5-180s-mitigeur-lavabo-mural-dexterieur-avec-bouton-on-off\/"]}]},{"@type":"ImageObject","inLanguage":"fr-FR","@id":"https:\/\/fimacf.com\/fr\/produit\/f5951lx5-180s-mitigeur-lavabo-mural-dexterieur-avec-bouton-on-off\/#primaryimage","url":"https:\/\/fimacf.com\/wp-content\/uploads\/2024\/10\/23406_d29755de0535a2c.jpg","contentUrl":"https:\/\/fimacf.com\/wp-content\/uploads\/2024\/10\/23406_d29755de0535a2c.jpg","width":800,"height":800},{"@type":"BreadcrumbList","@id":"https:\/\/fimacf.com\/fr\/produit\/f5951lx5-180s-mitigeur-lavabo-mural-dexterieur-avec-bouton-on-off\/#breadcrumb","itemListElement":[{"@type":"ListItem","position":1,"name":"Home","item":"https:\/\/fimacf.com\/fr\/"},{"@type":"ListItem","position":2,"name":"Boutique","item":"https:\/\/fimacf.com\/negozio\/"},{"@type":"ListItem","position":3,"name":"Mitigeur lavabo mural d&#8217;ext\u00e9rieur avec bouton on\/off"}]},{"@type":"WebSite","@id":"https:\/\/fimacf.com\/fr\/#website","url":"https:\/\/fimacf.com\/fr\/","name":"Fima - Carlo Frattini - Taps and Accessories made in Italy","description":"","publisher":{"@id":"https:\/\/fimacf.com\/fr\/#organization"},"potentialAction":[{"@type":"SearchAction","target":{"@type":"EntryPoint","urlTemplate":"https:\/\/fimacf.com\/fr\/?s={search_term_string}"},"query-input":{"@type":"PropertyValueSpecification","valueRequired":true,"valueName":"search_term_string"}}],"inLanguage":"fr-FR"},{"@type":"Organization","@id":"https:\/\/fimacf.com\/fr\/#organization","name":"FIMA CARLO FRATTINI S.P.A.","url":"https:\/\/fimacf.com\/fr\/","logo":{"@type":"ImageObject","inLanguage":"fr-FR","@id":"https:\/\/fimacf.com\/fr\/#\/schema\/logo\/image\/","url":"https:\/\/fimacf.com\/wp-content\/uploads\/2024\/12\/fimacf-yost.png","contentUrl":"https:\/\/fimacf.com\/wp-content\/uploads\/2024\/12\/fimacf-yost.png","width":696,"height":696,"caption":"FIMA CARLO FRATTINI S.P.A."},"image":{"@id":"https:\/\/fimacf.com\/fr\/#\/schema\/logo\/image\/"},"sameAs":["https:\/\/www.facebook.com\/fimacarlofrattini\/"]}]}},"_links":{"self":[{"href":"https:\/\/fimacf.com\/fr\/wp-json\/wp\/v2\/product\/14999","targetHints":{"allow":["GET"]}}],"collection":[{"href":"https:\/\/fimacf.com\/fr\/wp-json\/wp\/v2\/product"}],"about":[{"href":"https:\/\/fimacf.com\/fr\/wp-json\/wp\/v2\/types\/product"}],"wp:featuredmedia":[{"embeddable":true,"href":"https:\/\/fimacf.com\/fr\/wp-json\/wp\/v2\/media\/1763"}],"wp:attachment":[{"href":"https:\/\/fimacf.com\/fr\/wp-json\/wp\/v2\/media?parent=14999"}],"wp:term":[{"taxonomy":"product_collezione","embeddable":true,"href":"https:\/\/fimacf.com\/fr\/wp-json\/wp\/v2\/product_collezione?post=14999"},{"taxonomy":"icona","embeddable":true,"href":"https:\/\/fimacf.com\/fr\/wp-json\/wp\/v2\/icona?post=14999"},{"taxonomy":"product_serie","embeddable":true,"href":"https:\/\/fimacf.com\/fr\/wp-json\/wp\/v2\/product_serie?post=14999"},{"taxonomy":"product_brand","embeddable":true,"href":"https:\/\/fimacf.com\/fr\/wp-json\/wp\/v2\/product_brand?post=14999"},{"taxonomy":"product_cat","embeddable":true,"href":"https:\/\/fimacf.com\/fr\/wp-json\/wp\/v2\/product_cat?post=14999"},{"taxonomy":"product_tag","embeddable":true,"href":"https:\/\/fimacf.com\/fr\/wp-json\/wp\/v2\/product_tag?post=14999"}],"curies":[{"name":"wp","href":"https:\/\/api.w.org\/{rel}","templated":true}]}}